{"id":1432,"date":"2015-12-17T13:27:04","date_gmt":"2015-12-17T12:27:04","guid":{"rendered":"https:\/\/www.loliferrer.com\/en\/producto\/vinagre-organic-de-pedro-ximenez\/"},"modified":"2019-10-29T12:14:40","modified_gmt":"2019-10-29T11:14:40","slug":"vinagre-organico-de-pedro-ximenez","status":"publish","type":"product","link":"https:\/\/www.loliferrer.com\/en\/producto\/vinagre-organico-de-pedro-ximenez\/","title":{"rendered":"Gift box Pedro Xim\u00e9nez Balsamic Organic Vinegar"},"content":{"rendered":"<div class=\"container section-title-container\" ><h3 class=\"section-title section-title-normal\"><b><\/b><span class=\"section-title-main\" >Gift Box PEDRO XIM\u00c9NEZ Organic Balsamic Vinegar L'OLI FERRER<\/span><b><\/b><\/h3><\/div>\n<p>The quality of our organic vinegar is achieved by the inclusion of 100% organic Pedro Xim\u00e9nez grapes. The grapes are dried naturally in the sun and are produced without using synthetic chemicals.<\/p>\n<p>The wine is aged through the method of \u201ccriaderas y soleras\u201d, obtaining a balsamic vinegar without added sugars, high organoleptic expression and harmony between natural sweetness and acidity.\u00a0Acidity 5\u00ba<\/p>\n<div class=\"container section-title-container\" ><h3 class=\"section-title section-title-center\"><b><\/b><span class=\"section-title-main\" >Tasting Notes<\/span><b><\/b><\/h3><\/div>\n<p>Organic Balsamic Vinegar Pedro Ximenez the color is dark mahogany color, fruity, with a hint of sweetness and aromas of PX raisins, caramel and honey, and notes as aged in American oak. It gives a balanced sweetness of the grapes with freshness and acidity.<\/p>\n<div class=\"container section-title-container\" ><h3 class=\"section-title section-title-center\"><b><\/b><span class=\"section-title-main\" >Pairing Notes<\/span><b><\/b><\/h3><\/div>\n<p>The L&#8217;Oli Ferrer vinegars are recommended to be used in raw, cold soups, salads, marinated dishes, desserts with red fruits, and in the preparation of dishes as marinades, game dishes, red meat, and vinegar reduction to prepare dishes and foie gras.<\/p>\n<p>&nbsp;<\/p>\n<p>Available in Gift box with interior of foam, measures 15x20x5.5 cm and the glass bottles with formats of 100 ml and 200 ml.<\/p>\n<p>&nbsp;<\/p>\n","protected":false},"excerpt":{"rendered":"<p>Vinagre org\u00e0nic de Pedro Xim\u00e8nez<\/p>\n","protected":false},"featured_media":1280,"comment_status":"closed","ping_status":"closed","template":"","meta":[],"product_brand":[],"product_cat":[136],"product_tag":[],"class_list":{"0":"post-1432","1":"product","2":"type-product","3":"status-publish","4":"has-post-thumbnail","6":"product_cat-gourmet-food-gifts","8":"first","9":"instock","10":"taxable","11":"shipping-taxable","12":"purchasable","13":"product-type-simple"},"yoast_head":"<!-- This site is optimized with the Yoast SEO plugin v27.5 - https:\/\/yoast.com\/product\/yoast-seo-wordpress\/ -->\n<title>Pack Regalo de Vinagra Bals\u00e1mico Gourmet<\/title>\n<meta name=\"description\" content=\"Comprar pack de regalo de vinagre bals\u00e1mico gourmet. Un producto con caja de dise\u00f1o para regalar en empresas u ocasiones especiales como Navidad.\" \/>\n<meta name=\"robots\" content=\"index, follow, max-snippet:-1, max-image-preview:large, max-video-preview:-1\" \/>\n<link rel=\"canonical\" href=\"https:\/\/www.loliferrer.com\/en\/producto\/vinagre-organico-de-pedro-ximenez\/\" \/>\n<meta property=\"og:locale\" content=\"en_US\" \/>\n<meta property=\"og:type\" content=\"article\" \/>\n<meta property=\"og:title\" content=\"Pack Regalo de Vinagra Bals\u00e1mico Gourmet\" \/>\n<meta property=\"og:description\" content=\"Comprar pack de regalo de vinagre bals\u00e1mico gourmet. Un producto con caja de dise\u00f1o para regalar en empresas u ocasiones especiales como Navidad.\" \/>\n<meta property=\"og:url\" content=\"https:\/\/www.loliferrer.com\/en\/producto\/vinagre-organico-de-pedro-ximenez\/\" \/>\n<meta property=\"og:site_name\" content=\"L&#039;Oli Ferrer\" \/>\n<meta property=\"article:modified_time\" content=\"2019-10-29T11:14:40+00:00\" \/>\n<meta property=\"og:image\" content=\"https:\/\/www.loliferrer.com\/wp-content\/uploads\/packsregalotienda_ok3.jpg\" \/>\n\t<meta property=\"og:image:width\" content=\"2280\" \/>\n\t<meta property=\"og:image:height\" content=\"3425\" \/>\n\t<meta property=\"og:image:type\" content=\"image\/jpeg\" \/>\n<meta name=\"twitter:card\" content=\"summary_large_image\" \/>\n<meta name=\"twitter:label1\" content=\"Est. reading time\" \/>\n\t<meta name=\"twitter:data1\" content=\"1 minute\" \/>\n<script type=\"application\/ld+json\" class=\"yoast-schema-graph\">{\"@context\":\"https:\\\/\\\/schema.org\",\"@graph\":[{\"@type\":\"WebPage\",\"@id\":\"https:\\\/\\\/www.loliferrer.com\\\/en\\\/producto\\\/vinagre-organico-de-pedro-ximenez\\\/\",\"url\":\"https:\\\/\\\/www.loliferrer.com\\\/en\\\/producto\\\/vinagre-organico-de-pedro-ximenez\\\/\",\"name\":\"Pack Regalo de Vinagra Bals\u00e1mico Gourmet\",\"isPartOf\":{\"@id\":\"https:\\\/\\\/www.loliferrer.com\\\/en\\\/#website\"},\"primaryImageOfPage\":{\"@id\":\"https:\\\/\\\/www.loliferrer.com\\\/en\\\/producto\\\/vinagre-organico-de-pedro-ximenez\\\/#primaryimage\"},\"image\":{\"@id\":\"https:\\\/\\\/www.loliferrer.com\\\/en\\\/producto\\\/vinagre-organico-de-pedro-ximenez\\\/#primaryimage\"},\"thumbnailUrl\":\"https:\\\/\\\/www.loliferrer.com\\\/wp-content\\\/uploads\\\/packsregalotienda_ok3.jpg\",\"datePublished\":\"2015-12-17T12:27:04+00:00\",\"dateModified\":\"2019-10-29T11:14:40+00:00\",\"description\":\"Comprar pack de regalo de vinagre bals\u00e1mico gourmet. Un producto con caja de dise\u00f1o para regalar en empresas u ocasiones especiales como Navidad.\",\"breadcrumb\":{\"@id\":\"https:\\\/\\\/www.loliferrer.com\\\/en\\\/producto\\\/vinagre-organico-de-pedro-ximenez\\\/#breadcrumb\"},\"inLanguage\":\"en-US\",\"potentialAction\":[{\"@type\":\"ReadAction\",\"target\":[\"https:\\\/\\\/www.loliferrer.com\\\/en\\\/producto\\\/vinagre-organico-de-pedro-ximenez\\\/\"]}]},{\"@type\":\"ImageObject\",\"inLanguage\":\"en-US\",\"@id\":\"https:\\\/\\\/www.loliferrer.com\\\/en\\\/producto\\\/vinagre-organico-de-pedro-ximenez\\\/#primaryimage\",\"url\":\"https:\\\/\\\/www.loliferrer.com\\\/wp-content\\\/uploads\\\/packsregalotienda_ok3.jpg\",\"contentUrl\":\"https:\\\/\\\/www.loliferrer.com\\\/wp-content\\\/uploads\\\/packsregalotienda_ok3.jpg\",\"width\":2280,\"height\":3425},{\"@type\":\"BreadcrumbList\",\"@id\":\"https:\\\/\\\/www.loliferrer.com\\\/en\\\/producto\\\/vinagre-organico-de-pedro-ximenez\\\/#breadcrumb\",\"itemListElement\":[{\"@type\":\"ListItem\",\"position\":1,\"name\":\"Portada\",\"item\":\"https:\\\/\\\/www.loliferrer.com\\\/en\\\/\"},{\"@type\":\"ListItem\",\"position\":2,\"name\":\"Gourmet products\",\"item\":\"https:\\\/\\\/www.loliferrer.com\\\/en\\\/gourmet-products\\\/\"},{\"@type\":\"ListItem\",\"position\":3,\"name\":\"Gift box Pedro Xim\u00e9nez Balsamic Organic Vinegar\"}]},{\"@type\":\"WebSite\",\"@id\":\"https:\\\/\\\/www.loliferrer.com\\\/en\\\/#website\",\"url\":\"https:\\\/\\\/www.loliferrer.com\\\/en\\\/\",\"name\":\"L'Oli Ferrer\",\"description\":\"Tienda Online de Productos Gourmet\",\"publisher\":{\"@id\":\"https:\\\/\\\/www.loliferrer.com\\\/en\\\/#organization\"},\"potentialAction\":[{\"@type\":\"SearchAction\",\"target\":{\"@type\":\"EntryPoint\",\"urlTemplate\":\"https:\\\/\\\/www.loliferrer.com\\\/en\\\/?s={search_term_string}\"},\"query-input\":{\"@type\":\"PropertyValueSpecification\",\"valueRequired\":true,\"valueName\":\"search_term_string\"}}],\"inLanguage\":\"en-US\"},{\"@type\":\"Organization\",\"@id\":\"https:\\\/\\\/www.loliferrer.com\\\/en\\\/#organization\",\"name\":\"L'oli Ferrer\",\"url\":\"https:\\\/\\\/www.loliferrer.com\\\/en\\\/\",\"logo\":{\"@type\":\"ImageObject\",\"inLanguage\":\"en-US\",\"@id\":\"https:\\\/\\\/www.loliferrer.com\\\/en\\\/#\\\/schema\\\/logo\\\/image\\\/\",\"url\":\"https:\\\/\\\/www.loliferrer.com\\\/wp-content\\\/uploads\\\/logo-catavins-loliferrer-2018.png\",\"contentUrl\":\"https:\\\/\\\/www.loliferrer.com\\\/wp-content\\\/uploads\\\/logo-catavins-loliferrer-2018.png\",\"width\":302,\"height\":123,\"caption\":\"L'oli Ferrer\"},\"image\":{\"@id\":\"https:\\\/\\\/www.loliferrer.com\\\/en\\\/#\\\/schema\\\/logo\\\/image\\\/\"}}]}<\/script>\n<!-- \/ Yoast SEO plugin. -->","yoast_head_json":{"title":"Pack Regalo de Vinagra Bals\u00e1mico Gourmet","description":"Comprar pack de regalo de vinagre bals\u00e1mico gourmet. Un producto con caja de dise\u00f1o para regalar en empresas u ocasiones especiales como Navidad.","robots":{"index":"index","follow":"follow","max-snippet":"max-snippet:-1","max-image-preview":"max-image-preview:large","max-video-preview":"max-video-preview:-1"},"canonical":"https:\/\/www.loliferrer.com\/en\/producto\/vinagre-organico-de-pedro-ximenez\/","og_locale":"en_US","og_type":"article","og_title":"Pack Regalo de Vinagra Bals\u00e1mico Gourmet","og_description":"Comprar pack de regalo de vinagre bals\u00e1mico gourmet. Un producto con caja de dise\u00f1o para regalar en empresas u ocasiones especiales como Navidad.","og_url":"https:\/\/www.loliferrer.com\/en\/producto\/vinagre-organico-de-pedro-ximenez\/","og_site_name":"L'Oli Ferrer","article_modified_time":"2019-10-29T11:14:40+00:00","og_image":[{"width":2280,"height":3425,"url":"https:\/\/www.loliferrer.com\/wp-content\/uploads\/packsregalotienda_ok3.jpg","type":"image\/jpeg"}],"twitter_card":"summary_large_image","twitter_misc":{"Est. reading time":"1 minute"},"schema":{"@context":"https:\/\/schema.org","@graph":[{"@type":"WebPage","@id":"https:\/\/www.loliferrer.com\/en\/producto\/vinagre-organico-de-pedro-ximenez\/","url":"https:\/\/www.loliferrer.com\/en\/producto\/vinagre-organico-de-pedro-ximenez\/","name":"Pack Regalo de Vinagra Bals\u00e1mico Gourmet","isPartOf":{"@id":"https:\/\/www.loliferrer.com\/en\/#website"},"primaryImageOfPage":{"@id":"https:\/\/www.loliferrer.com\/en\/producto\/vinagre-organico-de-pedro-ximenez\/#primaryimage"},"image":{"@id":"https:\/\/www.loliferrer.com\/en\/producto\/vinagre-organico-de-pedro-ximenez\/#primaryimage"},"thumbnailUrl":"https:\/\/www.loliferrer.com\/wp-content\/uploads\/packsregalotienda_ok3.jpg","datePublished":"2015-12-17T12:27:04+00:00","dateModified":"2019-10-29T11:14:40+00:00","description":"Comprar pack de regalo de vinagre bals\u00e1mico gourmet. Un producto con caja de dise\u00f1o para regalar en empresas u ocasiones especiales como Navidad.","breadcrumb":{"@id":"https:\/\/www.loliferrer.com\/en\/producto\/vinagre-organico-de-pedro-ximenez\/#breadcrumb"},"inLanguage":"en-US","potentialAction":[{"@type":"ReadAction","target":["https:\/\/www.loliferrer.com\/en\/producto\/vinagre-organico-de-pedro-ximenez\/"]}]},{"@type":"ImageObject","inLanguage":"en-US","@id":"https:\/\/www.loliferrer.com\/en\/producto\/vinagre-organico-de-pedro-ximenez\/#primaryimage","url":"https:\/\/www.loliferrer.com\/wp-content\/uploads\/packsregalotienda_ok3.jpg","contentUrl":"https:\/\/www.loliferrer.com\/wp-content\/uploads\/packsregalotienda_ok3.jpg","width":2280,"height":3425},{"@type":"BreadcrumbList","@id":"https:\/\/www.loliferrer.com\/en\/producto\/vinagre-organico-de-pedro-ximenez\/#breadcrumb","itemListElement":[{"@type":"ListItem","position":1,"name":"Portada","item":"https:\/\/www.loliferrer.com\/en\/"},{"@type":"ListItem","position":2,"name":"Gourmet products","item":"https:\/\/www.loliferrer.com\/en\/gourmet-products\/"},{"@type":"ListItem","position":3,"name":"Gift box Pedro Xim\u00e9nez Balsamic Organic Vinegar"}]},{"@type":"WebSite","@id":"https:\/\/www.loliferrer.com\/en\/#website","url":"https:\/\/www.loliferrer.com\/en\/","name":"L'Oli Ferrer","description":"Tienda Online de Productos Gourmet","publisher":{"@id":"https:\/\/www.loliferrer.com\/en\/#organization"},"potentialAction":[{"@type":"SearchAction","target":{"@type":"EntryPoint","urlTemplate":"https:\/\/www.loliferrer.com\/en\/?s={search_term_string}"},"query-input":{"@type":"PropertyValueSpecification","valueRequired":true,"valueName":"search_term_string"}}],"inLanguage":"en-US"},{"@type":"Organization","@id":"https:\/\/www.loliferrer.com\/en\/#organization","name":"L'oli Ferrer","url":"https:\/\/www.loliferrer.com\/en\/","logo":{"@type":"ImageObject","inLanguage":"en-US","@id":"https:\/\/www.loliferrer.com\/en\/#\/schema\/logo\/image\/","url":"https:\/\/www.loliferrer.com\/wp-content\/uploads\/logo-catavins-loliferrer-2018.png","contentUrl":"https:\/\/www.loliferrer.com\/wp-content\/uploads\/logo-catavins-loliferrer-2018.png","width":302,"height":123,"caption":"L'oli Ferrer"},"image":{"@id":"https:\/\/www.loliferrer.com\/en\/#\/schema\/logo\/image\/"}}]}},"_links":{"self":[{"href":"https:\/\/www.loliferrer.com\/en\/wp-json\/wp\/v2\/product\/1432","targetHints":{"allow":["GET"]}}],"collection":[{"href":"https:\/\/www.loliferrer.com\/en\/wp-json\/wp\/v2\/product"}],"about":[{"href":"https:\/\/www.loliferrer.com\/en\/wp-json\/wp\/v2\/types\/product"}],"replies":[{"embeddable":true,"href":"https:\/\/www.loliferrer.com\/en\/wp-json\/wp\/v2\/comments?post=1432"}],"wp:featuredmedia":[{"embeddable":true,"href":"https:\/\/www.loliferrer.com\/en\/wp-json\/wp\/v2\/media\/1280"}],"wp:attachment":[{"href":"https:\/\/www.loliferrer.com\/en\/wp-json\/wp\/v2\/media?parent=1432"}],"wp:term":[{"taxonomy":"product_brand","embeddable":true,"href":"https:\/\/www.loliferrer.com\/en\/wp-json\/wp\/v2\/product_brand?post=1432"},{"taxonomy":"product_cat","embeddable":true,"href":"https:\/\/www.loliferrer.com\/en\/wp-json\/wp\/v2\/product_cat?post=1432"},{"taxonomy":"product_tag","embeddable":true,"href":"https:\/\/www.loliferrer.com\/en\/wp-json\/wp\/v2\/product_tag?post=1432"}],"curies":[{"name":"wp","href":"https:\/\/api.w.org\/{rel}","templated":true}]}}