{"id":1284,"date":"2015-12-17T09:26:50","date_gmt":"2015-12-17T08:26:50","guid":{"rendered":"https:\/\/www.loliferrer.com\/en\/producto\/umami-loli-ferrer\/"},"modified":"2018-12-05T10:06:30","modified_gmt":"2018-12-05T09:06:30","slug":"essence-loli-ferrer","status":"publish","type":"product","link":"https:\/\/www.loliferrer.com\/en\/producto\/essence-loli-ferrer\/","title":{"rendered":"Gift box ESSENCE by L&#8217;Oli Ferrer extra virgin organic olive oil"},"content":{"rendered":"<div class=\"container section-title-container\" ><h3 class=\"section-title section-title-Click to edit\"><b><\/b><span class=\"section-title-main\" >Gourmet Gift Box ESSENCE by L'Oli Ferrer extra virgin organic olive oil <\/span><b><\/b><\/h3><\/div>\n<p>ESSENCE BY L&#8217;OLI FERRER, is an organic extra virgin olive oil, a <strong>Premium<\/strong> product of exceptional quality produced with double amount of olives from the best selection of organic arbequina olives collected of <strong>\u201cearly harvest\u201d<\/strong> at the begining of October to extract the essence of liquid gold of the health. The intense and expressive olive oil and surprisingly fresh, takes us to the origins of our Mediterranean terroir, an intensive and persistent taste with strong character, balanced and complex.<\/p>\n<p>It is an organic extra virgin Arbequina olive oil, selected <strong>100% Arbequina organic olives<\/strong>, obtained from first cold pressed olives by mechanical procedures which do not modify its natural composition without using chemical fertilizers or pesticides, obtaining our best olive oil, with a high content in natural antioxidants and polyphenols that maintain the properties of olive oil and it provides for its properties an enormous benefit for the healthy. All of our organic olive oil products meet the limits set by CCPAE (Consell Catal\u00e0 de producci\u00f3 ecol\u00f2gica).<\/p>\n<div class=\"container section-title-container\" ><h3 class=\"section-title section-title-center\"><b><\/b><span class=\"section-title-main\" >Tasting notes<\/span><b><\/b><\/h3><\/div>\n<p>It has intense green colour with touches of gold as a result of the extraction of double olives. It has a persistent taste and great aromatic quality, that leaves a fruity bouquet in the nose and mouth.The intense aroma of green olive oil reminiscences of tomato, almond, avocado and spices such as coriander, leaving a pleasant taste in the mouth that is slightly chilly, a great balance between sweet and bitter.<\/p>\n<div class=\"container section-title-container\" ><h3 class=\"section-title section-title-center\"><b><\/b><span class=\"section-title-main\" >RECIPES<\/span><b><\/b><\/h3><\/div>\n<p>Our extra virgin ecological olive oil, as fundamental food of the Mediterranean diet, is used both for the preparation of different dishes and also to accompany ready dishes,\u00a0in modern and traditional cuisine alike.<\/p>\n<p>It is a perfect ingredient to balance and texture of dishes such as fish, pasta, vegetables, salads, carpaccio, cheese, cold soups, bread, rice, and dessert.<\/p>\n<p><em>Available in Gift box with interior of foam, measures 15x20x5.5 cm and the glass bottles with formats of 100 ml and 200 ml.<\/em><\/p>\n<p><em>Protected from light and heat.<\/em><\/p>\n","protected":false},"excerpt":{"rendered":"<p><span style=\"font-weight: 400;\">Oli d&#8217;oliva verge extra ecol\u00f2gic.<\/span><\/p>\n","protected":false},"featured_media":4104,"comment_status":"open","ping_status":"closed","template":"","meta":[],"product_cat":[136],"product_tag":[],"class_list":{"0":"post-1284","1":"product","2":"type-product","3":"status-publish","4":"has-post-thumbnail","6":"product_cat-gourmet-food-gifts","8":"first","9":"instock","10":"taxable","11":"shipping-taxable","12":"purchasable","13":"product-type-simple"},"yoast_head":"<!-- This site is optimized with the Yoast SEO plugin v23.1 - https:\/\/yoast.com\/wordpress\/plugins\/seo\/ -->\n<title>Gift box ESSENCE by L&#039;Oli Ferrer extra virgin organic olive oil - L&#039;Oli Ferrer<\/title>\n<meta name=\"robots\" content=\"index, follow, max-snippet:-1, max-image-preview:large, max-video-preview:-1\" \/>\n<link rel=\"canonical\" href=\"https:\/\/www.loliferrer.com\/en\/producto\/essence-loli-ferrer\/\" \/>\n<meta property=\"og:locale\" content=\"en_US\" \/>\n<meta property=\"og:type\" content=\"article\" \/>\n<meta property=\"og:title\" content=\"Gift box ESSENCE by L&#039;Oli Ferrer extra virgin organic olive oil - L&#039;Oli Ferrer\" \/>\n<meta property=\"og:description\" content=\"Oli d&#039;oliva verge extra ecol\u00f2gic.\" \/>\n<meta property=\"og:url\" content=\"https:\/\/www.loliferrer.com\/en\/producto\/essence-loli-ferrer\/\" \/>\n<meta property=\"og:site_name\" content=\"L&#039;Oli Ferrer\" \/>\n<meta property=\"article:modified_time\" content=\"2018-12-05T09:06:30+00:00\" \/>\n<meta property=\"og:image\" content=\"https:\/\/www.loliferrer.com\/wp-content\/uploads\/estuche-aceite-de-oliva-virgen-extra-elegance-loliferrer-interior-1.jpg\" \/>\n\t<meta property=\"og:image:width\" content=\"800\" \/>\n\t<meta property=\"og:image:height\" content=\"1200\" \/>\n\t<meta property=\"og:image:type\" content=\"image\/jpeg\" \/>\n<meta name=\"twitter:card\" content=\"summary_large_image\" \/>\n<meta name=\"twitter:label1\" content=\"Est. reading time\" \/>\n\t<meta name=\"twitter:data1\" content=\"2 minutes\" \/>\n<script type=\"application\/ld+json\" class=\"yoast-schema-graph\">{\"@context\":\"https:\/\/schema.org\",\"@graph\":[{\"@type\":\"WebPage\",\"@id\":\"https:\/\/www.loliferrer.com\/en\/producto\/essence-loli-ferrer\/\",\"url\":\"https:\/\/www.loliferrer.com\/en\/producto\/essence-loli-ferrer\/\",\"name\":\"Gift box ESSENCE by L'Oli Ferrer extra virgin organic olive oil - L'Oli Ferrer\",\"isPartOf\":{\"@id\":\"https:\/\/www.loliferrer.com\/en\/#website\"},\"primaryImageOfPage\":{\"@id\":\"https:\/\/www.loliferrer.com\/en\/producto\/essence-loli-ferrer\/#primaryimage\"},\"image\":{\"@id\":\"https:\/\/www.loliferrer.com\/en\/producto\/essence-loli-ferrer\/#primaryimage\"},\"thumbnailUrl\":\"https:\/\/www.loliferrer.com\/wp-content\/uploads\/estuche-aceite-de-oliva-virgen-extra-elegance-loliferrer-interior-1.jpg\",\"datePublished\":\"2015-12-17T08:26:50+00:00\",\"dateModified\":\"2018-12-05T09:06:30+00:00\",\"breadcrumb\":{\"@id\":\"https:\/\/www.loliferrer.com\/en\/producto\/essence-loli-ferrer\/#breadcrumb\"},\"inLanguage\":\"en-US\",\"potentialAction\":[{\"@type\":\"ReadAction\",\"target\":[\"https:\/\/www.loliferrer.com\/en\/producto\/essence-loli-ferrer\/\"]}]},{\"@type\":\"ImageObject\",\"inLanguage\":\"en-US\",\"@id\":\"https:\/\/www.loliferrer.com\/en\/producto\/essence-loli-ferrer\/#primaryimage\",\"url\":\"https:\/\/www.loliferrer.com\/wp-content\/uploads\/estuche-aceite-de-oliva-virgen-extra-elegance-loliferrer-interior-1.jpg\",\"contentUrl\":\"https:\/\/www.loliferrer.com\/wp-content\/uploads\/estuche-aceite-de-oliva-virgen-extra-elegance-loliferrer-interior-1.jpg\",\"width\":800,\"height\":1200,\"caption\":\"aceite ecol\u00f3gico gourmet\"},{\"@type\":\"BreadcrumbList\",\"@id\":\"https:\/\/www.loliferrer.com\/en\/producto\/essence-loli-ferrer\/#breadcrumb\",\"itemListElement\":[{\"@type\":\"ListItem\",\"position\":1,\"name\":\"Portada\",\"item\":\"https:\/\/www.loliferrer.com\/en\/\"},{\"@type\":\"ListItem\",\"position\":2,\"name\":\"Gourmet products\",\"item\":\"https:\/\/www.loliferrer.com\/en\/gourmet-products\/\"},{\"@type\":\"ListItem\",\"position\":3,\"name\":\"Gift box ESSENCE by L&#8217;Oli Ferrer extra virgin organic olive oil\"}]},{\"@type\":\"WebSite\",\"@id\":\"https:\/\/www.loliferrer.com\/en\/#website\",\"url\":\"https:\/\/www.loliferrer.com\/en\/\",\"name\":\"L'Oli Ferrer\",\"description\":\"Tienda Online de Productos Gourmet\",\"publisher\":{\"@id\":\"https:\/\/www.loliferrer.com\/en\/#organization\"},\"potentialAction\":[{\"@type\":\"SearchAction\",\"target\":{\"@type\":\"EntryPoint\",\"urlTemplate\":\"https:\/\/www.loliferrer.com\/en\/?s={search_term_string}\"},\"query-input\":\"required name=search_term_string\"}],\"inLanguage\":\"en-US\"},{\"@type\":\"Organization\",\"@id\":\"https:\/\/www.loliferrer.com\/en\/#organization\",\"name\":\"L'oli Ferrer\",\"url\":\"https:\/\/www.loliferrer.com\/en\/\",\"logo\":{\"@type\":\"ImageObject\",\"inLanguage\":\"en-US\",\"@id\":\"https:\/\/www.loliferrer.com\/en\/#\/schema\/logo\/image\/\",\"url\":\"https:\/\/www.loliferrer.com\/wp-content\/uploads\/logo-catavins-loliferrer-2018.png\",\"contentUrl\":\"https:\/\/www.loliferrer.com\/wp-content\/uploads\/logo-catavins-loliferrer-2018.png\",\"width\":302,\"height\":123,\"caption\":\"L'oli Ferrer\"},\"image\":{\"@id\":\"https:\/\/www.loliferrer.com\/en\/#\/schema\/logo\/image\/\"}}]}<\/script>\n<!-- \/ Yoast SEO plugin. -->","yoast_head_json":{"title":"Gift box ESSENCE by L'Oli Ferrer extra virgin organic olive oil - L'Oli Ferrer","robots":{"index":"index","follow":"follow","max-snippet":"max-snippet:-1","max-image-preview":"max-image-preview:large","max-video-preview":"max-video-preview:-1"},"canonical":"https:\/\/www.loliferrer.com\/en\/producto\/essence-loli-ferrer\/","og_locale":"en_US","og_type":"article","og_title":"Gift box ESSENCE by L'Oli Ferrer extra virgin organic olive oil - L'Oli Ferrer","og_description":"Oli d'oliva verge extra ecol\u00f2gic.","og_url":"https:\/\/www.loliferrer.com\/en\/producto\/essence-loli-ferrer\/","og_site_name":"L'Oli Ferrer","article_modified_time":"2018-12-05T09:06:30+00:00","og_image":[{"width":800,"height":1200,"url":"https:\/\/www.loliferrer.com\/wp-content\/uploads\/estuche-aceite-de-oliva-virgen-extra-elegance-loliferrer-interior-1.jpg","type":"image\/jpeg"}],"twitter_card":"summary_large_image","twitter_misc":{"Est. reading time":"2 minutes"},"schema":{"@context":"https:\/\/schema.org","@graph":[{"@type":"WebPage","@id":"https:\/\/www.loliferrer.com\/en\/producto\/essence-loli-ferrer\/","url":"https:\/\/www.loliferrer.com\/en\/producto\/essence-loli-ferrer\/","name":"Gift box ESSENCE by L'Oli Ferrer extra virgin organic olive oil - L'Oli Ferrer","isPartOf":{"@id":"https:\/\/www.loliferrer.com\/en\/#website"},"primaryImageOfPage":{"@id":"https:\/\/www.loliferrer.com\/en\/producto\/essence-loli-ferrer\/#primaryimage"},"image":{"@id":"https:\/\/www.loliferrer.com\/en\/producto\/essence-loli-ferrer\/#primaryimage"},"thumbnailUrl":"https:\/\/www.loliferrer.com\/wp-content\/uploads\/estuche-aceite-de-oliva-virgen-extra-elegance-loliferrer-interior-1.jpg","datePublished":"2015-12-17T08:26:50+00:00","dateModified":"2018-12-05T09:06:30+00:00","breadcrumb":{"@id":"https:\/\/www.loliferrer.com\/en\/producto\/essence-loli-ferrer\/#breadcrumb"},"inLanguage":"en-US","potentialAction":[{"@type":"ReadAction","target":["https:\/\/www.loliferrer.com\/en\/producto\/essence-loli-ferrer\/"]}]},{"@type":"ImageObject","inLanguage":"en-US","@id":"https:\/\/www.loliferrer.com\/en\/producto\/essence-loli-ferrer\/#primaryimage","url":"https:\/\/www.loliferrer.com\/wp-content\/uploads\/estuche-aceite-de-oliva-virgen-extra-elegance-loliferrer-interior-1.jpg","contentUrl":"https:\/\/www.loliferrer.com\/wp-content\/uploads\/estuche-aceite-de-oliva-virgen-extra-elegance-loliferrer-interior-1.jpg","width":800,"height":1200,"caption":"aceite ecol\u00f3gico gourmet"},{"@type":"BreadcrumbList","@id":"https:\/\/www.loliferrer.com\/en\/producto\/essence-loli-ferrer\/#breadcrumb","itemListElement":[{"@type":"ListItem","position":1,"name":"Portada","item":"https:\/\/www.loliferrer.com\/en\/"},{"@type":"ListItem","position":2,"name":"Gourmet products","item":"https:\/\/www.loliferrer.com\/en\/gourmet-products\/"},{"@type":"ListItem","position":3,"name":"Gift box ESSENCE by L&#8217;Oli Ferrer extra virgin organic olive oil"}]},{"@type":"WebSite","@id":"https:\/\/www.loliferrer.com\/en\/#website","url":"https:\/\/www.loliferrer.com\/en\/","name":"L'Oli Ferrer","description":"Tienda Online de Productos Gourmet","publisher":{"@id":"https:\/\/www.loliferrer.com\/en\/#organization"},"potentialAction":[{"@type":"SearchAction","target":{"@type":"EntryPoint","urlTemplate":"https:\/\/www.loliferrer.com\/en\/?s={search_term_string}"},"query-input":"required name=search_term_string"}],"inLanguage":"en-US"},{"@type":"Organization","@id":"https:\/\/www.loliferrer.com\/en\/#organization","name":"L'oli Ferrer","url":"https:\/\/www.loliferrer.com\/en\/","logo":{"@type":"ImageObject","inLanguage":"en-US","@id":"https:\/\/www.loliferrer.com\/en\/#\/schema\/logo\/image\/","url":"https:\/\/www.loliferrer.com\/wp-content\/uploads\/logo-catavins-loliferrer-2018.png","contentUrl":"https:\/\/www.loliferrer.com\/wp-content\/uploads\/logo-catavins-loliferrer-2018.png","width":302,"height":123,"caption":"L'oli Ferrer"},"image":{"@id":"https:\/\/www.loliferrer.com\/en\/#\/schema\/logo\/image\/"}}]}},"_links":{"self":[{"href":"https:\/\/www.loliferrer.com\/en\/wp-json\/wp\/v2\/product\/1284"}],"collection":[{"href":"https:\/\/www.loliferrer.com\/en\/wp-json\/wp\/v2\/product"}],"about":[{"href":"https:\/\/www.loliferrer.com\/en\/wp-json\/wp\/v2\/types\/product"}],"replies":[{"embeddable":true,"href":"https:\/\/www.loliferrer.com\/en\/wp-json\/wp\/v2\/comments?post=1284"}],"wp:featuredmedia":[{"embeddable":true,"href":"https:\/\/www.loliferrer.com\/en\/wp-json\/wp\/v2\/media\/4104"}],"wp:attachment":[{"href":"https:\/\/www.loliferrer.com\/en\/wp-json\/wp\/v2\/media?parent=1284"}],"wp:term":[{"taxonomy":"product_cat","embeddable":true,"href":"https:\/\/www.loliferrer.com\/en\/wp-json\/wp\/v2\/product_cat?post=1284"},{"taxonomy":"product_tag","embeddable":true,"href":"https:\/\/www.loliferrer.com\/en\/wp-json\/wp\/v2\/product_tag?post=1284"}],"curies":[{"name":"wp","href":"https:\/\/api.w.org\/{rel}","templated":true}]}}