{"id":1181,"date":"2015-12-14T16:05:02","date_gmt":"2015-12-14T15:05:02","guid":{"rendered":"https:\/\/www.loliferrer.com\/en\/condiciones-de-compra\/"},"modified":"2024-05-31T12:10:20","modified_gmt":"2024-05-31T10:10:20","slug":"condiciones-de-compra","status":"publish","type":"page","link":"https:\/\/www.loliferrer.com\/en\/condiciones-de-compra\/","title":{"rendered":"Condiciones de compra"},"content":{"rendered":"\n<pre class=\"wp-block-code\"><code>&#091;row]\r\n\r\n&#091;col span=\"1\/1\"]\r\n\r\nEstas condiciones de contrataci\u00f3n se aplican a todas las compras realizadas a trav\u00e9s de la p\u00e1gina web www.loliferrer.com, titularidad de Ferrer&amp; Domingo Barcelona Company SL con direcci\u00f3n fiscal C\/Roses 95, 08980 (Barcelona) CIF: B66836271 y direcci\u00f3n de correo electr\u00f3nico info@loliferrer.com.\r\nPara cualquier consulta puede dirigirse a la direcci\u00f3n de correo info@loliferrer.com\u00a0o en al tel\u00e9fono 647809538 en horario de 9 a 18 h de lunes a viernes.\r\nEstas condiciones de contrataci\u00f3n tienen como objeto describir e informar al usuario de las condiciones que se aplican a las compras hechas a trav\u00e9s del portal www.loliferrer.com de los productos que en cada momento se ofrezcan. Estas condiciones de contrataci\u00f3n se complementan con la informaci\u00f3n que se hace constar en el aviso legal y en la pol\u00edtica de privacidad, y con la que conste para cada producto en particular.\r\nLa validaci\u00f3n de la compra supone la aceptaci\u00f3n de estas condiciones generales y constituye una prueba del conocimiento y conformidad por parte del cliente. Estas condiciones podr\u00e1n ser modificadas en cualquier momento por L'Oli Ferrer y, si procede, las condiciones particulares que en cada caso se puedan establecer, pero se proceder\u00e1 inmediatamente a publicarlas de forma que puedan ser conocidas sin aviso expl\u00edcito.\r\nLos usuarios se comprometen al cumplimiento de estas condiciones generales y las que consten en su caso en el aviso legal y la pol\u00edtica de privacidad de esta p\u00e1gina web, aplicando la buena fe en la contrataci\u00f3n.\r\nLos precios que se indican son con el IVA incluido. Y los gastos de env\u00edo los abonar\u00e1 el cliente, con lo que no est\u00e1n incluidos en la compra, y estos variaran en funci\u00f3n del destino y del peso del pedido. L'Oli Ferrer informar\u00e1 debidamente de los costes del env\u00edo en funci\u00f3n de las variantes del mismo en el momento de hacer la compra. Si el env\u00edo se tuviera que realizar a un territorio distinto a los disponibles en la p\u00e1gina de compra, el usuario contactar\u00e1 con L'Oli Ferrer ya sea v\u00eda correo electr\u00f3nico o tel\u00e9fono, para conocer, si se diera el caso, los gastos extras de env\u00edo que pudieran surgir.\r\n\r\nConfirmaci\u00f3n de la compra\r\nUna vez realizada la compra y en el plazo m\u00e1s breve posible, L'Oli Ferrer enviar\u00e1 al usuario un email con el comprobante de la compra.\r\n\r\nEnv\u00edo\r\n\r\nEl usuario se compromete a proporcionar informaci\u00f3n veraz a L'Oli Ferrer y a mantenerla actualizada y tambi\u00e9n a posibilitar la entrega del pedido. A estos efectos proporcionar\u00e1 datos de una direcci\u00f3n correcta y con disponibilidad de recepci\u00f3n de la remisi\u00f3n en horario comercial o bien en horario previamente pactado con L'Oli Ferrer.\r\nEn el caso que el pedido no se pudiera entregar por falta de disponibilidad por parte del usuario, L'Oli Ferrer no se responsabilizar\u00e1 de posibles retrasos en la entrega del pedido.\r\n\r\nPROBLEMAS EN LA ENTREGA\r\nNuestra agencia de transporte har\u00e1 todo lo posible por concertar la entrega con el destinatario y realizar\u00e1 hasta 2 intentos de entrega. Si finalmente surgen problemas que imposibilitan la entrega, L'Oli Ferrer anular\u00e1 el pedido y le devolver\u00e1 el dinero, excepto los gastos de transporte ocasionados.\r\n\r\nLa adquisici\u00f3n de los productos ofrecidos en www.loliferrer.com est\u00e1 sujeta a la disponibilidad de existencias.\r\n\r\nMenores\r\nLas personas menores de 18 a\u00f1os no podr\u00e1n hacer uso de los servicios ofrecidos por L'Oli Ferrer.\r\nTeniendo en cuenta que L'Oli Ferrer no podr\u00e1 verificar la veracidad de los datos que el usuario proporcione, se reserva el derecho de atender los pedidos previa comprobaci\u00f3n de los datos, cuando as\u00ed lo decida discrecionalmente, sin que eso supongo ninguna alteraci\u00f3n de veracidad de esos datos que no compruebe.\r\n\r\nPago\r\nEl pago de las compras a www.loliferrer.com se realizar\u00e1 en general, a trav\u00e9s de pasarela bancaria de pago, que permite pagar mediante tarjeta de cr\u00e9dito. El usuario tambi\u00e9n podr\u00e1 abonar la compra mediante un a cuenta PayPal. El cobro se efect\u00faa en el momento de la compra.\r\nEl pago de las compras a www.loliferrer.com tambi\u00e9n se podr\u00e1 realizar mediante transferencia bancaria, debiendo indicar el usuario, su nombre completo y n\u00famero de referencia del pedido. L'Oli Ferrer enviar\u00e1 el pedido a partir del momento en el que le conste dicha transferencia en sus cuentas bancarias.\r\nEl pago mediante tarjeta de cr\u00e9dito se hace a trav\u00e9s del servidor de la entidad bancaria, que garantiza la seguridad del cliente gracias al protocolo basado en el standard SSL, que hace que los datos viajen encriptados por la red y nadie las pueda interceptar ni utilizar de manera fraudulenta. Los datos de la tarjeta de cr\u00e9dito se transmiten protegidos directamente al banco y esta informaci\u00f3n nunca llega a ning\u00fan otro destinatario.\r\nEn caso de denegaci\u00f3n del pago, el pedido se cancelar\u00e1 y se informar\u00e1 al usuario v\u00eda online. En caso de pagos con tarjetas emitidas en otro pa\u00eds diferente a Espa\u00f1a, el banco emisor deber\u00e1 estar acogido al Protocolo de Seguridad de Comercio Electr\u00f3nico Seguro (CES)\r\n\r\nDevoluciones\r\nEl usuario podr\u00e1 devolver su pedido en un plazo de 3 d\u00edas h\u00e1biles desde la recepci\u00f3n de la compra. En este caso contactar\u00e1 con L'Oli Ferrer por correo electr\u00f3nico a trav\u00e9s de la direcci\u00f3n\u00a0info@loliferrer.com informando de la devoluci\u00f3n y las causas de esta.\r\n\r\nSe puede ejercer el derecho de desistimiento si se produce una de estas situaciones:\r\n\r\na) Si el producto adquirido no satisface al usuario. Realiz\u00e1ndose la devoluci\u00f3n en el plazo mencionado anteriormente se deber\u00e1 devolver la compra con todos sus productos, con su embalaje original, con su precinto original sin romper, con todos sus accesorios y en perfecto estado. No se aceptar\u00e1n devoluciones de productos que no vengan con su embalaje original. Los gastos de transporte ir\u00e1n a cargo del cliente.\r\n\r\nb) Cuando los productos sean defectuosos. De ser as\u00ed, har\u00e1n falta pruebas fehacientes del mal estado del producto. L'Oli Ferrer recoger\u00e1 el producto defectuoso y enviar\u00e1 nuevamente el producto al usuario sin costes a\u00f1adidos. Ser\u00e1 L'Oli Ferrer quien abonar\u00e1 el importe del pedido una vez haya comprobado que la mercanc\u00eda cumple las condiciones anteriores. En el caso de devoluciones comerciales el cliente deber\u00e1 correr con los gastos de transporte. Para solicitar esta devoluci\u00f3n deber\u00e1 comunicarlo en el correo electr\u00f3nico a info@catavins.net.\r\n\r\nc) En el caso de que el defecto provenga de una incidencia en transporte, lo deber\u00e1 comunicar en el plazo de 24 horas desde la recepci\u00f3n en a la direcci\u00f3n de correo electr\u00f3nico info@loliferrer.com.\r\n\r\nReembolso de los importes pagados\r\nEn caso de que se tenga que hacer un reembolso de los importes pagados, L'Oli Ferrer lo har\u00e1 v\u00eda transferencia bancaria al n\u00famero de cuenta que indique el usuario. El reembolso se har\u00e1 una vez verificado y validado el estado del producto devuelto y una vez comprobado que el pago ha sido efectivo sin posibilidades de retrocesi\u00f3n.\r\n\r\nUso de los datos\r\n\r\nLos datos facilitados por los usuarios se incluir\u00e1n en un fichero de datos de car\u00e1cter personal y se utilizar\u00e1n \u00fanicamente para poder tramitar el pedido. En cualquier momento el usuario podr\u00e1 ejercer los derechos de acceso, oposici\u00f3n, rectificaci\u00f3n y cancelaci\u00f3n previstos en la ley org\u00e1nica 15\/1999 de diciembre, enviando un correo electr\u00f3nico a info@loliferrer.com\r\n\r\nResoluci\u00f3n de conflictos\r\nEn caso de que surja alg\u00fan conflicto en la prestaci\u00f3n de este servicio, se someter\u00e1 a la legislaci\u00f3n de aplicaci\u00f3n en Catalunya. En caso de conflicto en la interpretaci\u00f3n o aplicaci\u00f3n de estas condiciones la v\u00eda jurisdiccional ser\u00e1n los juzgados y tribunales los que establezcan la normativa aplicable en materia de consumidores finales. En los casos de venta fuera de Espa\u00f1a o no hecha por el consumidor final, las partes se someten expresamente a la jurisdicci\u00f3n de los juzgados y tribunales de la ciudad de Barcelona.\r\n\r\n&#091;\/col]\r\n\r\n&#091;\/row]<\/code><\/pre>\n","protected":false},"excerpt":{"rendered":"","protected":false},"author":1,"featured_media":0,"parent":0,"menu_order":0,"comment_status":"closed","ping_status":"closed","template":"","meta":{"footnotes":""},"class_list":["post-1181","page","type-page","status-publish","hentry"],"yoast_head":"<!-- This site is optimized with the Yoast SEO plugin v23.1 - https:\/\/yoast.com\/wordpress\/plugins\/seo\/ -->\n<title>Condiciones de compra | L&#039;Oli Ferrer<\/title>\n<meta name=\"robots\" content=\"noindex, nofollow\" \/>\n<meta property=\"og:locale\" content=\"en_US\" \/>\n<meta property=\"og:type\" content=\"article\" \/>\n<meta property=\"og:title\" content=\"Condiciones de compra | L&#039;Oli Ferrer\" \/>\n<meta property=\"og:url\" content=\"https:\/\/www.loliferrer.com\/en\/condiciones-de-compra\/\" \/>\n<meta property=\"og:site_name\" content=\"L&#039;Oli Ferrer\" \/>\n<meta property=\"article:modified_time\" content=\"2024-05-31T10:10:20+00:00\" \/>\n<meta name=\"twitter:card\" content=\"summary_large_image\" \/>\n<meta name=\"twitter:label1\" content=\"Est. reading time\" \/>\n\t<meta name=\"twitter:data1\" content=\"7 minutes\" \/>\n<script type=\"application\/ld+json\" class=\"yoast-schema-graph\">{\"@context\":\"https:\/\/schema.org\",\"@graph\":[{\"@type\":\"WebPage\",\"@id\":\"https:\/\/www.loliferrer.com\/en\/condiciones-de-compra\/\",\"url\":\"https:\/\/www.loliferrer.com\/en\/condiciones-de-compra\/\",\"name\":\"Condiciones de compra | L'Oli Ferrer\",\"isPartOf\":{\"@id\":\"https:\/\/www.loliferrer.com\/en\/#website\"},\"datePublished\":\"2015-12-14T15:05:02+00:00\",\"dateModified\":\"2024-05-31T10:10:20+00:00\",\"breadcrumb\":{\"@id\":\"https:\/\/www.loliferrer.com\/en\/condiciones-de-compra\/#breadcrumb\"},\"inLanguage\":\"en-US\",\"potentialAction\":[{\"@type\":\"ReadAction\",\"target\":[\"https:\/\/www.loliferrer.com\/en\/condiciones-de-compra\/\"]}]},{\"@type\":\"BreadcrumbList\",\"@id\":\"https:\/\/www.loliferrer.com\/en\/condiciones-de-compra\/#breadcrumb\",\"itemListElement\":[{\"@type\":\"ListItem\",\"position\":1,\"name\":\"Portada\",\"item\":\"https:\/\/www.loliferrer.com\/en\/\"},{\"@type\":\"ListItem\",\"position\":2,\"name\":\"Condiciones de compra\"}]},{\"@type\":\"WebSite\",\"@id\":\"https:\/\/www.loliferrer.com\/en\/#website\",\"url\":\"https:\/\/www.loliferrer.com\/en\/\",\"name\":\"L'Oli Ferrer\",\"description\":\"Tienda Online de Productos Gourmet\",\"publisher\":{\"@id\":\"https:\/\/www.loliferrer.com\/en\/#organization\"},\"potentialAction\":[{\"@type\":\"SearchAction\",\"target\":{\"@type\":\"EntryPoint\",\"urlTemplate\":\"https:\/\/www.loliferrer.com\/en\/?s={search_term_string}\"},\"query-input\":\"required name=search_term_string\"}],\"inLanguage\":\"en-US\"},{\"@type\":\"Organization\",\"@id\":\"https:\/\/www.loliferrer.com\/en\/#organization\",\"name\":\"L'oli Ferrer\",\"url\":\"https:\/\/www.loliferrer.com\/en\/\",\"logo\":{\"@type\":\"ImageObject\",\"inLanguage\":\"en-US\",\"@id\":\"https:\/\/www.loliferrer.com\/en\/#\/schema\/logo\/image\/\",\"url\":\"https:\/\/www.loliferrer.com\/wp-content\/uploads\/logo-catavins-loliferrer-2018.png\",\"contentUrl\":\"https:\/\/www.loliferrer.com\/wp-content\/uploads\/logo-catavins-loliferrer-2018.png\",\"width\":302,\"height\":123,\"caption\":\"L'oli Ferrer\"},\"image\":{\"@id\":\"https:\/\/www.loliferrer.com\/en\/#\/schema\/logo\/image\/\"}}]}<\/script>\n<!-- \/ Yoast SEO plugin. -->","yoast_head_json":{"title":"Condiciones de compra | L'Oli Ferrer","robots":{"index":"noindex","follow":"nofollow"},"og_locale":"en_US","og_type":"article","og_title":"Condiciones de compra | L'Oli Ferrer","og_url":"https:\/\/www.loliferrer.com\/en\/condiciones-de-compra\/","og_site_name":"L'Oli Ferrer","article_modified_time":"2024-05-31T10:10:20+00:00","twitter_card":"summary_large_image","twitter_misc":{"Est. reading time":"7 minutes"},"schema":{"@context":"https:\/\/schema.org","@graph":[{"@type":"WebPage","@id":"https:\/\/www.loliferrer.com\/en\/condiciones-de-compra\/","url":"https:\/\/www.loliferrer.com\/en\/condiciones-de-compra\/","name":"Condiciones de compra | L'Oli Ferrer","isPartOf":{"@id":"https:\/\/www.loliferrer.com\/en\/#website"},"datePublished":"2015-12-14T15:05:02+00:00","dateModified":"2024-05-31T10:10:20+00:00","breadcrumb":{"@id":"https:\/\/www.loliferrer.com\/en\/condiciones-de-compra\/#breadcrumb"},"inLanguage":"en-US","potentialAction":[{"@type":"ReadAction","target":["https:\/\/www.loliferrer.com\/en\/condiciones-de-compra\/"]}]},{"@type":"BreadcrumbList","@id":"https:\/\/www.loliferrer.com\/en\/condiciones-de-compra\/#breadcrumb","itemListElement":[{"@type":"ListItem","position":1,"name":"Portada","item":"https:\/\/www.loliferrer.com\/en\/"},{"@type":"ListItem","position":2,"name":"Condiciones de compra"}]},{"@type":"WebSite","@id":"https:\/\/www.loliferrer.com\/en\/#website","url":"https:\/\/www.loliferrer.com\/en\/","name":"L'Oli Ferrer","description":"Tienda Online de Productos Gourmet","publisher":{"@id":"https:\/\/www.loliferrer.com\/en\/#organization"},"potentialAction":[{"@type":"SearchAction","target":{"@type":"EntryPoint","urlTemplate":"https:\/\/www.loliferrer.com\/en\/?s={search_term_string}"},"query-input":"required name=search_term_string"}],"inLanguage":"en-US"},{"@type":"Organization","@id":"https:\/\/www.loliferrer.com\/en\/#organization","name":"L'oli Ferrer","url":"https:\/\/www.loliferrer.com\/en\/","logo":{"@type":"ImageObject","inLanguage":"en-US","@id":"https:\/\/www.loliferrer.com\/en\/#\/schema\/logo\/image\/","url":"https:\/\/www.loliferrer.com\/wp-content\/uploads\/logo-catavins-loliferrer-2018.png","contentUrl":"https:\/\/www.loliferrer.com\/wp-content\/uploads\/logo-catavins-loliferrer-2018.png","width":302,"height":123,"caption":"L'oli Ferrer"},"image":{"@id":"https:\/\/www.loliferrer.com\/en\/#\/schema\/logo\/image\/"}}]}},"_links":{"self":[{"href":"https:\/\/www.loliferrer.com\/en\/wp-json\/wp\/v2\/pages\/1181"}],"collection":[{"href":"https:\/\/www.loliferrer.com\/en\/wp-json\/wp\/v2\/pages"}],"about":[{"href":"https:\/\/www.loliferrer.com\/en\/wp-json\/wp\/v2\/types\/page"}],"author":[{"embeddable":true,"href":"https:\/\/www.loliferrer.com\/en\/wp-json\/wp\/v2\/users\/1"}],"replies":[{"embeddable":true,"href":"https:\/\/www.loliferrer.com\/en\/wp-json\/wp\/v2\/comments?post=1181"}],"version-history":[{"count":1,"href":"https:\/\/www.loliferrer.com\/en\/wp-json\/wp\/v2\/pages\/1181\/revisions"}],"predecessor-version":[{"id":5160,"href":"https:\/\/www.loliferrer.com\/en\/wp-json\/wp\/v2\/pages\/1181\/revisions\/5160"}],"wp:attachment":[{"href":"https:\/\/www.loliferrer.com\/en\/wp-json\/wp\/v2\/media?parent=1181"}],"curies":[{"name":"wp","href":"https:\/\/api.w.org\/{rel}","templated":true}]}}