{"id":1107,"date":"2015-12-07T20:56:15","date_gmt":"2015-12-07T19:56:15","guid":{"rendered":"https:\/\/www.loliferrer.com\/en\/aviso-legal\/"},"modified":"2019-10-16T07:57:50","modified_gmt":"2019-10-16T05:57:50","slug":"aviso-legal","status":"publish","type":"page","link":"https:\/\/www.loliferrer.com\/en\/aviso-legal\/","title":{"rendered":"Aviso Legal"},"content":{"rendered":"<div class=\"row\"  id=\"row-1014523832\">\n\n\t<div id=\"col-1820992964\" class=\"col medium-1\/1 large-12\"  >\n\t\t<div class=\"col-inner\"  >\n\t\t\t\n\t\t\t\n<p>Ponemos en su conocimiento que los datos de car\u00e1cter personal facilitados por Ud. por medio del presente formulario, ser\u00e1n incorporados a un fichero automatizado, cuyo responsable es FERRER &amp; DOMINGO BARCELONA COMPANY con\u00a0NIF: B66836271 con direcci\u00f3n en C\/Roses 95 08980 Sant Feliu de Llobregat (Barcelona) con objeto de proporcionarle una eficaz gesti\u00f3n a su solicitud y facilitarle informaci\u00f3n sobre los productos y servicios que comercializa.<\/p>\n<p>Los destinatarios de la informaci\u00f3n son los departamentos en los que se organiza la empresa, as\u00ed como aquellas entidades con las que\u00a0 mantenga acuerdos de colaboraci\u00f3n. Estas comunicaciones estar\u00e1n reguladas por los preceptivos Contratos de Prestaci\u00f3n de Servicios, de manera que se garantice, en todo\u00a0 momento, la confidencialidad de la informaci\u00f3n.<\/p>\n<p>En caso de querer ejercer los derechos que la\u00a0 Ley Org\u00e1nica 15\/1.999 de Protecci\u00f3n de Datos Personal, de 13 de diciembre le otorga, de oposici\u00f3n, acceso, rectificaci\u00f3n y cancelaci\u00f3n puede dirigirse por escrito a: FERRER &amp; DOMINGO BARCELONA COMPANY, correo electr\u00f3nico info@loliferrer.com.<\/p>\n<p>Por otra parte, le invitamos a consultar la r\u00fabrica Aviso legal, contenida en nuestra p\u00e1gina, con objeto de prestar un consentimiento informado al tratamiento de sus datos asimismo en materia de cookies, contenida en el apartado 6. POL\u00cdTICA EN PROTECCI\u00d3N DE DATOS.<\/p>\n<p>Con la aceptaci\u00f3n del env\u00edo de los datos, autoriza a FERRER &amp; DOMINGO BARCELONA COMPANY para que, en cumplimiento de los fines directamente relacionados con las funciones leg\u00edtimas del cesionario, trate los\u00a0 datos de car\u00e1cter personal en el \u00e1mbito de la instituci\u00f3n, sus departamentos, entes colaboradores e instituciones anejas, as\u00ed como la cesi\u00f3n a los estamentos oficiales p\u00fablicos y privados oportunos para el desempe\u00f1o de sus atribuciones, de acuerdo con lo dispuesto en la Ley 15\/1.999, de 13 de diciembre.<\/p>\n\t\t<\/div>\n\t\t\t<\/div>\n\n\t\n<\/div>\n","protected":false},"excerpt":{"rendered":"","protected":false},"author":1,"featured_media":0,"parent":0,"menu_order":0,"comment_status":"closed","ping_status":"closed","template":"","meta":{"footnotes":""},"class_list":["post-1107","page","type-page","status-publish","hentry"],"yoast_head":"<!-- This site is optimized with the Yoast SEO plugin v23.1 - https:\/\/yoast.com\/wordpress\/plugins\/seo\/ -->\n<title>Aviso Legal | L&#039;Oli Ferrer<\/title>\n<meta name=\"robots\" content=\"noindex, nofollow\" \/>\n<meta property=\"og:locale\" content=\"en_US\" \/>\n<meta property=\"og:type\" content=\"article\" \/>\n<meta property=\"og:title\" content=\"Aviso Legal | L&#039;Oli Ferrer\" \/>\n<meta property=\"og:url\" content=\"https:\/\/www.loliferrer.com\/en\/aviso-legal\/\" \/>\n<meta property=\"og:site_name\" content=\"L&#039;Oli Ferrer\" \/>\n<meta property=\"article:modified_time\" content=\"2019-10-16T05:57:50+00:00\" \/>\n<meta name=\"twitter:card\" content=\"summary_large_image\" \/>\n<meta name=\"twitter:label1\" content=\"Est. reading time\" \/>\n\t<meta name=\"twitter:data1\" content=\"2 minutes\" \/>\n<script type=\"application\/ld+json\" class=\"yoast-schema-graph\">{\"@context\":\"https:\/\/schema.org\",\"@graph\":[{\"@type\":\"WebPage\",\"@id\":\"https:\/\/www.loliferrer.com\/en\/aviso-legal\/\",\"url\":\"https:\/\/www.loliferrer.com\/en\/aviso-legal\/\",\"name\":\"Aviso Legal | L'Oli Ferrer\",\"isPartOf\":{\"@id\":\"https:\/\/www.loliferrer.com\/en\/#website\"},\"datePublished\":\"2015-12-07T19:56:15+00:00\",\"dateModified\":\"2019-10-16T05:57:50+00:00\",\"breadcrumb\":{\"@id\":\"https:\/\/www.loliferrer.com\/en\/aviso-legal\/#breadcrumb\"},\"inLanguage\":\"en-US\",\"potentialAction\":[{\"@type\":\"ReadAction\",\"target\":[\"https:\/\/www.loliferrer.com\/en\/aviso-legal\/\"]}]},{\"@type\":\"BreadcrumbList\",\"@id\":\"https:\/\/www.loliferrer.com\/en\/aviso-legal\/#breadcrumb\",\"itemListElement\":[{\"@type\":\"ListItem\",\"position\":1,\"name\":\"Portada\",\"item\":\"https:\/\/www.loliferrer.com\/en\/\"},{\"@type\":\"ListItem\",\"position\":2,\"name\":\"Aviso Legal\"}]},{\"@type\":\"WebSite\",\"@id\":\"https:\/\/www.loliferrer.com\/en\/#website\",\"url\":\"https:\/\/www.loliferrer.com\/en\/\",\"name\":\"L'Oli Ferrer\",\"description\":\"Tienda Online de Productos Gourmet\",\"publisher\":{\"@id\":\"https:\/\/www.loliferrer.com\/en\/#organization\"},\"potentialAction\":[{\"@type\":\"SearchAction\",\"target\":{\"@type\":\"EntryPoint\",\"urlTemplate\":\"https:\/\/www.loliferrer.com\/en\/?s={search_term_string}\"},\"query-input\":\"required name=search_term_string\"}],\"inLanguage\":\"en-US\"},{\"@type\":\"Organization\",\"@id\":\"https:\/\/www.loliferrer.com\/en\/#organization\",\"name\":\"L'oli Ferrer\",\"url\":\"https:\/\/www.loliferrer.com\/en\/\",\"logo\":{\"@type\":\"ImageObject\",\"inLanguage\":\"en-US\",\"@id\":\"https:\/\/www.loliferrer.com\/en\/#\/schema\/logo\/image\/\",\"url\":\"https:\/\/www.loliferrer.com\/wp-content\/uploads\/logo-catavins-loliferrer-2018.png\",\"contentUrl\":\"https:\/\/www.loliferrer.com\/wp-content\/uploads\/logo-catavins-loliferrer-2018.png\",\"width\":302,\"height\":123,\"caption\":\"L'oli Ferrer\"},\"image\":{\"@id\":\"https:\/\/www.loliferrer.com\/en\/#\/schema\/logo\/image\/\"}}]}<\/script>\n<!-- \/ Yoast SEO plugin. -->","yoast_head_json":{"title":"Aviso Legal | L'Oli Ferrer","robots":{"index":"noindex","follow":"nofollow"},"og_locale":"en_US","og_type":"article","og_title":"Aviso Legal | L'Oli Ferrer","og_url":"https:\/\/www.loliferrer.com\/en\/aviso-legal\/","og_site_name":"L'Oli Ferrer","article_modified_time":"2019-10-16T05:57:50+00:00","twitter_card":"summary_large_image","twitter_misc":{"Est. reading time":"2 minutes"},"schema":{"@context":"https:\/\/schema.org","@graph":[{"@type":"WebPage","@id":"https:\/\/www.loliferrer.com\/en\/aviso-legal\/","url":"https:\/\/www.loliferrer.com\/en\/aviso-legal\/","name":"Aviso Legal | L'Oli Ferrer","isPartOf":{"@id":"https:\/\/www.loliferrer.com\/en\/#website"},"datePublished":"2015-12-07T19:56:15+00:00","dateModified":"2019-10-16T05:57:50+00:00","breadcrumb":{"@id":"https:\/\/www.loliferrer.com\/en\/aviso-legal\/#breadcrumb"},"inLanguage":"en-US","potentialAction":[{"@type":"ReadAction","target":["https:\/\/www.loliferrer.com\/en\/aviso-legal\/"]}]},{"@type":"BreadcrumbList","@id":"https:\/\/www.loliferrer.com\/en\/aviso-legal\/#breadcrumb","itemListElement":[{"@type":"ListItem","position":1,"name":"Portada","item":"https:\/\/www.loliferrer.com\/en\/"},{"@type":"ListItem","position":2,"name":"Aviso Legal"}]},{"@type":"WebSite","@id":"https:\/\/www.loliferrer.com\/en\/#website","url":"https:\/\/www.loliferrer.com\/en\/","name":"L'Oli Ferrer","description":"Tienda Online de Productos Gourmet","publisher":{"@id":"https:\/\/www.loliferrer.com\/en\/#organization"},"potentialAction":[{"@type":"SearchAction","target":{"@type":"EntryPoint","urlTemplate":"https:\/\/www.loliferrer.com\/en\/?s={search_term_string}"},"query-input":"required name=search_term_string"}],"inLanguage":"en-US"},{"@type":"Organization","@id":"https:\/\/www.loliferrer.com\/en\/#organization","name":"L'oli Ferrer","url":"https:\/\/www.loliferrer.com\/en\/","logo":{"@type":"ImageObject","inLanguage":"en-US","@id":"https:\/\/www.loliferrer.com\/en\/#\/schema\/logo\/image\/","url":"https:\/\/www.loliferrer.com\/wp-content\/uploads\/logo-catavins-loliferrer-2018.png","contentUrl":"https:\/\/www.loliferrer.com\/wp-content\/uploads\/logo-catavins-loliferrer-2018.png","width":302,"height":123,"caption":"L'oli Ferrer"},"image":{"@id":"https:\/\/www.loliferrer.com\/en\/#\/schema\/logo\/image\/"}}]}},"_links":{"self":[{"href":"https:\/\/www.loliferrer.com\/en\/wp-json\/wp\/v2\/pages\/1107"}],"collection":[{"href":"https:\/\/www.loliferrer.com\/en\/wp-json\/wp\/v2\/pages"}],"about":[{"href":"https:\/\/www.loliferrer.com\/en\/wp-json\/wp\/v2\/types\/page"}],"author":[{"embeddable":true,"href":"https:\/\/www.loliferrer.com\/en\/wp-json\/wp\/v2\/users\/1"}],"replies":[{"embeddable":true,"href":"https:\/\/www.loliferrer.com\/en\/wp-json\/wp\/v2\/comments?post=1107"}],"version-history":[{"count":0,"href":"https:\/\/www.loliferrer.com\/en\/wp-json\/wp\/v2\/pages\/1107\/revisions"}],"wp:attachment":[{"href":"https:\/\/www.loliferrer.com\/en\/wp-json\/wp\/v2\/media?parent=1107"}],"curies":[{"name":"wp","href":"https:\/\/api.w.org\/{rel}","templated":true}]}}