{"id":2989,"date":"2018-12-05T15:33:15","date_gmt":"2018-12-05T14:33:15","guid":{"rendered":"https:\/\/www.loliferrer.com\/?post_type=product&#038;p=2989"},"modified":"2020-06-02T22:30:36","modified_gmt":"2020-06-02T20:30:36","slug":"estoig-de-vinagre-organic-balsamic-de-pedro-ximenez","status":"publish","type":"product","link":"https:\/\/www.loliferrer.com\/ca\/producto\/estoig-de-vinagre-organic-balsamic-de-pedro-ximenez\/","title":{"rendered":"Estoig regal de Vinagre Org\u00e0nic Bals\u00e0mic de Pedro Xim\u00e8nez"},"content":{"rendered":"<h2>Vinagre de Reserva Org\u00e0nic Bals\u00e0mic de Pedro Xim\u00e8nez<\/h2>\n<p>Vinagre org\u00e0nic obtingut de ra\u00efm seleccionat 100% ecol\u00f2gic de Pedro Xim\u00e8nez. Aquest ra\u00efm s&#8217;asseca al sol de manera natural mitjan\u00e7ant el proc\u00e9s \u201cd\u2019asoleo\u201d on el ra\u00efm concentra els sucres convertint-la en pansa. Posteriorment el vinagre l&#8217;obtenim dels vins fins ecol\u00f2gics de PX, d&#8217;alta qualitat al qual afegim la reducci\u00f3 del most del ra\u00efm ECO.<\/p>\n<p>Despr\u00e9s aquest vinagre l&#8217;envellim en barriques de fusta de Jerez pel proc\u00e9s de \u201cCriaderas i Soleras\u201d obtenint un <a href=\"https:\/\/www.loliferrer.com\/ca\/producte\/packs-regal-gourmet\/vinagre-organic-de-pedro-ximenez\/\"><strong>vinagre reserva bals\u00e0mic<\/strong><\/a> gourmet sense sucres afegits i amb una acidesa de 5\u00ba aproximadament.<\/p>\n<p>El nostre vinagre bals\u00e0mic bio reserva de Pedro Xim\u00e9nez destaca per la seva personalitat, amb equilibri i harmonia entre el dol\u00e7 i l&#8217;\u00e0cid. Organol\u00e8pticament destaquen les aromes pr\u00f2pies de la varietat de Pedro Xim\u00e9nez com la mel o el codony i notes de l&#8217;evoluci\u00f3 de la crian\u00e7a en les b\u00f3tes de Xer\u00e8s.<\/p>\n<p>Vinagre org\u00e0nic de Pedro Xim\u00e8nez certificat com a ecol\u00f2gic pel CCPAE<\/p>\n<p>(Consell Catal\u00e0 de Producci\u00f3 Agr\u00e0ria Ecol\u00f2gica)<\/p>\n<p>Un estoig de regal gourmet de vinagre org\u00e0nic de Pedro Xim\u00e9nez, una meravella gastron\u00f2mica que fascina en qualsevol moment especial, noces, regals i <strong>cistelles de Nadal<\/strong>, <strong><a href=\"https:\/\/www.loliferrer.com\/ca\/categoria-producte\/packs-regal-gourmet\/\">regals gourmet d&#8217;empreses<\/a><\/strong>, i en dates destacades com a aniversaris, Sant Valent\u00ed o Sant Jordi. Regala&#8217;t i regala salut.<\/p>\n<p>Apte per a portar en la cabina de l&#8217;avi\u00f3.<\/p>\n<p>Disponible a la nostra <a href=\"https:\/\/www.loliferrer.com\/ca\/categoria-producte\/packs-regal-gourmet\/\">botiga gourmet online<\/a> en estoig de vinagre per a regal de 100 ml., amb ampolla de vidre transparent i pintada en vermell i estoig tipus perfum vermell en acabat soft touch i mesures 10,5*14,5*4 cm. Consultar el nostre cat\u00e0leg d&#8217;empreses.<\/p>\n","protected":false},"excerpt":{"rendered":"<h2>Estoig regal Vinagre de Reserva Org\u00e0nic Bals\u00e0mic de Pedro Xim\u00e8nez L&#8217;Oli Ferrer<\/h2>\n<p>Vinagre Org\u00e0nic bals\u00e0mic de Pedro Xim\u00e8nez L\u2019Oli Ferrer, en format d&#8217;estoig perfum de 100 ml, una forma exclusiva de presentar el nostre vinagre, que ens identifica amb els millors perfums del m\u00f3n.<\/p>\n<p>El <a href=\"https:\/\/www.loliferrer.com\/ca\/producte\/packs-regal-gourmet\/vinagre-organic-de-pedro-ximenez\/\">vinagre org\u00e0nic bals\u00e0mic<\/a> de Pedro Xim\u00e8nez, \u00e9s un vinagre gourmet reserva obtingut de la selecci\u00f3 del millor ra\u00efm ecol\u00f2gic 100% de la varietat Pedro Xim\u00e8nez.<\/p>\n","protected":false},"featured_media":3079,"comment_status":"open","ping_status":"closed","template":"","meta":[],"product_cat":[135],"product_tag":[],"class_list":{"0":"post-2989","1":"product","2":"type-product","3":"status-publish","4":"has-post-thumbnail","6":"product_cat-packs-regal-gourmet","8":"first","9":"instock","10":"taxable","11":"shipping-taxable","12":"purchasable","13":"product-type-variable","14":"has-default-attributes"},"yoast_head":"<!-- This site is optimized with the Yoast SEO plugin v23.1 - https:\/\/yoast.com\/wordpress\/plugins\/seo\/ -->\n<title>Estoig regal de Vinagre Org\u00e0nic Bals\u00e0mic de Pedro Xim\u00e8nez - L&#039;Oli Ferrer<\/title>\n<meta name=\"robots\" content=\"index, follow, max-snippet:-1, max-image-preview:large, max-video-preview:-1\" \/>\n<link rel=\"canonical\" href=\"https:\/\/www.loliferrer.com\/ca\/producto\/estoig-de-vinagre-organic-balsamic-de-pedro-ximenez\/\" \/>\n<meta property=\"og:locale\" content=\"ca_ES\" \/>\n<meta property=\"og:type\" content=\"article\" \/>\n<meta property=\"og:title\" content=\"Estoig regal de Vinagre Org\u00e0nic Bals\u00e0mic de Pedro Xim\u00e8nez - L&#039;Oli Ferrer\" \/>\n<meta property=\"og:description\" content=\"Estoig regal Vinagre de Reserva Org\u00e0nic Bals\u00e0mic de Pedro Xim\u00e8nez L&#039;Oli Ferrer Vinagre Org\u00e0nic bals\u00e0mic de Pedro Xim\u00e8nez L\u2019Oli Ferrer, en format d&#039;estoig perfum de 100 ml, una forma exclusiva de presentar el nostre vinagre, que ens identifica amb els millors perfums del m\u00f3n.  El vinagre org\u00e0nic bals\u00e0mic de Pedro Xim\u00e8nez, \u00e9s un vinagre gourmet reserva obtingut de la selecci\u00f3 del millor ra\u00efm ecol\u00f2gic 100% de la varietat Pedro Xim\u00e8nez.\" \/>\n<meta property=\"og:url\" content=\"https:\/\/www.loliferrer.com\/ca\/producto\/estoig-de-vinagre-organic-balsamic-de-pedro-ximenez\/\" \/>\n<meta property=\"og:site_name\" content=\"L&#039;Oli Ferrer\" \/>\n<meta property=\"article:modified_time\" content=\"2020-06-02T20:30:36+00:00\" \/>\n<meta property=\"og:image\" content=\"https:\/\/www.loliferrer.com\/wp-content\/uploads\/estuche-vinagre-loliferrer-catavins-aceite-pedro-ximenez-organico-gourmet.jpg\" \/>\n\t<meta property=\"og:image:width\" content=\"510\" \/>\n\t<meta property=\"og:image:height\" content=\"766\" \/>\n\t<meta property=\"og:image:type\" content=\"image\/jpeg\" \/>\n<meta name=\"twitter:card\" content=\"summary_large_image\" \/>\n<meta name=\"twitter:label1\" content=\"Temps estimat de lectura\" \/>\n\t<meta name=\"twitter:data1\" content=\"1 minut\" \/>\n<script type=\"application\/ld+json\" class=\"yoast-schema-graph\">{\"@context\":\"https:\/\/schema.org\",\"@graph\":[{\"@type\":\"WebPage\",\"@id\":\"https:\/\/www.loliferrer.com\/ca\/producto\/estoig-de-vinagre-organic-balsamic-de-pedro-ximenez\/\",\"url\":\"https:\/\/www.loliferrer.com\/ca\/producto\/estoig-de-vinagre-organic-balsamic-de-pedro-ximenez\/\",\"name\":\"Estoig regal de Vinagre Org\u00e0nic Bals\u00e0mic de Pedro Xim\u00e8nez - L'Oli Ferrer\",\"isPartOf\":{\"@id\":\"https:\/\/www.loliferrer.com\/ca\/#website\"},\"primaryImageOfPage\":{\"@id\":\"https:\/\/www.loliferrer.com\/ca\/producto\/estoig-de-vinagre-organic-balsamic-de-pedro-ximenez\/#primaryimage\"},\"image\":{\"@id\":\"https:\/\/www.loliferrer.com\/ca\/producto\/estoig-de-vinagre-organic-balsamic-de-pedro-ximenez\/#primaryimage\"},\"thumbnailUrl\":\"https:\/\/www.loliferrer.com\/wp-content\/uploads\/estuche-vinagre-loliferrer-catavins-aceite-pedro-ximenez-organico-gourmet.jpg\",\"datePublished\":\"2018-12-05T14:33:15+00:00\",\"dateModified\":\"2020-06-02T20:30:36+00:00\",\"breadcrumb\":{\"@id\":\"https:\/\/www.loliferrer.com\/ca\/producto\/estoig-de-vinagre-organic-balsamic-de-pedro-ximenez\/#breadcrumb\"},\"inLanguage\":\"ca\",\"potentialAction\":[{\"@type\":\"ReadAction\",\"target\":[\"https:\/\/www.loliferrer.com\/ca\/producto\/estoig-de-vinagre-organic-balsamic-de-pedro-ximenez\/\"]}]},{\"@type\":\"ImageObject\",\"inLanguage\":\"ca\",\"@id\":\"https:\/\/www.loliferrer.com\/ca\/producto\/estoig-de-vinagre-organic-balsamic-de-pedro-ximenez\/#primaryimage\",\"url\":\"https:\/\/www.loliferrer.com\/wp-content\/uploads\/estuche-vinagre-loliferrer-catavins-aceite-pedro-ximenez-organico-gourmet.jpg\",\"contentUrl\":\"https:\/\/www.loliferrer.com\/wp-content\/uploads\/estuche-vinagre-loliferrer-catavins-aceite-pedro-ximenez-organico-gourmet.jpg\",\"width\":510,\"height\":766},{\"@type\":\"BreadcrumbList\",\"@id\":\"https:\/\/www.loliferrer.com\/ca\/producto\/estoig-de-vinagre-organic-balsamic-de-pedro-ximenez\/#breadcrumb\",\"itemListElement\":[{\"@type\":\"ListItem\",\"position\":1,\"name\":\"Portada\",\"item\":\"https:\/\/www.loliferrer.com\/ca\/\"},{\"@type\":\"ListItem\",\"position\":2,\"name\":\"Productes gourmet ecol\u00f2gics\",\"item\":\"https:\/\/www.loliferrer.com\/ca\/productes-gourmet-ecologics\/\"},{\"@type\":\"ListItem\",\"position\":3,\"name\":\"Estoig regal de Vinagre Org\u00e0nic Bals\u00e0mic de Pedro Xim\u00e8nez\"}]},{\"@type\":\"WebSite\",\"@id\":\"https:\/\/www.loliferrer.com\/ca\/#website\",\"url\":\"https:\/\/www.loliferrer.com\/ca\/\",\"name\":\"L'Oli Ferrer\",\"description\":\"Tienda Online de Productos Gourmet\",\"publisher\":{\"@id\":\"https:\/\/www.loliferrer.com\/ca\/#organization\"},\"potentialAction\":[{\"@type\":\"SearchAction\",\"target\":{\"@type\":\"EntryPoint\",\"urlTemplate\":\"https:\/\/www.loliferrer.com\/ca\/?s={search_term_string}\"},\"query-input\":\"required name=search_term_string\"}],\"inLanguage\":\"ca\"},{\"@type\":\"Organization\",\"@id\":\"https:\/\/www.loliferrer.com\/ca\/#organization\",\"name\":\"L'oli Ferrer\",\"url\":\"https:\/\/www.loliferrer.com\/ca\/\",\"logo\":{\"@type\":\"ImageObject\",\"inLanguage\":\"ca\",\"@id\":\"https:\/\/www.loliferrer.com\/ca\/#\/schema\/logo\/image\/\",\"url\":\"https:\/\/www.loliferrer.com\/wp-content\/uploads\/logo-catavins-loliferrer-2018.png\",\"contentUrl\":\"https:\/\/www.loliferrer.com\/wp-content\/uploads\/logo-catavins-loliferrer-2018.png\",\"width\":302,\"height\":123,\"caption\":\"L'oli Ferrer\"},\"image\":{\"@id\":\"https:\/\/www.loliferrer.com\/ca\/#\/schema\/logo\/image\/\"}}]}<\/script>\n<!-- \/ Yoast SEO plugin. -->","yoast_head_json":{"title":"Estoig regal de Vinagre Org\u00e0nic Bals\u00e0mic de Pedro Xim\u00e8nez - L'Oli Ferrer","robots":{"index":"index","follow":"follow","max-snippet":"max-snippet:-1","max-image-preview":"max-image-preview:large","max-video-preview":"max-video-preview:-1"},"canonical":"https:\/\/www.loliferrer.com\/ca\/producto\/estoig-de-vinagre-organic-balsamic-de-pedro-ximenez\/","og_locale":"ca_ES","og_type":"article","og_title":"Estoig regal de Vinagre Org\u00e0nic Bals\u00e0mic de Pedro Xim\u00e8nez - L'Oli Ferrer","og_description":"Estoig regal Vinagre de Reserva Org\u00e0nic Bals\u00e0mic de Pedro Xim\u00e8nez L'Oli Ferrer Vinagre Org\u00e0nic bals\u00e0mic de Pedro Xim\u00e8nez L\u2019Oli Ferrer, en format d'estoig perfum de 100 ml, una forma exclusiva de presentar el nostre vinagre, que ens identifica amb els millors perfums del m\u00f3n.  El vinagre org\u00e0nic bals\u00e0mic de Pedro Xim\u00e8nez, \u00e9s un vinagre gourmet reserva obtingut de la selecci\u00f3 del millor ra\u00efm ecol\u00f2gic 100% de la varietat Pedro Xim\u00e8nez.","og_url":"https:\/\/www.loliferrer.com\/ca\/producto\/estoig-de-vinagre-organic-balsamic-de-pedro-ximenez\/","og_site_name":"L'Oli Ferrer","article_modified_time":"2020-06-02T20:30:36+00:00","og_image":[{"width":510,"height":766,"url":"https:\/\/www.loliferrer.com\/wp-content\/uploads\/estuche-vinagre-loliferrer-catavins-aceite-pedro-ximenez-organico-gourmet.jpg","type":"image\/jpeg"}],"twitter_card":"summary_large_image","twitter_misc":{"Temps estimat de lectura":"1 minut"},"schema":{"@context":"https:\/\/schema.org","@graph":[{"@type":"WebPage","@id":"https:\/\/www.loliferrer.com\/ca\/producto\/estoig-de-vinagre-organic-balsamic-de-pedro-ximenez\/","url":"https:\/\/www.loliferrer.com\/ca\/producto\/estoig-de-vinagre-organic-balsamic-de-pedro-ximenez\/","name":"Estoig regal de Vinagre Org\u00e0nic Bals\u00e0mic de Pedro Xim\u00e8nez - L'Oli Ferrer","isPartOf":{"@id":"https:\/\/www.loliferrer.com\/ca\/#website"},"primaryImageOfPage":{"@id":"https:\/\/www.loliferrer.com\/ca\/producto\/estoig-de-vinagre-organic-balsamic-de-pedro-ximenez\/#primaryimage"},"image":{"@id":"https:\/\/www.loliferrer.com\/ca\/producto\/estoig-de-vinagre-organic-balsamic-de-pedro-ximenez\/#primaryimage"},"thumbnailUrl":"https:\/\/www.loliferrer.com\/wp-content\/uploads\/estuche-vinagre-loliferrer-catavins-aceite-pedro-ximenez-organico-gourmet.jpg","datePublished":"2018-12-05T14:33:15+00:00","dateModified":"2020-06-02T20:30:36+00:00","breadcrumb":{"@id":"https:\/\/www.loliferrer.com\/ca\/producto\/estoig-de-vinagre-organic-balsamic-de-pedro-ximenez\/#breadcrumb"},"inLanguage":"ca","potentialAction":[{"@type":"ReadAction","target":["https:\/\/www.loliferrer.com\/ca\/producto\/estoig-de-vinagre-organic-balsamic-de-pedro-ximenez\/"]}]},{"@type":"ImageObject","inLanguage":"ca","@id":"https:\/\/www.loliferrer.com\/ca\/producto\/estoig-de-vinagre-organic-balsamic-de-pedro-ximenez\/#primaryimage","url":"https:\/\/www.loliferrer.com\/wp-content\/uploads\/estuche-vinagre-loliferrer-catavins-aceite-pedro-ximenez-organico-gourmet.jpg","contentUrl":"https:\/\/www.loliferrer.com\/wp-content\/uploads\/estuche-vinagre-loliferrer-catavins-aceite-pedro-ximenez-organico-gourmet.jpg","width":510,"height":766},{"@type":"BreadcrumbList","@id":"https:\/\/www.loliferrer.com\/ca\/producto\/estoig-de-vinagre-organic-balsamic-de-pedro-ximenez\/#breadcrumb","itemListElement":[{"@type":"ListItem","position":1,"name":"Portada","item":"https:\/\/www.loliferrer.com\/ca\/"},{"@type":"ListItem","position":2,"name":"Productes gourmet ecol\u00f2gics","item":"https:\/\/www.loliferrer.com\/ca\/productes-gourmet-ecologics\/"},{"@type":"ListItem","position":3,"name":"Estoig regal de Vinagre Org\u00e0nic Bals\u00e0mic de Pedro Xim\u00e8nez"}]},{"@type":"WebSite","@id":"https:\/\/www.loliferrer.com\/ca\/#website","url":"https:\/\/www.loliferrer.com\/ca\/","name":"L'Oli Ferrer","description":"Tienda Online de Productos Gourmet","publisher":{"@id":"https:\/\/www.loliferrer.com\/ca\/#organization"},"potentialAction":[{"@type":"SearchAction","target":{"@type":"EntryPoint","urlTemplate":"https:\/\/www.loliferrer.com\/ca\/?s={search_term_string}"},"query-input":"required name=search_term_string"}],"inLanguage":"ca"},{"@type":"Organization","@id":"https:\/\/www.loliferrer.com\/ca\/#organization","name":"L'oli Ferrer","url":"https:\/\/www.loliferrer.com\/ca\/","logo":{"@type":"ImageObject","inLanguage":"ca","@id":"https:\/\/www.loliferrer.com\/ca\/#\/schema\/logo\/image\/","url":"https:\/\/www.loliferrer.com\/wp-content\/uploads\/logo-catavins-loliferrer-2018.png","contentUrl":"https:\/\/www.loliferrer.com\/wp-content\/uploads\/logo-catavins-loliferrer-2018.png","width":302,"height":123,"caption":"L'oli Ferrer"},"image":{"@id":"https:\/\/www.loliferrer.com\/ca\/#\/schema\/logo\/image\/"}}]}},"_links":{"self":[{"href":"https:\/\/www.loliferrer.com\/ca\/wp-json\/wp\/v2\/product\/2989"}],"collection":[{"href":"https:\/\/www.loliferrer.com\/ca\/wp-json\/wp\/v2\/product"}],"about":[{"href":"https:\/\/www.loliferrer.com\/ca\/wp-json\/wp\/v2\/types\/product"}],"replies":[{"embeddable":true,"href":"https:\/\/www.loliferrer.com\/ca\/wp-json\/wp\/v2\/comments?post=2989"}],"wp:featuredmedia":[{"embeddable":true,"href":"https:\/\/www.loliferrer.com\/ca\/wp-json\/wp\/v2\/media\/3079"}],"wp:attachment":[{"href":"https:\/\/www.loliferrer.com\/ca\/wp-json\/wp\/v2\/media?parent=2989"}],"wp:term":[{"taxonomy":"product_cat","embeddable":true,"href":"https:\/\/www.loliferrer.com\/ca\/wp-json\/wp\/v2\/product_cat?post=2989"},{"taxonomy":"product_tag","embeddable":true,"href":"https:\/\/www.loliferrer.com\/ca\/wp-json\/wp\/v2\/product_tag?post=2989"}],"curies":[{"name":"wp","href":"https:\/\/api.w.org\/{rel}","templated":true}]}}