{"id":2967,"date":"2018-12-05T12:31:29","date_gmt":"2018-12-05T11:31:29","guid":{"rendered":"https:\/\/www.loliferrer.com\/?post_type=product&#038;p=2967"},"modified":"2021-05-11T20:38:05","modified_gmt":"2021-05-11T18:38:05","slug":"estoig-doli-doliva-verge-extra-organic-essence-by-loli-ferrer","status":"publish","type":"product","link":"https:\/\/www.loliferrer.com\/ca\/producto\/estoig-doli-doliva-verge-extra-organic-essence-by-loli-ferrer\/","title":{"rendered":"Estoig regal d&#8217;Oli d&#8217;Oliva Verge Extra Ecol\u00f2gic Essence By L&#8217;Oli Ferrer"},"content":{"rendered":"<h2>Oli d&#8217;oliva Verge Extra (O.O.V.E) Ecol\u00f2gic de &#8220;Collita Temprana&#8221;<\/h2>\n<p>\u00c9s un <strong>oli d&#8217;oliva de primera premsada en fred<\/strong> i elaborat per procediments mec\u00e0nics, quan l&#8217;oliva est\u00e0 en verol, l&#8217;\u00faltima setmana de setembre o la primera d&#8217;octubre. \u00c9s un oli d&#8217;oliva amb nombroses propietats i amb<strong> acidesa baixa<\/strong> que normalment \u00e9s del 0,1\u00b0.<\/p>\n<p>Essence Ecol\u00f2gic by L\u2019Oli Ferrer en un oli d&#8217;oliva gourmet Premium 100% ecol\u00f2gic de collita primerenca, que destaca per ser un oli d&#8217;oliva monovarietal de gran personalitat, per la seva intensitat, equilibri i complexitat.<\/p>\n<p>Un estoig d&#8217;oli ecol\u00f2gic per a regal, Essence Eco By L\u2019Oli Ferrer \u00e9s una joia gastron\u00f2mica que fascina en qualsevol moment especial, noces, regals,\u00a0<strong>cistelles de Nadal,\u00a0<\/strong>dates destacades com a aniversaris, i <a href=\"https:\/\/www.loliferrer.com\/ca\/categoria-producte\/packs-regal-gourmet\/\">regals corporatius d&#8217;empreses<\/a>. Regala&#8217;t i regala salut.<\/p>\n<p>Apte per a portar en la cabina de l&#8217;avi\u00f3.<\/p>\n<p>Disponible a la nostra<a href=\"https:\/\/www.loliferrer.com\/ca\/categoria-producte\/packs-regal-gourmet\/\"> botiga online gourme<\/a>t en estoig d&#8217;oli d&#8217;oliva verge extra per a regal de 100 ml., amb ampolla de vidre transparent i pintada en negre i estoig tipus perfum negre en acabat soft touch i mides 10,5*14,5*4 cm.<\/p>\n<p>Essence est\u00e0 certificat com a Oli d&#8217;Oliva Verge Extra pel CCPAE (Consell Catal\u00e0 de Producci\u00f3 Agr\u00e0ria Ecol\u00f2gica)<\/p>\n","protected":false},"excerpt":{"rendered":"<h2>Estoig regal Essence By L&#8217;Oli Ferrer<\/h2>\n<p>Estoig d&#8217;Oli d&#8217;Oliva verge extra gourmet ecol\u00f2gic Essence By L\u2019Oli Ferrer, de qualitat Premium, presentat de manera exclusiva en format d&#8217;estoig tipus perfum de 100 ml., que identifica el nostre oli com una joia, presentada com els millors perfums del m\u00f3n.<\/p>\n<p><a href=\"https:\/\/www.loliferrer.com\/ca\/producte\/packs-regal-gourmet\/estoig-doli-doliva-verge-extra-organic-essence-by-loli-ferrer\/\">Essence eco by L\u2019Oli Ferrer<\/a> \u00e9s un oli d&#8217;oliva gourmet de <strong>\u201cCollita Primerenca<\/strong>\u201d varietat 100% arbequina ecol\u00f2gica de la zona de Les Garrigues, \u201cd\u2019edici\u00f3 limitada\u201d sorpr\u00e8n l&#8217;inici de la campanya pel seu espectacular color verd maragda.<\/p>\n","protected":false},"featured_media":3091,"comment_status":"open","ping_status":"closed","template":"","meta":[],"product_cat":[135],"product_tag":[],"class_list":{"0":"post-2967","1":"product","2":"type-product","3":"status-publish","4":"has-post-thumbnail","6":"product_cat-packs-regal-gourmet","8":"first","9":"instock","10":"taxable","11":"shipping-taxable","12":"purchasable","13":"product-type-variable"},"yoast_head":"<!-- This site is optimized with the Yoast SEO plugin v23.1 - https:\/\/yoast.com\/wordpress\/plugins\/seo\/ -->\n<title>Estoig regal d&#039;Oli d&#039;Oliva Verge Extra Ecol\u00f2gic Essence By L&#039;Oli Ferrer - L&#039;Oli Ferrer<\/title>\n<meta name=\"robots\" content=\"index, follow, max-snippet:-1, max-image-preview:large, max-video-preview:-1\" \/>\n<link rel=\"canonical\" href=\"https:\/\/www.loliferrer.com\/ca\/producto\/estoig-doli-doliva-verge-extra-organic-essence-by-loli-ferrer\/\" \/>\n<meta property=\"og:locale\" content=\"ca_ES\" \/>\n<meta property=\"og:type\" content=\"article\" \/>\n<meta property=\"og:title\" content=\"Estoig regal d&#039;Oli d&#039;Oliva Verge Extra Ecol\u00f2gic Essence By L&#039;Oli Ferrer - L&#039;Oli Ferrer\" \/>\n<meta property=\"og:description\" content=\"Estoig regal Essence By L&#039;Oli Ferrer Estoig d&#039;Oli d&#039;Oliva verge extra gourmet ecol\u00f2gic Essence By L\u2019Oli Ferrer, de qualitat Premium, presentat de manera exclusiva en format d&#039;estoig tipus perfum de 100 ml., que identifica el nostre oli com una joia, presentada com els millors perfums del m\u00f3n.  Essence eco by L\u2019Oli Ferrer \u00e9s un oli d&#039;oliva gourmet de \u201cCollita Primerenca\u201d varietat 100% arbequina ecol\u00f2gica de la zona de Les Garrigues, \u201cd\u2019edici\u00f3 limitada\u201d sorpr\u00e8n l&#039;inici de la campanya pel seu espectacular color verd maragda.\" \/>\n<meta property=\"og:url\" content=\"https:\/\/www.loliferrer.com\/ca\/producto\/estoig-doli-doliva-verge-extra-organic-essence-by-loli-ferrer\/\" \/>\n<meta property=\"og:site_name\" content=\"L&#039;Oli Ferrer\" \/>\n<meta property=\"article:modified_time\" content=\"2021-05-11T18:38:05+00:00\" \/>\n<meta property=\"og:image\" content=\"https:\/\/www.loliferrer.com\/wp-content\/uploads\/estuche-essence-loliferrer-catavins-aceite-olive-virgen-extra-gourmet-5.jpg\" \/>\n\t<meta property=\"og:image:width\" content=\"510\" \/>\n\t<meta property=\"og:image:height\" content=\"766\" \/>\n\t<meta property=\"og:image:type\" content=\"image\/jpeg\" \/>\n<meta name=\"twitter:card\" content=\"summary_large_image\" \/>\n<meta name=\"twitter:label1\" content=\"Temps estimat de lectura\" \/>\n\t<meta name=\"twitter:data1\" content=\"1 minut\" \/>\n<script type=\"application\/ld+json\" class=\"yoast-schema-graph\">{\"@context\":\"https:\/\/schema.org\",\"@graph\":[{\"@type\":\"WebPage\",\"@id\":\"https:\/\/www.loliferrer.com\/ca\/producto\/estoig-doli-doliva-verge-extra-organic-essence-by-loli-ferrer\/\",\"url\":\"https:\/\/www.loliferrer.com\/ca\/producto\/estoig-doli-doliva-verge-extra-organic-essence-by-loli-ferrer\/\",\"name\":\"Estoig regal d'Oli d'Oliva Verge Extra Ecol\u00f2gic Essence By L'Oli Ferrer - L'Oli Ferrer\",\"isPartOf\":{\"@id\":\"https:\/\/www.loliferrer.com\/ca\/#website\"},\"primaryImageOfPage\":{\"@id\":\"https:\/\/www.loliferrer.com\/ca\/producto\/estoig-doli-doliva-verge-extra-organic-essence-by-loli-ferrer\/#primaryimage\"},\"image\":{\"@id\":\"https:\/\/www.loliferrer.com\/ca\/producto\/estoig-doli-doliva-verge-extra-organic-essence-by-loli-ferrer\/#primaryimage\"},\"thumbnailUrl\":\"https:\/\/www.loliferrer.com\/wp-content\/uploads\/estuche-essence-loliferrer-catavins-aceite-olive-virgen-extra-gourmet-5.jpg\",\"datePublished\":\"2018-12-05T11:31:29+00:00\",\"dateModified\":\"2021-05-11T18:38:05+00:00\",\"breadcrumb\":{\"@id\":\"https:\/\/www.loliferrer.com\/ca\/producto\/estoig-doli-doliva-verge-extra-organic-essence-by-loli-ferrer\/#breadcrumb\"},\"inLanguage\":\"ca\",\"potentialAction\":[{\"@type\":\"ReadAction\",\"target\":[\"https:\/\/www.loliferrer.com\/ca\/producto\/estoig-doli-doliva-verge-extra-organic-essence-by-loli-ferrer\/\"]}]},{\"@type\":\"ImageObject\",\"inLanguage\":\"ca\",\"@id\":\"https:\/\/www.loliferrer.com\/ca\/producto\/estoig-doli-doliva-verge-extra-organic-essence-by-loli-ferrer\/#primaryimage\",\"url\":\"https:\/\/www.loliferrer.com\/wp-content\/uploads\/estuche-essence-loliferrer-catavins-aceite-olive-virgen-extra-gourmet-5.jpg\",\"contentUrl\":\"https:\/\/www.loliferrer.com\/wp-content\/uploads\/estuche-essence-loliferrer-catavins-aceite-olive-virgen-extra-gourmet-5.jpg\",\"width\":510,\"height\":766},{\"@type\":\"BreadcrumbList\",\"@id\":\"https:\/\/www.loliferrer.com\/ca\/producto\/estoig-doli-doliva-verge-extra-organic-essence-by-loli-ferrer\/#breadcrumb\",\"itemListElement\":[{\"@type\":\"ListItem\",\"position\":1,\"name\":\"Portada\",\"item\":\"https:\/\/www.loliferrer.com\/ca\/\"},{\"@type\":\"ListItem\",\"position\":2,\"name\":\"Productes gourmet ecol\u00f2gics\",\"item\":\"https:\/\/www.loliferrer.com\/ca\/productes-gourmet-ecologics\/\"},{\"@type\":\"ListItem\",\"position\":3,\"name\":\"Estoig regal d&#8217;Oli d&#8217;Oliva Verge Extra Ecol\u00f2gic Essence By L&#8217;Oli Ferrer\"}]},{\"@type\":\"WebSite\",\"@id\":\"https:\/\/www.loliferrer.com\/ca\/#website\",\"url\":\"https:\/\/www.loliferrer.com\/ca\/\",\"name\":\"L'Oli Ferrer\",\"description\":\"Tienda Online de Productos Gourmet\",\"publisher\":{\"@id\":\"https:\/\/www.loliferrer.com\/ca\/#organization\"},\"potentialAction\":[{\"@type\":\"SearchAction\",\"target\":{\"@type\":\"EntryPoint\",\"urlTemplate\":\"https:\/\/www.loliferrer.com\/ca\/?s={search_term_string}\"},\"query-input\":\"required name=search_term_string\"}],\"inLanguage\":\"ca\"},{\"@type\":\"Organization\",\"@id\":\"https:\/\/www.loliferrer.com\/ca\/#organization\",\"name\":\"L'oli Ferrer\",\"url\":\"https:\/\/www.loliferrer.com\/ca\/\",\"logo\":{\"@type\":\"ImageObject\",\"inLanguage\":\"ca\",\"@id\":\"https:\/\/www.loliferrer.com\/ca\/#\/schema\/logo\/image\/\",\"url\":\"https:\/\/www.loliferrer.com\/wp-content\/uploads\/logo-catavins-loliferrer-2018.png\",\"contentUrl\":\"https:\/\/www.loliferrer.com\/wp-content\/uploads\/logo-catavins-loliferrer-2018.png\",\"width\":302,\"height\":123,\"caption\":\"L'oli Ferrer\"},\"image\":{\"@id\":\"https:\/\/www.loliferrer.com\/ca\/#\/schema\/logo\/image\/\"}}]}<\/script>\n<!-- \/ Yoast SEO plugin. -->","yoast_head_json":{"title":"Estoig regal d'Oli d'Oliva Verge Extra Ecol\u00f2gic Essence By L'Oli Ferrer - L'Oli Ferrer","robots":{"index":"index","follow":"follow","max-snippet":"max-snippet:-1","max-image-preview":"max-image-preview:large","max-video-preview":"max-video-preview:-1"},"canonical":"https:\/\/www.loliferrer.com\/ca\/producto\/estoig-doli-doliva-verge-extra-organic-essence-by-loli-ferrer\/","og_locale":"ca_ES","og_type":"article","og_title":"Estoig regal d'Oli d'Oliva Verge Extra Ecol\u00f2gic Essence By L'Oli Ferrer - L'Oli Ferrer","og_description":"Estoig regal Essence By L'Oli Ferrer Estoig d'Oli d'Oliva verge extra gourmet ecol\u00f2gic Essence By L\u2019Oli Ferrer, de qualitat Premium, presentat de manera exclusiva en format d'estoig tipus perfum de 100 ml., que identifica el nostre oli com una joia, presentada com els millors perfums del m\u00f3n.  Essence eco by L\u2019Oli Ferrer \u00e9s un oli d'oliva gourmet de \u201cCollita Primerenca\u201d varietat 100% arbequina ecol\u00f2gica de la zona de Les Garrigues, \u201cd\u2019edici\u00f3 limitada\u201d sorpr\u00e8n l'inici de la campanya pel seu espectacular color verd maragda.","og_url":"https:\/\/www.loliferrer.com\/ca\/producto\/estoig-doli-doliva-verge-extra-organic-essence-by-loli-ferrer\/","og_site_name":"L'Oli Ferrer","article_modified_time":"2021-05-11T18:38:05+00:00","og_image":[{"width":510,"height":766,"url":"https:\/\/www.loliferrer.com\/wp-content\/uploads\/estuche-essence-loliferrer-catavins-aceite-olive-virgen-extra-gourmet-5.jpg","type":"image\/jpeg"}],"twitter_card":"summary_large_image","twitter_misc":{"Temps estimat de lectura":"1 minut"},"schema":{"@context":"https:\/\/schema.org","@graph":[{"@type":"WebPage","@id":"https:\/\/www.loliferrer.com\/ca\/producto\/estoig-doli-doliva-verge-extra-organic-essence-by-loli-ferrer\/","url":"https:\/\/www.loliferrer.com\/ca\/producto\/estoig-doli-doliva-verge-extra-organic-essence-by-loli-ferrer\/","name":"Estoig regal d'Oli d'Oliva Verge Extra Ecol\u00f2gic Essence By L'Oli Ferrer - L'Oli Ferrer","isPartOf":{"@id":"https:\/\/www.loliferrer.com\/ca\/#website"},"primaryImageOfPage":{"@id":"https:\/\/www.loliferrer.com\/ca\/producto\/estoig-doli-doliva-verge-extra-organic-essence-by-loli-ferrer\/#primaryimage"},"image":{"@id":"https:\/\/www.loliferrer.com\/ca\/producto\/estoig-doli-doliva-verge-extra-organic-essence-by-loli-ferrer\/#primaryimage"},"thumbnailUrl":"https:\/\/www.loliferrer.com\/wp-content\/uploads\/estuche-essence-loliferrer-catavins-aceite-olive-virgen-extra-gourmet-5.jpg","datePublished":"2018-12-05T11:31:29+00:00","dateModified":"2021-05-11T18:38:05+00:00","breadcrumb":{"@id":"https:\/\/www.loliferrer.com\/ca\/producto\/estoig-doli-doliva-verge-extra-organic-essence-by-loli-ferrer\/#breadcrumb"},"inLanguage":"ca","potentialAction":[{"@type":"ReadAction","target":["https:\/\/www.loliferrer.com\/ca\/producto\/estoig-doli-doliva-verge-extra-organic-essence-by-loli-ferrer\/"]}]},{"@type":"ImageObject","inLanguage":"ca","@id":"https:\/\/www.loliferrer.com\/ca\/producto\/estoig-doli-doliva-verge-extra-organic-essence-by-loli-ferrer\/#primaryimage","url":"https:\/\/www.loliferrer.com\/wp-content\/uploads\/estuche-essence-loliferrer-catavins-aceite-olive-virgen-extra-gourmet-5.jpg","contentUrl":"https:\/\/www.loliferrer.com\/wp-content\/uploads\/estuche-essence-loliferrer-catavins-aceite-olive-virgen-extra-gourmet-5.jpg","width":510,"height":766},{"@type":"BreadcrumbList","@id":"https:\/\/www.loliferrer.com\/ca\/producto\/estoig-doli-doliva-verge-extra-organic-essence-by-loli-ferrer\/#breadcrumb","itemListElement":[{"@type":"ListItem","position":1,"name":"Portada","item":"https:\/\/www.loliferrer.com\/ca\/"},{"@type":"ListItem","position":2,"name":"Productes gourmet ecol\u00f2gics","item":"https:\/\/www.loliferrer.com\/ca\/productes-gourmet-ecologics\/"},{"@type":"ListItem","position":3,"name":"Estoig regal d&#8217;Oli d&#8217;Oliva Verge Extra Ecol\u00f2gic Essence By L&#8217;Oli Ferrer"}]},{"@type":"WebSite","@id":"https:\/\/www.loliferrer.com\/ca\/#website","url":"https:\/\/www.loliferrer.com\/ca\/","name":"L'Oli Ferrer","description":"Tienda Online de Productos Gourmet","publisher":{"@id":"https:\/\/www.loliferrer.com\/ca\/#organization"},"potentialAction":[{"@type":"SearchAction","target":{"@type":"EntryPoint","urlTemplate":"https:\/\/www.loliferrer.com\/ca\/?s={search_term_string}"},"query-input":"required name=search_term_string"}],"inLanguage":"ca"},{"@type":"Organization","@id":"https:\/\/www.loliferrer.com\/ca\/#organization","name":"L'oli Ferrer","url":"https:\/\/www.loliferrer.com\/ca\/","logo":{"@type":"ImageObject","inLanguage":"ca","@id":"https:\/\/www.loliferrer.com\/ca\/#\/schema\/logo\/image\/","url":"https:\/\/www.loliferrer.com\/wp-content\/uploads\/logo-catavins-loliferrer-2018.png","contentUrl":"https:\/\/www.loliferrer.com\/wp-content\/uploads\/logo-catavins-loliferrer-2018.png","width":302,"height":123,"caption":"L'oli Ferrer"},"image":{"@id":"https:\/\/www.loliferrer.com\/ca\/#\/schema\/logo\/image\/"}}]}},"_links":{"self":[{"href":"https:\/\/www.loliferrer.com\/ca\/wp-json\/wp\/v2\/product\/2967"}],"collection":[{"href":"https:\/\/www.loliferrer.com\/ca\/wp-json\/wp\/v2\/product"}],"about":[{"href":"https:\/\/www.loliferrer.com\/ca\/wp-json\/wp\/v2\/types\/product"}],"replies":[{"embeddable":true,"href":"https:\/\/www.loliferrer.com\/ca\/wp-json\/wp\/v2\/comments?post=2967"}],"wp:featuredmedia":[{"embeddable":true,"href":"https:\/\/www.loliferrer.com\/ca\/wp-json\/wp\/v2\/media\/3091"}],"wp:attachment":[{"href":"https:\/\/www.loliferrer.com\/ca\/wp-json\/wp\/v2\/media?parent=2967"}],"wp:term":[{"taxonomy":"product_cat","embeddable":true,"href":"https:\/\/www.loliferrer.com\/ca\/wp-json\/wp\/v2\/product_cat?post=2967"},{"taxonomy":"product_tag","embeddable":true,"href":"https:\/\/www.loliferrer.com\/ca\/wp-json\/wp\/v2\/product_tag?post=2967"}],"curies":[{"name":"wp","href":"https:\/\/api.w.org\/{rel}","templated":true}]}}