{"id":1753,"date":"2015-12-23T20:58:31","date_gmt":"2015-12-23T19:58:31","guid":{"rendered":"https:\/\/www.loliferrer.com\/ca\/producto\/caviar-de-aceite-de-oliva-virgen-extra-caviar-de-vinagre-balsamico-de-pedro-ximenez\/"},"modified":"2021-07-02T20:05:27","modified_gmt":"2021-07-02T18:05:27","slug":"caviar-de-aceite-de-oliva-virgen-extra-caviar-de-vinagre-balsamico-de-pedro-ximenez","status":"publish","type":"product","link":"https:\/\/www.loliferrer.com\/ca\/producto\/caviar-de-aceite-de-oliva-virgen-extra-caviar-de-vinagre-balsamico-de-pedro-ximenez\/","title":{"rendered":"Flor de sal del Mediterrani + Caviar d&#8217;oli d&#8217;oliva verge extra + Caviar de vinagre bals\u00e0mic de Pedro Xim\u00e8nez"},"content":{"rendered":"<div class=\"container section-title-container\" ><h3 class=\"section-title section-title-Click to edit\"><b><\/b><span class=\"section-title-main\" >Pack de Caviar d'Oli, Caviar de Vinagre i Flor de Sal<\/span><b><\/b><\/h3><\/div>\n<p><span style=\"font-weight: 400;\">La <strong>FLOR DE SAL<\/strong> \u00e9s la forma pura de la sal. Un producte 100% natural sense cap tipus de tractament ni additius.<\/span><\/p>\n<p>Nota de tast<\/p>\n<p><span style=\"font-weight: 400;\">Color blanc amb reflexos roses i grisacis, subtil nota de violetes i delicada olor <\/span> <span style=\"font-weight: 400;\">marina.<\/span><\/p>\n<p>Maridatge<\/p>\n<p>S&#8217;utilitza per intensificar el sabor propi dels aliments, per finalitzar un plat, tant carns com peixos o verdures, i postres com la xocolata.<div class=\"container section-title-container\" ><h3 class=\"section-title section-title-Click to edit\"><b><\/b><span class=\"section-title-main\" >Caviar d'oli d'oliva verge extra <\/span><b><\/b><\/h3><\/div>\n<p><span style=\"font-weight: 400;\">\u00c9s una nova forma de presentar l&#8217;oli d&#8217;oliva amb la t\u00e8cnica de l&#8217;esferificaci\u00f3 en la que s&#8217;obt\u00e9 una esfera de textura similar a la del &nbsp;caviar.<\/span><\/p>\n<p class=\"p1\"><span style=\"font-weight: 400;\">Nota de tast<\/span><\/p>\n<p class=\"p1\">El caviar d&#8217;oli d&#8217;oliva LOLI FERRER est\u00e0 elaborat amb oli d&#8217;oliva verge extra de la varietat 100% picual. Caracter\u00edstiques propies de la varietat, de sabor afruitat intens en boca amb equilibri del picant i amarg, i textura similar a la del caviar.<\/p>\n<p class=\"p1\">Maridatge<\/p>\n<p class=\"p1\">Amanides, entrants, canap\u00e9s, vinagretes, sopes fredes, peixos, carns, verdures i pasta, i per acabament decoratiu de plats. No recomanem la utilitzaci\u00f3 &nbsp;per cuinar en calent, ja que trencaria la textura que el recobreix.<\/p>\n<div class=\"container section-title-container\" ><h3 class=\"section-title section-title-Click to edit\"><b><\/b><span class=\"section-title-main\" >Caviar de vinagre bals\u00e0mic de Pedro Xim\u00e8nez <\/span><b><\/b><\/h3><\/div>\n<p><span style=\"font-weight: 400;\">\u00c9s una nova manera de presentar el vinagre. S&#8217;elabora amb la t\u00e8cnica de l&#8217;esferificaci\u00f3 obtenint una esfera de textura similar a la del caviar, elaborat amb la varietat de ra\u00efm Pedro Xim\u00e8nez, ra\u00efm que est\u00e0 pansificat al sol de forma natural.<\/span><\/p>\n<p>Nota de tast<\/p>\n<p>Aromes propis de la varietat com la uva pasa i la mel, i notes de la crian\u00e7a en roure americ\u00e0. En boca explosi\u00f3 espectacular de frescor, acidesa i dol\u00e7or.<\/p>\n<p>Maridatge<\/p>\n<p>Sopes fredes, foie, amanides, gelats, postres amb fruits vermells i per a decoraci\u00f3 de plats.<\/p>\n<p>Recomanem conservar en fred una vegada obert.<\/p>\n","protected":false},"excerpt":{"rendered":"<p>La FLOR DE SAL \u00e9s la forma pura de la sal. Un producte 100% natural sense cap tipus de tractament ni additius. Nota de tast Color blanc amb reflexos roses i grisacis, subtil nota de violetes i delicada olor marina. Maridatge S&#8217;utilitza per intensificar el sabor propi dels aliments, per finalitzar un plat, tant carns [&#8230;]\n","protected":false},"featured_media":1751,"comment_status":"open","ping_status":"closed","template":"","meta":[],"product_cat":[135],"product_tag":[],"class_list":{"0":"post-1753","1":"product","2":"type-product","3":"status-publish","4":"has-post-thumbnail","6":"product_cat-packs-regal-gourmet","8":"first","9":"instock","10":"taxable","11":"shipping-taxable","12":"purchasable","13":"product-type-simple"},"yoast_head":"<!-- This site is optimized with the Yoast SEO plugin v23.1 - https:\/\/yoast.com\/wordpress\/plugins\/seo\/ -->\n<title>Flor de sal del Mediterrani + Caviar d&#039;oli d&#039;oliva verge extra + Caviar de vinagre bals\u00e0mic de Pedro Xim\u00e8nez - L&#039;Oli Ferrer<\/title>\n<meta name=\"robots\" content=\"index, follow, max-snippet:-1, max-image-preview:large, max-video-preview:-1\" \/>\n<link rel=\"canonical\" href=\"https:\/\/www.loliferrer.com\/ca\/producto\/caviar-de-aceite-de-oliva-virgen-extra-caviar-de-vinagre-balsamico-de-pedro-ximenez\/\" \/>\n<meta property=\"og:locale\" content=\"ca_ES\" \/>\n<meta property=\"og:type\" content=\"article\" \/>\n<meta property=\"og:title\" content=\"Flor de sal del Mediterrani + Caviar d&#039;oli d&#039;oliva verge extra + Caviar de vinagre bals\u00e0mic de Pedro Xim\u00e8nez - L&#039;Oli Ferrer\" \/>\n<meta property=\"og:description\" content=\"La FLOR DE SAL \u00e9s la forma pura de la sal. Un producte 100% natural sense cap tipus de tractament ni additius. Nota de tast Color blanc amb reflexos roses i grisacis, subtil nota de violetes i delicada olor marina. Maridatge S&#8217;utilitza per intensificar el sabor propi dels aliments, per finalitzar un plat, tant carns [...]\" \/>\n<meta property=\"og:url\" content=\"https:\/\/www.loliferrer.com\/ca\/producto\/caviar-de-aceite-de-oliva-virgen-extra-caviar-de-vinagre-balsamico-de-pedro-ximenez\/\" \/>\n<meta property=\"og:site_name\" content=\"L&#039;Oli Ferrer\" \/>\n<meta property=\"article:modified_time\" content=\"2021-07-02T18:05:27+00:00\" \/>\n<meta property=\"og:image\" content=\"https:\/\/www.loliferrer.com\/wp-content\/uploads\/caviarsisal.jpg\" \/>\n\t<meta property=\"og:image:width\" content=\"548\" \/>\n\t<meta property=\"og:image:height\" content=\"821\" \/>\n\t<meta property=\"og:image:type\" content=\"image\/jpeg\" \/>\n<meta name=\"twitter:card\" content=\"summary_large_image\" \/>\n<meta name=\"twitter:label1\" content=\"Temps estimat de lectura\" \/>\n\t<meta name=\"twitter:data1\" content=\"2 minuts\" \/>\n<script type=\"application\/ld+json\" class=\"yoast-schema-graph\">{\"@context\":\"https:\/\/schema.org\",\"@graph\":[{\"@type\":\"WebPage\",\"@id\":\"https:\/\/www.loliferrer.com\/ca\/producto\/caviar-de-aceite-de-oliva-virgen-extra-caviar-de-vinagre-balsamico-de-pedro-ximenez\/\",\"url\":\"https:\/\/www.loliferrer.com\/ca\/producto\/caviar-de-aceite-de-oliva-virgen-extra-caviar-de-vinagre-balsamico-de-pedro-ximenez\/\",\"name\":\"Flor de sal del Mediterrani + Caviar d'oli d'oliva verge extra + Caviar de vinagre bals\u00e0mic de Pedro Xim\u00e8nez - L'Oli Ferrer\",\"isPartOf\":{\"@id\":\"https:\/\/www.loliferrer.com\/ca\/#website\"},\"primaryImageOfPage\":{\"@id\":\"https:\/\/www.loliferrer.com\/ca\/producto\/caviar-de-aceite-de-oliva-virgen-extra-caviar-de-vinagre-balsamico-de-pedro-ximenez\/#primaryimage\"},\"image\":{\"@id\":\"https:\/\/www.loliferrer.com\/ca\/producto\/caviar-de-aceite-de-oliva-virgen-extra-caviar-de-vinagre-balsamico-de-pedro-ximenez\/#primaryimage\"},\"thumbnailUrl\":\"https:\/\/www.loliferrer.com\/wp-content\/uploads\/caviarsisal.jpg\",\"datePublished\":\"2015-12-23T19:58:31+00:00\",\"dateModified\":\"2021-07-02T18:05:27+00:00\",\"breadcrumb\":{\"@id\":\"https:\/\/www.loliferrer.com\/ca\/producto\/caviar-de-aceite-de-oliva-virgen-extra-caviar-de-vinagre-balsamico-de-pedro-ximenez\/#breadcrumb\"},\"inLanguage\":\"ca\",\"potentialAction\":[{\"@type\":\"ReadAction\",\"target\":[\"https:\/\/www.loliferrer.com\/ca\/producto\/caviar-de-aceite-de-oliva-virgen-extra-caviar-de-vinagre-balsamico-de-pedro-ximenez\/\"]}]},{\"@type\":\"ImageObject\",\"inLanguage\":\"ca\",\"@id\":\"https:\/\/www.loliferrer.com\/ca\/producto\/caviar-de-aceite-de-oliva-virgen-extra-caviar-de-vinagre-balsamico-de-pedro-ximenez\/#primaryimage\",\"url\":\"https:\/\/www.loliferrer.com\/wp-content\/uploads\/caviarsisal.jpg\",\"contentUrl\":\"https:\/\/www.loliferrer.com\/wp-content\/uploads\/caviarsisal.jpg\",\"width\":548,\"height\":821},{\"@type\":\"BreadcrumbList\",\"@id\":\"https:\/\/www.loliferrer.com\/ca\/producto\/caviar-de-aceite-de-oliva-virgen-extra-caviar-de-vinagre-balsamico-de-pedro-ximenez\/#breadcrumb\",\"itemListElement\":[{\"@type\":\"ListItem\",\"position\":1,\"name\":\"Portada\",\"item\":\"https:\/\/www.loliferrer.com\/ca\/\"},{\"@type\":\"ListItem\",\"position\":2,\"name\":\"Productes gourmet ecol\u00f2gics\",\"item\":\"https:\/\/www.loliferrer.com\/ca\/productes-gourmet-ecologics\/\"},{\"@type\":\"ListItem\",\"position\":3,\"name\":\"Flor de sal del Mediterrani + Caviar d&#8217;oli d&#8217;oliva verge extra + Caviar de vinagre bals\u00e0mic de Pedro Xim\u00e8nez\"}]},{\"@type\":\"WebSite\",\"@id\":\"https:\/\/www.loliferrer.com\/ca\/#website\",\"url\":\"https:\/\/www.loliferrer.com\/ca\/\",\"name\":\"L'Oli Ferrer\",\"description\":\"Tienda Online de Productos Gourmet\",\"publisher\":{\"@id\":\"https:\/\/www.loliferrer.com\/ca\/#organization\"},\"potentialAction\":[{\"@type\":\"SearchAction\",\"target\":{\"@type\":\"EntryPoint\",\"urlTemplate\":\"https:\/\/www.loliferrer.com\/ca\/?s={search_term_string}\"},\"query-input\":\"required name=search_term_string\"}],\"inLanguage\":\"ca\"},{\"@type\":\"Organization\",\"@id\":\"https:\/\/www.loliferrer.com\/ca\/#organization\",\"name\":\"L'oli Ferrer\",\"url\":\"https:\/\/www.loliferrer.com\/ca\/\",\"logo\":{\"@type\":\"ImageObject\",\"inLanguage\":\"ca\",\"@id\":\"https:\/\/www.loliferrer.com\/ca\/#\/schema\/logo\/image\/\",\"url\":\"https:\/\/www.loliferrer.com\/wp-content\/uploads\/logo-catavins-loliferrer-2018.png\",\"contentUrl\":\"https:\/\/www.loliferrer.com\/wp-content\/uploads\/logo-catavins-loliferrer-2018.png\",\"width\":302,\"height\":123,\"caption\":\"L'oli Ferrer\"},\"image\":{\"@id\":\"https:\/\/www.loliferrer.com\/ca\/#\/schema\/logo\/image\/\"}}]}<\/script>\n<!-- \/ Yoast SEO plugin. -->","yoast_head_json":{"title":"Flor de sal del Mediterrani + Caviar d'oli d'oliva verge extra + Caviar de vinagre bals\u00e0mic de Pedro Xim\u00e8nez - L'Oli Ferrer","robots":{"index":"index","follow":"follow","max-snippet":"max-snippet:-1","max-image-preview":"max-image-preview:large","max-video-preview":"max-video-preview:-1"},"canonical":"https:\/\/www.loliferrer.com\/ca\/producto\/caviar-de-aceite-de-oliva-virgen-extra-caviar-de-vinagre-balsamico-de-pedro-ximenez\/","og_locale":"ca_ES","og_type":"article","og_title":"Flor de sal del Mediterrani + Caviar d'oli d'oliva verge extra + Caviar de vinagre bals\u00e0mic de Pedro Xim\u00e8nez - L'Oli Ferrer","og_description":"La FLOR DE SAL \u00e9s la forma pura de la sal. Un producte 100% natural sense cap tipus de tractament ni additius. Nota de tast Color blanc amb reflexos roses i grisacis, subtil nota de violetes i delicada olor marina. Maridatge S&#8217;utilitza per intensificar el sabor propi dels aliments, per finalitzar un plat, tant carns [...]","og_url":"https:\/\/www.loliferrer.com\/ca\/producto\/caviar-de-aceite-de-oliva-virgen-extra-caviar-de-vinagre-balsamico-de-pedro-ximenez\/","og_site_name":"L'Oli Ferrer","article_modified_time":"2021-07-02T18:05:27+00:00","og_image":[{"width":548,"height":821,"url":"https:\/\/www.loliferrer.com\/wp-content\/uploads\/caviarsisal.jpg","type":"image\/jpeg"}],"twitter_card":"summary_large_image","twitter_misc":{"Temps estimat de lectura":"2 minuts"},"schema":{"@context":"https:\/\/schema.org","@graph":[{"@type":"WebPage","@id":"https:\/\/www.loliferrer.com\/ca\/producto\/caviar-de-aceite-de-oliva-virgen-extra-caviar-de-vinagre-balsamico-de-pedro-ximenez\/","url":"https:\/\/www.loliferrer.com\/ca\/producto\/caviar-de-aceite-de-oliva-virgen-extra-caviar-de-vinagre-balsamico-de-pedro-ximenez\/","name":"Flor de sal del Mediterrani + Caviar d'oli d'oliva verge extra + Caviar de vinagre bals\u00e0mic de Pedro Xim\u00e8nez - L'Oli Ferrer","isPartOf":{"@id":"https:\/\/www.loliferrer.com\/ca\/#website"},"primaryImageOfPage":{"@id":"https:\/\/www.loliferrer.com\/ca\/producto\/caviar-de-aceite-de-oliva-virgen-extra-caviar-de-vinagre-balsamico-de-pedro-ximenez\/#primaryimage"},"image":{"@id":"https:\/\/www.loliferrer.com\/ca\/producto\/caviar-de-aceite-de-oliva-virgen-extra-caviar-de-vinagre-balsamico-de-pedro-ximenez\/#primaryimage"},"thumbnailUrl":"https:\/\/www.loliferrer.com\/wp-content\/uploads\/caviarsisal.jpg","datePublished":"2015-12-23T19:58:31+00:00","dateModified":"2021-07-02T18:05:27+00:00","breadcrumb":{"@id":"https:\/\/www.loliferrer.com\/ca\/producto\/caviar-de-aceite-de-oliva-virgen-extra-caviar-de-vinagre-balsamico-de-pedro-ximenez\/#breadcrumb"},"inLanguage":"ca","potentialAction":[{"@type":"ReadAction","target":["https:\/\/www.loliferrer.com\/ca\/producto\/caviar-de-aceite-de-oliva-virgen-extra-caviar-de-vinagre-balsamico-de-pedro-ximenez\/"]}]},{"@type":"ImageObject","inLanguage":"ca","@id":"https:\/\/www.loliferrer.com\/ca\/producto\/caviar-de-aceite-de-oliva-virgen-extra-caviar-de-vinagre-balsamico-de-pedro-ximenez\/#primaryimage","url":"https:\/\/www.loliferrer.com\/wp-content\/uploads\/caviarsisal.jpg","contentUrl":"https:\/\/www.loliferrer.com\/wp-content\/uploads\/caviarsisal.jpg","width":548,"height":821},{"@type":"BreadcrumbList","@id":"https:\/\/www.loliferrer.com\/ca\/producto\/caviar-de-aceite-de-oliva-virgen-extra-caviar-de-vinagre-balsamico-de-pedro-ximenez\/#breadcrumb","itemListElement":[{"@type":"ListItem","position":1,"name":"Portada","item":"https:\/\/www.loliferrer.com\/ca\/"},{"@type":"ListItem","position":2,"name":"Productes gourmet ecol\u00f2gics","item":"https:\/\/www.loliferrer.com\/ca\/productes-gourmet-ecologics\/"},{"@type":"ListItem","position":3,"name":"Flor de sal del Mediterrani + Caviar d&#8217;oli d&#8217;oliva verge extra + Caviar de vinagre bals\u00e0mic de Pedro Xim\u00e8nez"}]},{"@type":"WebSite","@id":"https:\/\/www.loliferrer.com\/ca\/#website","url":"https:\/\/www.loliferrer.com\/ca\/","name":"L'Oli Ferrer","description":"Tienda Online de Productos Gourmet","publisher":{"@id":"https:\/\/www.loliferrer.com\/ca\/#organization"},"potentialAction":[{"@type":"SearchAction","target":{"@type":"EntryPoint","urlTemplate":"https:\/\/www.loliferrer.com\/ca\/?s={search_term_string}"},"query-input":"required name=search_term_string"}],"inLanguage":"ca"},{"@type":"Organization","@id":"https:\/\/www.loliferrer.com\/ca\/#organization","name":"L'oli Ferrer","url":"https:\/\/www.loliferrer.com\/ca\/","logo":{"@type":"ImageObject","inLanguage":"ca","@id":"https:\/\/www.loliferrer.com\/ca\/#\/schema\/logo\/image\/","url":"https:\/\/www.loliferrer.com\/wp-content\/uploads\/logo-catavins-loliferrer-2018.png","contentUrl":"https:\/\/www.loliferrer.com\/wp-content\/uploads\/logo-catavins-loliferrer-2018.png","width":302,"height":123,"caption":"L'oli Ferrer"},"image":{"@id":"https:\/\/www.loliferrer.com\/ca\/#\/schema\/logo\/image\/"}}]}},"_links":{"self":[{"href":"https:\/\/www.loliferrer.com\/ca\/wp-json\/wp\/v2\/product\/1753"}],"collection":[{"href":"https:\/\/www.loliferrer.com\/ca\/wp-json\/wp\/v2\/product"}],"about":[{"href":"https:\/\/www.loliferrer.com\/ca\/wp-json\/wp\/v2\/types\/product"}],"replies":[{"embeddable":true,"href":"https:\/\/www.loliferrer.com\/ca\/wp-json\/wp\/v2\/comments?post=1753"}],"wp:featuredmedia":[{"embeddable":true,"href":"https:\/\/www.loliferrer.com\/ca\/wp-json\/wp\/v2\/media\/1751"}],"wp:attachment":[{"href":"https:\/\/www.loliferrer.com\/ca\/wp-json\/wp\/v2\/media?parent=1753"}],"wp:term":[{"taxonomy":"product_cat","embeddable":true,"href":"https:\/\/www.loliferrer.com\/ca\/wp-json\/wp\/v2\/product_cat?post=1753"},{"taxonomy":"product_tag","embeddable":true,"href":"https:\/\/www.loliferrer.com\/ca\/wp-json\/wp\/v2\/product_tag?post=1753"}],"curies":[{"name":"wp","href":"https:\/\/api.w.org\/{rel}","templated":true}]}}