{"id":1420,"date":"2015-12-18T17:25:23","date_gmt":"2015-12-18T16:25:23","guid":{"rendered":"https:\/\/www.loliferrer.com\/ca\/producto\/vinagre-organico-de-pedro-ximenez-caviar-de-aceite-de-oliva-virgen-extra-flor-de-sal-del-mediterraneo\/"},"modified":"2020-05-26T12:57:14","modified_gmt":"2020-05-26T10:57:14","slug":"vinagre-organico-de-pedro-ximenez-caviar-de-aceite-de-oliva-virgen-extra-flor-de-sal-del-mediterraneo","status":"publish","type":"product","link":"https:\/\/www.loliferrer.com\/ca\/producto\/vinagre-organico-de-pedro-ximenez-caviar-de-aceite-de-oliva-virgen-extra-flor-de-sal-del-mediterraneo\/","title":{"rendered":"Pack Regal Delicatessen   Vinagre org\u00e0nic Bals\u00e0mic de Pedro Xim\u00e8nez, Caviar d&#8217;Oli d&#8217;Oliva Verge Extra i Flor de Sal del Mediterrani"},"content":{"rendered":"<h2>Vinagre gourmet org\u00e0nic bals\u00e0mic de Pedro Xim\u00e8nez<\/h2>\n<p><a href=\"https:\/\/www.loliferrer.com\/ca\/producte\/packs-regal-gourmet\/vinagre-organic-de-pedro-ximenez\/\">Vinagre gourmet de reserva de Pedro Xim\u00e8nez L&#8217;Oli Ferrer<\/a> elaborat amb una selecci\u00f3 de ra\u00efm 100% ecol\u00f2gic de la varietat Pedro Xim\u00e8nez,<\/p>\n<p>El proc\u00e9s d&#8217;elaboraci\u00f3 \u00e9s artesanal, el ra\u00efm se sotmet a un proc\u00e9s de pansificaci\u00f3 en les paseras pel sistema \u201cd\u2019asoleo\u201d, on el ra\u00efm es deshidrata al sol i concentra els seus sucres. El vinagre l&#8217;obtenim amb vins ecol\u00f2gics fins de la varietat de Pedro Xim\u00e8nez i de la reducci\u00f3 del most del ra\u00efm ECO. Posteriorment el vinagre realitza una crian\u00e7a en botes de Xer\u00e8s pel sistema de \u201cCriaderas i Soleras\u201d. Destaca per ser un vinagre amb gran personalitat i harmonia entre dol\u00e7or i acidesa, sense tenir sucres afegits.<\/p>\n<p>Vinagre ecol\u00f2gic certificat per l&#8217;organisme CCPAE<\/p>\n<p>(Consell Catal\u00e0 de Producci\u00f3 Agr\u00e0ria Ecol\u00f2gica) que certifica que \u00e9s procedent 100% d&#8217;Agricultura ecol\u00f2gica.<\/p>\n<p>Disponible pel pack en ampolla de vidre de 100 ml.<\/p>\n<h2>Caviar d&#8217;Oli d&#8217;Oliva Verge Extra<\/h2>\n<p>El <a href=\"https:\/\/www.loliferrer.com\/ca\/producte\/caviars\/caviar-oli-verge-extra\/\">caviar d&#8217;oli d&#8217;oliva verge extra<\/a>\u00a0L&#8217;Oli Ferrer \u00e9s una manera diferent de presentar l&#8217;oli d&#8217;oliva verge extra mitjan\u00e7ant la t\u00e8cnica de l\u2019esferificaci\u00f3. Aconseguim una aparen\u00e7a similar al caviar, encapsulant l&#8217;oli d&#8217;oliva de la varietat Picual en una c\u00e0psula de fina membrana, amb textura i aparen\u00e7a s\u00f2lida, per\u00f2 que cont\u00e9 el l\u00edquid de l&#8217;oli d&#8217;oliva en el seu interior.<\/p>\n<p>Una manera diferent de presentar l&#8217;Oli d&#8217;oliva, en forma de perles que esclaten en el nostre paladar abans d&#8217;integrar-se amb la resta dels ingredients del plat, ens proporciona una experi\u00e8ncia gastron\u00f2mica i aporta un toc avantguardista als nostres plats.<\/p>\n<p>Recomanem abans de la seva obertura moure l&#8217;env\u00e0s de vidre, per a alliberar l&#8217;aroma de la varietat picual. Sempre han d&#8217;estar hidratades pel seu propi oli d&#8217;oliva.<\/p>\n<p>Conservar les esferes de l&#8217;oli d&#8217;oliva verge extra en fred una vegada obert l&#8217;env\u00e0s, protegides de la llum i olors.<\/p>\n<p>Disponible pel pack en pot de vidre de 50 gr.<\/p>\n<h2>Flor de Sal del Mediterrani<\/h2>\n<p>La <a href=\"https:\/\/www.loliferrer.com\/ca\/categoria-producte\/flor-sal\/\">Flor de Sal del Mediterrani L\u2019Oli Ferre<\/a>r, es diu aix\u00ed per la seva forma de flor, \u00e9s la m\u00e9s pura de les sals marines, que es cristal\u00b7litza en fines l\u00e0mines en la superf\u00edcie de la mar per l&#8217;evaporaci\u00f3 de l&#8217;aigua marina. Es recull manualment mitjan\u00e7ant procediments artesanals, de les salines del Delta de l&#8217;Ebre (Tarragona), entre els mesos d&#8217;abril a setembre i posteriorment assecada al sol.<\/p>\n<p>\u00c9s una flor de sal d&#8217;alta qualitat pel seu sabor i les seves nombroses propietats, ja que \u00e9s la sal marina que cont\u00e9 m\u00e9s nutrients, uns 80 minerals i un 80% dels oligoelements que l&#8217;organisme necessita com a ferro, iode, magnesi, fluor i potassi. 100% natural i sense additius.<\/p>\n<p>Disponible pel pack en pot de vidre de 50 gr.<\/p>\n<p>Disponible a la nostra botiga online en estoig regal de Vinagre org\u00e0nic 100 ml+ Caviar d&#8217;oli d&#8217;oliva verge extra 50 gr + Flor de Sal del Mediterrani 50 gr. , amb escuma interior i mesures 25*16,5*5 (opci\u00f3 permesa per a portar en l&#8217;avi\u00f3 en cabina).<\/p>\n<p>Consulta altres opcions en format de 200 ml. i de <a href=\"https:\/\/www.loliferrer.com\/ca\/categoria-producte\/packs-regal-gourmet\/\">packs gourmets per a regals d&#8217;empresa<\/a>.<\/p>\n","protected":false},"excerpt":{"rendered":"<h2>Pack Regal Delicatessen<\/h2>\n<p>Pack Regal amb productes ecol\u00f2gics com el Vinagre org\u00e0nic de Pedro Xim\u00e8nez i la Flor de Sal del Mediterrani, que podem combinar amb el Caviar d&#8217;Oli d&#8217;oliva verge extra de la varietat Picual. Un regal gurmet original que fa feli\u00e7 als m\u00e9s foodies que busquen qualitat per a les seves creacions gastron\u00f2miques i idees diferents per a sorprendre amb els seus regals.<\/p>\n<h2><\/h2>\n","protected":false},"featured_media":2075,"comment_status":"open","ping_status":"closed","template":"","meta":[],"product_cat":[135],"product_tag":[],"class_list":{"0":"post-1420","1":"product","2":"type-product","3":"status-publish","4":"has-post-thumbnail","6":"product_cat-packs-regal-gourmet","8":"first","9":"instock","10":"taxable","11":"shipping-taxable","12":"purchasable","13":"product-type-simple"},"yoast_head":"<!-- This site is optimized with the Yoast SEO plugin v23.1 - https:\/\/yoast.com\/wordpress\/plugins\/seo\/ -->\n<title>Pack Regal Delicatessen  Vinagre org\u00e0nic Bals\u00e0mic de Pedro Xim\u00e8nez, Caviar d&#039;Oli d&#039;Oliva Verge Extra i Flor de Sal del Mediterrani - L&#039;Oli Ferrer<\/title>\n<meta name=\"robots\" content=\"index, follow, max-snippet:-1, max-image-preview:large, max-video-preview:-1\" \/>\n<link rel=\"canonical\" href=\"https:\/\/www.loliferrer.com\/ca\/producto\/vinagre-organico-de-pedro-ximenez-caviar-de-aceite-de-oliva-virgen-extra-flor-de-sal-del-mediterraneo\/\" \/>\n<meta property=\"og:locale\" content=\"ca_ES\" \/>\n<meta property=\"og:type\" content=\"article\" \/>\n<meta property=\"og:title\" content=\"Pack Regal Delicatessen  Vinagre org\u00e0nic Bals\u00e0mic de Pedro Xim\u00e8nez, Caviar d&#039;Oli d&#039;Oliva Verge Extra i Flor de Sal del Mediterrani - L&#039;Oli Ferrer\" \/>\n<meta property=\"og:description\" content=\"Pack Regal Delicatessen Pack Regal amb productes ecol\u00f2gics com el Vinagre org\u00e0nic de Pedro Xim\u00e8nez i la Flor de Sal del Mediterrani, que podem combinar amb el Caviar d&#039;Oli d&#039;oliva verge extra de la varietat Picual. Un regal gurmet original que fa feli\u00e7 als m\u00e9s foodies que busquen qualitat per a les seves creacions gastron\u00f2miques i idees diferents per a sorprendre amb els seus regals.\" \/>\n<meta property=\"og:url\" content=\"https:\/\/www.loliferrer.com\/ca\/producto\/vinagre-organico-de-pedro-ximenez-caviar-de-aceite-de-oliva-virgen-extra-flor-de-sal-del-mediterraneo\/\" \/>\n<meta property=\"og:site_name\" content=\"L&#039;Oli Ferrer\" \/>\n<meta property=\"article:modified_time\" content=\"2020-05-26T10:57:14+00:00\" \/>\n<meta property=\"og:image\" content=\"https:\/\/www.loliferrer.com\/wp-content\/uploads\/packvinagre_sal1.jpg\" \/>\n\t<meta property=\"og:image:width\" content=\"2280\" \/>\n\t<meta property=\"og:image:height\" content=\"3106\" \/>\n\t<meta property=\"og:image:type\" content=\"image\/jpeg\" \/>\n<meta name=\"twitter:card\" content=\"summary_large_image\" \/>\n<meta name=\"twitter:label1\" content=\"Temps estimat de lectura\" \/>\n\t<meta name=\"twitter:data1\" content=\"3 minuts\" \/>\n<script type=\"application\/ld+json\" class=\"yoast-schema-graph\">{\"@context\":\"https:\/\/schema.org\",\"@graph\":[{\"@type\":\"WebPage\",\"@id\":\"https:\/\/www.loliferrer.com\/ca\/producto\/vinagre-organico-de-pedro-ximenez-caviar-de-aceite-de-oliva-virgen-extra-flor-de-sal-del-mediterraneo\/\",\"url\":\"https:\/\/www.loliferrer.com\/ca\/producto\/vinagre-organico-de-pedro-ximenez-caviar-de-aceite-de-oliva-virgen-extra-flor-de-sal-del-mediterraneo\/\",\"name\":\"Pack Regal Delicatessen Vinagre org\u00e0nic Bals\u00e0mic de Pedro Xim\u00e8nez, Caviar d'Oli d'Oliva Verge Extra i Flor de Sal del Mediterrani - L'Oli Ferrer\",\"isPartOf\":{\"@id\":\"https:\/\/www.loliferrer.com\/ca\/#website\"},\"primaryImageOfPage\":{\"@id\":\"https:\/\/www.loliferrer.com\/ca\/producto\/vinagre-organico-de-pedro-ximenez-caviar-de-aceite-de-oliva-virgen-extra-flor-de-sal-del-mediterraneo\/#primaryimage\"},\"image\":{\"@id\":\"https:\/\/www.loliferrer.com\/ca\/producto\/vinagre-organico-de-pedro-ximenez-caviar-de-aceite-de-oliva-virgen-extra-flor-de-sal-del-mediterraneo\/#primaryimage\"},\"thumbnailUrl\":\"https:\/\/www.loliferrer.com\/wp-content\/uploads\/packvinagre_sal1.jpg\",\"datePublished\":\"2015-12-18T16:25:23+00:00\",\"dateModified\":\"2020-05-26T10:57:14+00:00\",\"breadcrumb\":{\"@id\":\"https:\/\/www.loliferrer.com\/ca\/producto\/vinagre-organico-de-pedro-ximenez-caviar-de-aceite-de-oliva-virgen-extra-flor-de-sal-del-mediterraneo\/#breadcrumb\"},\"inLanguage\":\"ca\",\"potentialAction\":[{\"@type\":\"ReadAction\",\"target\":[\"https:\/\/www.loliferrer.com\/ca\/producto\/vinagre-organico-de-pedro-ximenez-caviar-de-aceite-de-oliva-virgen-extra-flor-de-sal-del-mediterraneo\/\"]}]},{\"@type\":\"ImageObject\",\"inLanguage\":\"ca\",\"@id\":\"https:\/\/www.loliferrer.com\/ca\/producto\/vinagre-organico-de-pedro-ximenez-caviar-de-aceite-de-oliva-virgen-extra-flor-de-sal-del-mediterraneo\/#primaryimage\",\"url\":\"https:\/\/www.loliferrer.com\/wp-content\/uploads\/packvinagre_sal1.jpg\",\"contentUrl\":\"https:\/\/www.loliferrer.com\/wp-content\/uploads\/packvinagre_sal1.jpg\",\"width\":2280,\"height\":3106},{\"@type\":\"BreadcrumbList\",\"@id\":\"https:\/\/www.loliferrer.com\/ca\/producto\/vinagre-organico-de-pedro-ximenez-caviar-de-aceite-de-oliva-virgen-extra-flor-de-sal-del-mediterraneo\/#breadcrumb\",\"itemListElement\":[{\"@type\":\"ListItem\",\"position\":1,\"name\":\"Portada\",\"item\":\"https:\/\/www.loliferrer.com\/ca\/\"},{\"@type\":\"ListItem\",\"position\":2,\"name\":\"Productes gourmet ecol\u00f2gics\",\"item\":\"https:\/\/www.loliferrer.com\/ca\/productes-gourmet-ecologics\/\"},{\"@type\":\"ListItem\",\"position\":3,\"name\":\"Pack Regal Delicatessen Vinagre org\u00e0nic Bals\u00e0mic de Pedro Xim\u00e8nez, Caviar d&#8217;Oli d&#8217;Oliva Verge Extra i Flor de Sal del Mediterrani\"}]},{\"@type\":\"WebSite\",\"@id\":\"https:\/\/www.loliferrer.com\/ca\/#website\",\"url\":\"https:\/\/www.loliferrer.com\/ca\/\",\"name\":\"L'Oli Ferrer\",\"description\":\"Tienda Online de Productos Gourmet\",\"publisher\":{\"@id\":\"https:\/\/www.loliferrer.com\/ca\/#organization\"},\"potentialAction\":[{\"@type\":\"SearchAction\",\"target\":{\"@type\":\"EntryPoint\",\"urlTemplate\":\"https:\/\/www.loliferrer.com\/ca\/?s={search_term_string}\"},\"query-input\":\"required name=search_term_string\"}],\"inLanguage\":\"ca\"},{\"@type\":\"Organization\",\"@id\":\"https:\/\/www.loliferrer.com\/ca\/#organization\",\"name\":\"L'oli Ferrer\",\"url\":\"https:\/\/www.loliferrer.com\/ca\/\",\"logo\":{\"@type\":\"ImageObject\",\"inLanguage\":\"ca\",\"@id\":\"https:\/\/www.loliferrer.com\/ca\/#\/schema\/logo\/image\/\",\"url\":\"https:\/\/www.loliferrer.com\/wp-content\/uploads\/logo-catavins-loliferrer-2018.png\",\"contentUrl\":\"https:\/\/www.loliferrer.com\/wp-content\/uploads\/logo-catavins-loliferrer-2018.png\",\"width\":302,\"height\":123,\"caption\":\"L'oli Ferrer\"},\"image\":{\"@id\":\"https:\/\/www.loliferrer.com\/ca\/#\/schema\/logo\/image\/\"}}]}<\/script>\n<!-- \/ Yoast SEO plugin. -->","yoast_head_json":{"title":"Pack Regal Delicatessen  Vinagre org\u00e0nic Bals\u00e0mic de Pedro Xim\u00e8nez, Caviar d'Oli d'Oliva Verge Extra i Flor de Sal del Mediterrani - L'Oli Ferrer","robots":{"index":"index","follow":"follow","max-snippet":"max-snippet:-1","max-image-preview":"max-image-preview:large","max-video-preview":"max-video-preview:-1"},"canonical":"https:\/\/www.loliferrer.com\/ca\/producto\/vinagre-organico-de-pedro-ximenez-caviar-de-aceite-de-oliva-virgen-extra-flor-de-sal-del-mediterraneo\/","og_locale":"ca_ES","og_type":"article","og_title":"Pack Regal Delicatessen  Vinagre org\u00e0nic Bals\u00e0mic de Pedro Xim\u00e8nez, Caviar d'Oli d'Oliva Verge Extra i Flor de Sal del Mediterrani - L'Oli Ferrer","og_description":"Pack Regal Delicatessen Pack Regal amb productes ecol\u00f2gics com el Vinagre org\u00e0nic de Pedro Xim\u00e8nez i la Flor de Sal del Mediterrani, que podem combinar amb el Caviar d'Oli d'oliva verge extra de la varietat Picual. Un regal gurmet original que fa feli\u00e7 als m\u00e9s foodies que busquen qualitat per a les seves creacions gastron\u00f2miques i idees diferents per a sorprendre amb els seus regals.","og_url":"https:\/\/www.loliferrer.com\/ca\/producto\/vinagre-organico-de-pedro-ximenez-caviar-de-aceite-de-oliva-virgen-extra-flor-de-sal-del-mediterraneo\/","og_site_name":"L'Oli Ferrer","article_modified_time":"2020-05-26T10:57:14+00:00","og_image":[{"width":2280,"height":3106,"url":"https:\/\/www.loliferrer.com\/wp-content\/uploads\/packvinagre_sal1.jpg","type":"image\/jpeg"}],"twitter_card":"summary_large_image","twitter_misc":{"Temps estimat de lectura":"3 minuts"},"schema":{"@context":"https:\/\/schema.org","@graph":[{"@type":"WebPage","@id":"https:\/\/www.loliferrer.com\/ca\/producto\/vinagre-organico-de-pedro-ximenez-caviar-de-aceite-de-oliva-virgen-extra-flor-de-sal-del-mediterraneo\/","url":"https:\/\/www.loliferrer.com\/ca\/producto\/vinagre-organico-de-pedro-ximenez-caviar-de-aceite-de-oliva-virgen-extra-flor-de-sal-del-mediterraneo\/","name":"Pack Regal Delicatessen Vinagre org\u00e0nic Bals\u00e0mic de Pedro Xim\u00e8nez, Caviar d'Oli d'Oliva Verge Extra i Flor de Sal del Mediterrani - L'Oli Ferrer","isPartOf":{"@id":"https:\/\/www.loliferrer.com\/ca\/#website"},"primaryImageOfPage":{"@id":"https:\/\/www.loliferrer.com\/ca\/producto\/vinagre-organico-de-pedro-ximenez-caviar-de-aceite-de-oliva-virgen-extra-flor-de-sal-del-mediterraneo\/#primaryimage"},"image":{"@id":"https:\/\/www.loliferrer.com\/ca\/producto\/vinagre-organico-de-pedro-ximenez-caviar-de-aceite-de-oliva-virgen-extra-flor-de-sal-del-mediterraneo\/#primaryimage"},"thumbnailUrl":"https:\/\/www.loliferrer.com\/wp-content\/uploads\/packvinagre_sal1.jpg","datePublished":"2015-12-18T16:25:23+00:00","dateModified":"2020-05-26T10:57:14+00:00","breadcrumb":{"@id":"https:\/\/www.loliferrer.com\/ca\/producto\/vinagre-organico-de-pedro-ximenez-caviar-de-aceite-de-oliva-virgen-extra-flor-de-sal-del-mediterraneo\/#breadcrumb"},"inLanguage":"ca","potentialAction":[{"@type":"ReadAction","target":["https:\/\/www.loliferrer.com\/ca\/producto\/vinagre-organico-de-pedro-ximenez-caviar-de-aceite-de-oliva-virgen-extra-flor-de-sal-del-mediterraneo\/"]}]},{"@type":"ImageObject","inLanguage":"ca","@id":"https:\/\/www.loliferrer.com\/ca\/producto\/vinagre-organico-de-pedro-ximenez-caviar-de-aceite-de-oliva-virgen-extra-flor-de-sal-del-mediterraneo\/#primaryimage","url":"https:\/\/www.loliferrer.com\/wp-content\/uploads\/packvinagre_sal1.jpg","contentUrl":"https:\/\/www.loliferrer.com\/wp-content\/uploads\/packvinagre_sal1.jpg","width":2280,"height":3106},{"@type":"BreadcrumbList","@id":"https:\/\/www.loliferrer.com\/ca\/producto\/vinagre-organico-de-pedro-ximenez-caviar-de-aceite-de-oliva-virgen-extra-flor-de-sal-del-mediterraneo\/#breadcrumb","itemListElement":[{"@type":"ListItem","position":1,"name":"Portada","item":"https:\/\/www.loliferrer.com\/ca\/"},{"@type":"ListItem","position":2,"name":"Productes gourmet ecol\u00f2gics","item":"https:\/\/www.loliferrer.com\/ca\/productes-gourmet-ecologics\/"},{"@type":"ListItem","position":3,"name":"Pack Regal Delicatessen Vinagre org\u00e0nic Bals\u00e0mic de Pedro Xim\u00e8nez, Caviar d&#8217;Oli d&#8217;Oliva Verge Extra i Flor de Sal del Mediterrani"}]},{"@type":"WebSite","@id":"https:\/\/www.loliferrer.com\/ca\/#website","url":"https:\/\/www.loliferrer.com\/ca\/","name":"L'Oli Ferrer","description":"Tienda Online de Productos Gourmet","publisher":{"@id":"https:\/\/www.loliferrer.com\/ca\/#organization"},"potentialAction":[{"@type":"SearchAction","target":{"@type":"EntryPoint","urlTemplate":"https:\/\/www.loliferrer.com\/ca\/?s={search_term_string}"},"query-input":"required name=search_term_string"}],"inLanguage":"ca"},{"@type":"Organization","@id":"https:\/\/www.loliferrer.com\/ca\/#organization","name":"L'oli Ferrer","url":"https:\/\/www.loliferrer.com\/ca\/","logo":{"@type":"ImageObject","inLanguage":"ca","@id":"https:\/\/www.loliferrer.com\/ca\/#\/schema\/logo\/image\/","url":"https:\/\/www.loliferrer.com\/wp-content\/uploads\/logo-catavins-loliferrer-2018.png","contentUrl":"https:\/\/www.loliferrer.com\/wp-content\/uploads\/logo-catavins-loliferrer-2018.png","width":302,"height":123,"caption":"L'oli Ferrer"},"image":{"@id":"https:\/\/www.loliferrer.com\/ca\/#\/schema\/logo\/image\/"}}]}},"_links":{"self":[{"href":"https:\/\/www.loliferrer.com\/ca\/wp-json\/wp\/v2\/product\/1420"}],"collection":[{"href":"https:\/\/www.loliferrer.com\/ca\/wp-json\/wp\/v2\/product"}],"about":[{"href":"https:\/\/www.loliferrer.com\/ca\/wp-json\/wp\/v2\/types\/product"}],"replies":[{"embeddable":true,"href":"https:\/\/www.loliferrer.com\/ca\/wp-json\/wp\/v2\/comments?post=1420"}],"wp:featuredmedia":[{"embeddable":true,"href":"https:\/\/www.loliferrer.com\/ca\/wp-json\/wp\/v2\/media\/2075"}],"wp:attachment":[{"href":"https:\/\/www.loliferrer.com\/ca\/wp-json\/wp\/v2\/media?parent=1420"}],"wp:term":[{"taxonomy":"product_cat","embeddable":true,"href":"https:\/\/www.loliferrer.com\/ca\/wp-json\/wp\/v2\/product_cat?post=1420"},{"taxonomy":"product_tag","embeddable":true,"href":"https:\/\/www.loliferrer.com\/ca\/wp-json\/wp\/v2\/product_tag?post=1420"}],"curies":[{"name":"wp","href":"https:\/\/api.w.org\/{rel}","templated":true}]}}