{"id":1389,"date":"2015-12-18T12:19:20","date_gmt":"2015-12-18T11:19:20","guid":{"rendered":"https:\/\/www.loliferrer.com\/ca\/producte\/elegance-barcelona-aceite-oliva-virgen-extra-caviar-vinagre-balsamico-pedro-ximenez-flor-sal-del-mediterraneo\/"},"modified":"2022-03-28T22:01:25","modified_gmt":"2022-03-28T20:01:25","slug":"elegance-barcelona-aceite-oliva-virgen-extra-caviar-vinagre-balsamico-pedro-ximenez-flor-sal-del-mediterraneo","status":"publish","type":"product","link":"https:\/\/www.loliferrer.com\/ca\/producto\/elegance-barcelona-aceite-oliva-virgen-extra-caviar-vinagre-balsamico-pedro-ximenez-flor-sal-del-mediterraneo\/","title":{"rendered":"Pack Regal Experi\u00e8ncia Gourmet Oli d&#8217;Oliva Verge Extra Elegance Barcelona, Caviar de Vinagre Bals\u00e0mic de Pedro Xim\u00e8nez i Flor de Sal del Mediterrani"},"content":{"rendered":"<h2>Oli d&#8217;oliva verge extra Elegance Barcelona By L\u2019Oli Ferrer<\/h2>\n<p>L\u2019<a href=\"https:\/\/www.loliferrer.com\/ca\/producte\/packs-regal-gourmet\/elegance-barcelona-by-loli-ferrer\/\">OOVE Elegance Barcelona by L\u2019Oli Ferrer,<\/a> \u00e9s un Oli d&#8217;Oliva Verge Extra de primera premsada en fred i recol\u00b7lectat entre el mes d&#8217;Octubre i novembre. Elaborat 100% amb olives arbequines, d&#8217;oliveres centen\u00e0ries de la denominaci\u00f3 Siurana (Tarragona).<\/p>\n<p>Amb Elegance Barcelona by L\u2019Oli Ferrer obtenim una acidesa baixa, que normalment est\u00e0 entre 0,10\u00b0-0,25\u00b0, en funci\u00f3 de la climatologia de cada collita.<\/p>\n<p>Elegance Barcelona \u00e9s un oli d&#8217;oliva en el qual pod\u00edem destacar que \u00e9s elegant, a l&#8217;inici de la campanya t\u00e9 un color m\u00e9s verd\u00f3s a causa de la clorofil\u00b7la de l&#8217;oliva, i a mesura que va madurant, la tonalitat \u00e9s m\u00e9s daurada. En nas \u00e9s afruitat, amb aromes d&#8217;herba acabada de tallar, fruita fresca, en boca suau, dol\u00e7 i amb un lleuger picant al retrogust.<\/p>\n<p>Un oli d&#8217;oliva per tota la fam\u00edlia, des dels m\u00e9s petits als grans de la casa pels n\u00famerosos beneficis per a la salut. 100% Natural i saludable i apte per a vegans.<\/p>\n<p>Disponible en format env\u00e0s de vidre de 100 ml.<\/p>\n<h2>Caviar de Vinagre Bals\u00e0mic de Pedro Xim\u00e8nez L\u2019Oli Ferrer<\/h2>\n<p><a href=\"https:\/\/www.loliferrer.com\/ca\/categoria-producte\/caviars\/\">Caviar de vinagre bals\u00e0mic de Pedro Xim\u00e8nez L\u2019OLI FERRER<\/a>, una nova manera de presentar el vinagre,reserva bals\u00e0mic, en el qual s&#8217;aconsegueix presentar el vinagre mitjan\u00e7ant la t\u00e8cnica de l\u2019esferificaci\u00f3, on aconseguim encapsular-lo en una perla amb fina membrana i obtenim un producte similar al caviar, amb aparen\u00e7a s\u00f2lida per\u00f2 que cont\u00e9 en el seu interior el l\u00edquid del vinagre.<\/p>\n<p>Un producte delicatessen com el caviar de vinagre bals\u00e0mic que ens proporciona una explosi\u00f3 de sabor, transmet la puresa de la mat\u00e8ria primera del vinagre, reservi abans de barrejar-se amb la resta dels ingredients.<\/p>\n<p>La utilitzaci\u00f3 del caviar de vinagre seria en tots els plats on utilitzem el vinagre en cru per\u00f2 donant-li un toc sofisticat a les nostres creacions culin\u00e0ries. A m\u00e9s de sorprendre els nostres comensals, ser\u00e0 un \u00e8xit assegurat.<\/p>\n<p>Disponible en format env\u00e0s de vidre de 60 g.<\/p>\n<p>Recomanem abans de la seva obertura moure l&#8217;env\u00e0s de vidre, per a alliberar l&#8217;aroma del vinagre de Pedro Xim\u00e8nez. Sempre han d&#8217;estar hidratades pel seu propi vinagre.<\/p>\n<p>Conservar les esferes del vinagre de PX en fred una vegada obert l&#8217;env\u00e0s protegides de la llum i olors.<\/p>\n<h2>Flor de Sal del Mediterrani L\u2019Oli Ferrer<\/h2>\n<p>La <a href=\"https:\/\/www.loliferrer.com\/ca\/categoria-producte\/flor-sal\/\">Flor de Sal del Mediterrani L\u2019Oli Ferre<\/a>r, \u00e9s una sal ecol\u00f2gica gurmet, \u00e9s la sal marina de m\u00e9s alta qualitat, per les seves propietats i nutrients, aix\u00ed com el seu sabor. Es cristal\u00b7litza en la superf\u00edcie de l&#8217;aigua, en l\u00e0mines fines per l&#8217;evaporaci\u00f3 de l&#8217;aigua, i \u00e9s recol\u00b7lectada en forma de flor de sal de les capes superiors de les Salines i recollida manualment per t\u00e8cniques artesanals a les Salines del Delta de l&#8217;Ebre (Tarragona)<\/p>\n<p>La flor de sal \u00e9s 100% natural i no ha estat sotmesa a cap tractament, no t\u00e9 additius, ni conservants. A l&#8217;\u00e9sser d&#8217;origen mar\u00ed es caracteritza per contenir 80 minerals i tenir un 80% dels oligoelements que s\u00f3n necessaris per a l&#8217;organisme, com el magnesi, el iode, el potassi,<\/p>\n<p>Disponible en pot de vidre de 50 gr.<\/p>\n<p>Disponible a la nostra botiga online en estoig regal d\u2019OOVE Elegance Barcelona 100 ml+ Caviar de Vinagre Bals\u00e0mic de Pedro Xim\u00e9nez 60 gr. + Flor de Sal del Mediterrani 50 gr, \u00a0amb escuma interior i mesures 25*16,5*5 (opci\u00f3 permesa per a portar en l&#8217;avi\u00f3 a cabina).<\/p>\n<p>Consultar altres opcions de packs regal gourmet combinats amb la gamma de productes gourmet L\u2019Oli Ferrer<\/p>\n","protected":false},"excerpt":{"rendered":"<h2>Pack Regal Experi\u00e8ncia Gourmet<\/h2>\n<p>Un estoig combinat especial i molt complet, ideal per a fer un regal gourmet diferent pels paladars m\u00e9s exigents, tots els elements que necessitem per a fer les propostes gastron\u00f2miques m\u00e9s avantguardistes. Una experi\u00e8ncia gourmet que no deixa indiferent.<\/p>\n","protected":false},"featured_media":4345,"comment_status":"open","ping_status":"closed","template":"","meta":[],"product_cat":[135],"product_tag":[],"class_list":{"0":"post-1389","1":"product","2":"type-product","3":"status-publish","4":"has-post-thumbnail","6":"product_cat-packs-regal-gourmet","8":"first","9":"instock","10":"taxable","11":"shipping-taxable","12":"purchasable","13":"product-type-simple"},"yoast_head":"<!-- This site is optimized with the Yoast SEO plugin v23.1 - https:\/\/yoast.com\/wordpress\/plugins\/seo\/ -->\n<title>Pack Regal Experi\u00e8ncia Gourmet Oli d&#039;Oliva Verge Extra Elegance Barcelona, Caviar de Vinagre Bals\u00e0mic de Pedro Xim\u00e8nez i Flor de Sal del Mediterrani - L&#039;Oli Ferrer<\/title>\n<meta name=\"robots\" content=\"index, follow, max-snippet:-1, max-image-preview:large, max-video-preview:-1\" \/>\n<link rel=\"canonical\" href=\"https:\/\/www.loliferrer.com\/ca\/producto\/elegance-barcelona-aceite-oliva-virgen-extra-caviar-vinagre-balsamico-pedro-ximenez-flor-sal-del-mediterraneo\/\" \/>\n<meta property=\"og:locale\" content=\"ca_ES\" \/>\n<meta property=\"og:type\" content=\"article\" \/>\n<meta property=\"og:title\" content=\"Pack Regal Experi\u00e8ncia Gourmet Oli d&#039;Oliva Verge Extra Elegance Barcelona, Caviar de Vinagre Bals\u00e0mic de Pedro Xim\u00e8nez i Flor de Sal del Mediterrani - L&#039;Oli Ferrer\" \/>\n<meta property=\"og:description\" content=\"Pack Regal Experi\u00e8ncia Gourmet Un estoig combinat especial i molt complet, ideal per a fer un regal gourmet diferent pels paladars m\u00e9s exigents, tots els elements que necessitem per a fer les propostes gastron\u00f2miques m\u00e9s avantguardistes. Una experi\u00e8ncia gourmet que no deixa indiferent.\" \/>\n<meta property=\"og:url\" content=\"https:\/\/www.loliferrer.com\/ca\/producto\/elegance-barcelona-aceite-oliva-virgen-extra-caviar-vinagre-balsamico-pedro-ximenez-flor-sal-del-mediterraneo\/\" \/>\n<meta property=\"og:site_name\" content=\"L&#039;Oli Ferrer\" \/>\n<meta property=\"article:modified_time\" content=\"2022-03-28T20:01:25+00:00\" \/>\n<meta property=\"og:image\" content=\"https:\/\/www.loliferrer.com\/wp-content\/uploads\/pack-gourmet-aove-elegance-caviar-de-vinagre-pedro-ximenez-flor-de-sal-mediterraneo-loliferrer-1-scaled.jpg\" \/>\n\t<meta property=\"og:image:width\" content=\"1810\" \/>\n\t<meta property=\"og:image:height\" content=\"2560\" \/>\n\t<meta property=\"og:image:type\" content=\"image\/jpeg\" \/>\n<meta name=\"twitter:card\" content=\"summary_large_image\" \/>\n<meta name=\"twitter:label1\" content=\"Temps estimat de lectura\" \/>\n\t<meta name=\"twitter:data1\" content=\"3 minuts\" \/>\n<script type=\"application\/ld+json\" class=\"yoast-schema-graph\">{\"@context\":\"https:\/\/schema.org\",\"@graph\":[{\"@type\":\"WebPage\",\"@id\":\"https:\/\/www.loliferrer.com\/ca\/producto\/elegance-barcelona-aceite-oliva-virgen-extra-caviar-vinagre-balsamico-pedro-ximenez-flor-sal-del-mediterraneo\/\",\"url\":\"https:\/\/www.loliferrer.com\/ca\/producto\/elegance-barcelona-aceite-oliva-virgen-extra-caviar-vinagre-balsamico-pedro-ximenez-flor-sal-del-mediterraneo\/\",\"name\":\"Pack Regal Experi\u00e8ncia Gourmet Oli d'Oliva Verge Extra Elegance Barcelona, Caviar de Vinagre Bals\u00e0mic de Pedro Xim\u00e8nez i Flor de Sal del Mediterrani - L'Oli Ferrer\",\"isPartOf\":{\"@id\":\"https:\/\/www.loliferrer.com\/ca\/#website\"},\"primaryImageOfPage\":{\"@id\":\"https:\/\/www.loliferrer.com\/ca\/producto\/elegance-barcelona-aceite-oliva-virgen-extra-caviar-vinagre-balsamico-pedro-ximenez-flor-sal-del-mediterraneo\/#primaryimage\"},\"image\":{\"@id\":\"https:\/\/www.loliferrer.com\/ca\/producto\/elegance-barcelona-aceite-oliva-virgen-extra-caviar-vinagre-balsamico-pedro-ximenez-flor-sal-del-mediterraneo\/#primaryimage\"},\"thumbnailUrl\":\"https:\/\/www.loliferrer.com\/wp-content\/uploads\/pack-gourmet-aove-elegance-caviar-de-vinagre-pedro-ximenez-flor-de-sal-mediterraneo-loliferrer-1-scaled.jpg\",\"datePublished\":\"2015-12-18T11:19:20+00:00\",\"dateModified\":\"2022-03-28T20:01:25+00:00\",\"breadcrumb\":{\"@id\":\"https:\/\/www.loliferrer.com\/ca\/producto\/elegance-barcelona-aceite-oliva-virgen-extra-caviar-vinagre-balsamico-pedro-ximenez-flor-sal-del-mediterraneo\/#breadcrumb\"},\"inLanguage\":\"ca\",\"potentialAction\":[{\"@type\":\"ReadAction\",\"target\":[\"https:\/\/www.loliferrer.com\/ca\/producto\/elegance-barcelona-aceite-oliva-virgen-extra-caviar-vinagre-balsamico-pedro-ximenez-flor-sal-del-mediterraneo\/\"]}]},{\"@type\":\"ImageObject\",\"inLanguage\":\"ca\",\"@id\":\"https:\/\/www.loliferrer.com\/ca\/producto\/elegance-barcelona-aceite-oliva-virgen-extra-caviar-vinagre-balsamico-pedro-ximenez-flor-sal-del-mediterraneo\/#primaryimage\",\"url\":\"https:\/\/www.loliferrer.com\/wp-content\/uploads\/pack-gourmet-aove-elegance-caviar-de-vinagre-pedro-ximenez-flor-de-sal-mediterraneo-loliferrer-1-scaled.jpg\",\"contentUrl\":\"https:\/\/www.loliferrer.com\/wp-content\/uploads\/pack-gourmet-aove-elegance-caviar-de-vinagre-pedro-ximenez-flor-de-sal-mediterraneo-loliferrer-1-scaled.jpg\",\"width\":1810,\"height\":2560},{\"@type\":\"BreadcrumbList\",\"@id\":\"https:\/\/www.loliferrer.com\/ca\/producto\/elegance-barcelona-aceite-oliva-virgen-extra-caviar-vinagre-balsamico-pedro-ximenez-flor-sal-del-mediterraneo\/#breadcrumb\",\"itemListElement\":[{\"@type\":\"ListItem\",\"position\":1,\"name\":\"Portada\",\"item\":\"https:\/\/www.loliferrer.com\/ca\/\"},{\"@type\":\"ListItem\",\"position\":2,\"name\":\"Productes gourmet ecol\u00f2gics\",\"item\":\"https:\/\/www.loliferrer.com\/ca\/productes-gourmet-ecologics\/\"},{\"@type\":\"ListItem\",\"position\":3,\"name\":\"Pack Regal Experi\u00e8ncia Gourmet Oli d&#8217;Oliva Verge Extra Elegance Barcelona, Caviar de Vinagre Bals\u00e0mic de Pedro Xim\u00e8nez i Flor de Sal del Mediterrani\"}]},{\"@type\":\"WebSite\",\"@id\":\"https:\/\/www.loliferrer.com\/ca\/#website\",\"url\":\"https:\/\/www.loliferrer.com\/ca\/\",\"name\":\"L'Oli Ferrer\",\"description\":\"Tienda Online de Productos Gourmet\",\"publisher\":{\"@id\":\"https:\/\/www.loliferrer.com\/ca\/#organization\"},\"potentialAction\":[{\"@type\":\"SearchAction\",\"target\":{\"@type\":\"EntryPoint\",\"urlTemplate\":\"https:\/\/www.loliferrer.com\/ca\/?s={search_term_string}\"},\"query-input\":\"required name=search_term_string\"}],\"inLanguage\":\"ca\"},{\"@type\":\"Organization\",\"@id\":\"https:\/\/www.loliferrer.com\/ca\/#organization\",\"name\":\"L'oli Ferrer\",\"url\":\"https:\/\/www.loliferrer.com\/ca\/\",\"logo\":{\"@type\":\"ImageObject\",\"inLanguage\":\"ca\",\"@id\":\"https:\/\/www.loliferrer.com\/ca\/#\/schema\/logo\/image\/\",\"url\":\"https:\/\/www.loliferrer.com\/wp-content\/uploads\/logo-catavins-loliferrer-2018.png\",\"contentUrl\":\"https:\/\/www.loliferrer.com\/wp-content\/uploads\/logo-catavins-loliferrer-2018.png\",\"width\":302,\"height\":123,\"caption\":\"L'oli Ferrer\"},\"image\":{\"@id\":\"https:\/\/www.loliferrer.com\/ca\/#\/schema\/logo\/image\/\"}}]}<\/script>\n<!-- \/ Yoast SEO plugin. -->","yoast_head_json":{"title":"Pack Regal Experi\u00e8ncia Gourmet Oli d'Oliva Verge Extra Elegance Barcelona, Caviar de Vinagre Bals\u00e0mic de Pedro Xim\u00e8nez i Flor de Sal del Mediterrani - L'Oli Ferrer","robots":{"index":"index","follow":"follow","max-snippet":"max-snippet:-1","max-image-preview":"max-image-preview:large","max-video-preview":"max-video-preview:-1"},"canonical":"https:\/\/www.loliferrer.com\/ca\/producto\/elegance-barcelona-aceite-oliva-virgen-extra-caviar-vinagre-balsamico-pedro-ximenez-flor-sal-del-mediterraneo\/","og_locale":"ca_ES","og_type":"article","og_title":"Pack Regal Experi\u00e8ncia Gourmet Oli d'Oliva Verge Extra Elegance Barcelona, Caviar de Vinagre Bals\u00e0mic de Pedro Xim\u00e8nez i Flor de Sal del Mediterrani - L'Oli Ferrer","og_description":"Pack Regal Experi\u00e8ncia Gourmet Un estoig combinat especial i molt complet, ideal per a fer un regal gourmet diferent pels paladars m\u00e9s exigents, tots els elements que necessitem per a fer les propostes gastron\u00f2miques m\u00e9s avantguardistes. Una experi\u00e8ncia gourmet que no deixa indiferent.","og_url":"https:\/\/www.loliferrer.com\/ca\/producto\/elegance-barcelona-aceite-oliva-virgen-extra-caviar-vinagre-balsamico-pedro-ximenez-flor-sal-del-mediterraneo\/","og_site_name":"L'Oli Ferrer","article_modified_time":"2022-03-28T20:01:25+00:00","og_image":[{"width":1810,"height":2560,"url":"https:\/\/www.loliferrer.com\/wp-content\/uploads\/pack-gourmet-aove-elegance-caviar-de-vinagre-pedro-ximenez-flor-de-sal-mediterraneo-loliferrer-1-scaled.jpg","type":"image\/jpeg"}],"twitter_card":"summary_large_image","twitter_misc":{"Temps estimat de lectura":"3 minuts"},"schema":{"@context":"https:\/\/schema.org","@graph":[{"@type":"WebPage","@id":"https:\/\/www.loliferrer.com\/ca\/producto\/elegance-barcelona-aceite-oliva-virgen-extra-caviar-vinagre-balsamico-pedro-ximenez-flor-sal-del-mediterraneo\/","url":"https:\/\/www.loliferrer.com\/ca\/producto\/elegance-barcelona-aceite-oliva-virgen-extra-caviar-vinagre-balsamico-pedro-ximenez-flor-sal-del-mediterraneo\/","name":"Pack Regal Experi\u00e8ncia Gourmet Oli d'Oliva Verge Extra Elegance Barcelona, Caviar de Vinagre Bals\u00e0mic de Pedro Xim\u00e8nez i Flor de Sal del Mediterrani - L'Oli Ferrer","isPartOf":{"@id":"https:\/\/www.loliferrer.com\/ca\/#website"},"primaryImageOfPage":{"@id":"https:\/\/www.loliferrer.com\/ca\/producto\/elegance-barcelona-aceite-oliva-virgen-extra-caviar-vinagre-balsamico-pedro-ximenez-flor-sal-del-mediterraneo\/#primaryimage"},"image":{"@id":"https:\/\/www.loliferrer.com\/ca\/producto\/elegance-barcelona-aceite-oliva-virgen-extra-caviar-vinagre-balsamico-pedro-ximenez-flor-sal-del-mediterraneo\/#primaryimage"},"thumbnailUrl":"https:\/\/www.loliferrer.com\/wp-content\/uploads\/pack-gourmet-aove-elegance-caviar-de-vinagre-pedro-ximenez-flor-de-sal-mediterraneo-loliferrer-1-scaled.jpg","datePublished":"2015-12-18T11:19:20+00:00","dateModified":"2022-03-28T20:01:25+00:00","breadcrumb":{"@id":"https:\/\/www.loliferrer.com\/ca\/producto\/elegance-barcelona-aceite-oliva-virgen-extra-caviar-vinagre-balsamico-pedro-ximenez-flor-sal-del-mediterraneo\/#breadcrumb"},"inLanguage":"ca","potentialAction":[{"@type":"ReadAction","target":["https:\/\/www.loliferrer.com\/ca\/producto\/elegance-barcelona-aceite-oliva-virgen-extra-caviar-vinagre-balsamico-pedro-ximenez-flor-sal-del-mediterraneo\/"]}]},{"@type":"ImageObject","inLanguage":"ca","@id":"https:\/\/www.loliferrer.com\/ca\/producto\/elegance-barcelona-aceite-oliva-virgen-extra-caviar-vinagre-balsamico-pedro-ximenez-flor-sal-del-mediterraneo\/#primaryimage","url":"https:\/\/www.loliferrer.com\/wp-content\/uploads\/pack-gourmet-aove-elegance-caviar-de-vinagre-pedro-ximenez-flor-de-sal-mediterraneo-loliferrer-1-scaled.jpg","contentUrl":"https:\/\/www.loliferrer.com\/wp-content\/uploads\/pack-gourmet-aove-elegance-caviar-de-vinagre-pedro-ximenez-flor-de-sal-mediterraneo-loliferrer-1-scaled.jpg","width":1810,"height":2560},{"@type":"BreadcrumbList","@id":"https:\/\/www.loliferrer.com\/ca\/producto\/elegance-barcelona-aceite-oliva-virgen-extra-caviar-vinagre-balsamico-pedro-ximenez-flor-sal-del-mediterraneo\/#breadcrumb","itemListElement":[{"@type":"ListItem","position":1,"name":"Portada","item":"https:\/\/www.loliferrer.com\/ca\/"},{"@type":"ListItem","position":2,"name":"Productes gourmet ecol\u00f2gics","item":"https:\/\/www.loliferrer.com\/ca\/productes-gourmet-ecologics\/"},{"@type":"ListItem","position":3,"name":"Pack Regal Experi\u00e8ncia Gourmet Oli d&#8217;Oliva Verge Extra Elegance Barcelona, Caviar de Vinagre Bals\u00e0mic de Pedro Xim\u00e8nez i Flor de Sal del Mediterrani"}]},{"@type":"WebSite","@id":"https:\/\/www.loliferrer.com\/ca\/#website","url":"https:\/\/www.loliferrer.com\/ca\/","name":"L'Oli Ferrer","description":"Tienda Online de Productos Gourmet","publisher":{"@id":"https:\/\/www.loliferrer.com\/ca\/#organization"},"potentialAction":[{"@type":"SearchAction","target":{"@type":"EntryPoint","urlTemplate":"https:\/\/www.loliferrer.com\/ca\/?s={search_term_string}"},"query-input":"required name=search_term_string"}],"inLanguage":"ca"},{"@type":"Organization","@id":"https:\/\/www.loliferrer.com\/ca\/#organization","name":"L'oli Ferrer","url":"https:\/\/www.loliferrer.com\/ca\/","logo":{"@type":"ImageObject","inLanguage":"ca","@id":"https:\/\/www.loliferrer.com\/ca\/#\/schema\/logo\/image\/","url":"https:\/\/www.loliferrer.com\/wp-content\/uploads\/logo-catavins-loliferrer-2018.png","contentUrl":"https:\/\/www.loliferrer.com\/wp-content\/uploads\/logo-catavins-loliferrer-2018.png","width":302,"height":123,"caption":"L'oli Ferrer"},"image":{"@id":"https:\/\/www.loliferrer.com\/ca\/#\/schema\/logo\/image\/"}}]}},"_links":{"self":[{"href":"https:\/\/www.loliferrer.com\/ca\/wp-json\/wp\/v2\/product\/1389"}],"collection":[{"href":"https:\/\/www.loliferrer.com\/ca\/wp-json\/wp\/v2\/product"}],"about":[{"href":"https:\/\/www.loliferrer.com\/ca\/wp-json\/wp\/v2\/types\/product"}],"replies":[{"embeddable":true,"href":"https:\/\/www.loliferrer.com\/ca\/wp-json\/wp\/v2\/comments?post=1389"}],"wp:featuredmedia":[{"embeddable":true,"href":"https:\/\/www.loliferrer.com\/ca\/wp-json\/wp\/v2\/media\/4345"}],"wp:attachment":[{"href":"https:\/\/www.loliferrer.com\/ca\/wp-json\/wp\/v2\/media?parent=1389"}],"wp:term":[{"taxonomy":"product_cat","embeddable":true,"href":"https:\/\/www.loliferrer.com\/ca\/wp-json\/wp\/v2\/product_cat?post=1389"},{"taxonomy":"product_tag","embeddable":true,"href":"https:\/\/www.loliferrer.com\/ca\/wp-json\/wp\/v2\/product_tag?post=1389"}],"curies":[{"name":"wp","href":"https:\/\/api.w.org\/{rel}","templated":true}]}}