{"id":1342,"date":"2015-12-17T20:39:08","date_gmt":"2015-12-17T19:39:08","guid":{"rendered":"https:\/\/www.loliferrer.com\/ca\/producto\/umami-aceite-de-oliva-virgen-extra-organico\/"},"modified":"2020-06-03T10:54:24","modified_gmt":"2020-06-03T08:54:24","slug":"essence-oli-d-oliva-verge-extra-organic","status":"publish","type":"product","link":"https:\/\/www.loliferrer.com\/ca\/producto\/essence-oli-d-oliva-verge-extra-organic\/","title":{"rendered":"Oli d&#8217;oliva verge extra org\u00e0nic ESSENCE BY L&#8217;OLI FERRER"},"content":{"rendered":"<h2>Oli d&#8217;oliva de collita primerenca<\/h2>\n<p>Al ser un oli d&#8217;oliva de collita primerenca, el rendiment \u00e9s inferior a un oli d&#8217;oliva verge extra tradicional; en l<strong>&#8216;Oli d&#8217;Oliva verge extra Essence BIO<\/strong> el rendiment est\u00e0 al voltant del 10-12%. Necessitem molts m\u00e9s quilos d&#8217;olives en verol per a elaborar la mateixa quantitat d&#8217;oli que amb olives madures.<\/p>\n<p>L&#8217;acidesa de l<strong>&#8216;oli d&#8217;oliva verge extra ecol\u00f2gic Essence by L\u2019Oli Ferrer \u00e9s de 0,1\u00b0<\/strong> aproximadament. L&#8217;acidesa dels olis verds de \u201ccollita primerenca\u201d \u00e9s inferior, dada que ens informa que \u00e9s un oli d&#8217;oliva d&#8217;alta qualitat; ja que quant menor \u00e9s l&#8217;acidesa major \u00e9s la qualitat de l&#8217;oli d&#8217;oliva extra verge. Indicatiu que tots els processos elaboraci\u00f3 des del camp seleccionant les olives i molturant a les poques hores de la recol\u00b7lecci\u00f3, fins a l&#8217;envasament en l&#8217;alm\u00e0ssera, s&#8217;han efectuat amb par\u00e0metres de qualitat molt exigents.<\/p>\n<h2>Oli d\u2019oliva Arbequina<\/h2>\n<p>Les olives d&#8217;arbequina s\u00f3n m\u00f2ltes, en l&#8217;alm\u00e0ssera mitjan\u00e7ant procediments mec\u00e0nics i premsades en fred a una temperatura de 20-21\u00b0, amb el que obtenim un <strong>oli d&#8217;oliva verge extra de primera premsada en fred<\/strong>, sense utilitzar productes de s\u00edntesi qu\u00edmica, aconseguint un dels nostres millors oli d&#8217;oliva verge extra arbequina, amb molt alt contingut en clorofil\u00b7les, mantenint tot el contingut vitam\u00ednic, com la vitamina E, amb un major contingut en antioxidants naturals i polifenols derivats de ser un oli d&#8217;oliva de collita primerenca, que a causa del seu alt contingut en \u00e0cid oleic, \u00e9s cardiosaludable i amb altes propietats antiinflamat\u00f2ries pel seu component oleoanthal. Per tant un <strong>oli d&#8217;oliva verge extra<\/strong> amb propietats i <strong>beneficis<\/strong> per a la salut.<\/p>\n<h3>Oli d&#8217;oliva gourmet per a regalar<\/h3>\n<p>Essence by L\u2019Oli Ferrer \u00e9s un <strong>oli d&#8217;oliva gourmet per a regalar<\/strong> que no deixa indiferent, el seu color verd intens maragda, com si d&#8217;una joia gastron\u00f2mica es tract\u00e8s que ens identifica amb els grans perfums del m\u00f3n.<\/p>\n<p><strong>Essence est\u00e0 certificat com a Oli d&#8217;Oliva Verge Extra pel CCPAE<\/strong> ( Consell Catal\u00e0 de Producci\u00f3 Agr\u00e0ria Ecol\u00f2gica)<\/p>\n<p>Disponible a la nostra botiga online gourmet en ampolla exclusiva de vidre en formats de 200 ml. I 100 ml. \u00a0i en <a href=\"https:\/\/www.loliferrer.com\/ca\/producte\/packs-regal-gourmet\/estoig-doli-doliva-verge-extra-organic-essence-by-loli-ferrer\/\"><strong>estoig d&#8217;oli per a regal<\/strong><\/a>. Poden trobar diferents opcions de <a href=\"https:\/\/www.loliferrer.com\/ca\/categoria-producte\/packs-regal-gourmet\/\">packs regal gourmet combinats<\/a> amb la gamma de productes L\u2019Oli Ferrer<\/p>\n<p>Recomanem conservar i emmagatzemar en lloc fresc, sec i protegit de la llum.<\/p>\n","protected":false},"excerpt":{"rendered":"<h2>Oli d&#8217;oliva verge extra org\u00e0nic<\/h2>\n<p>BY L\u2019OLI FERRER \u00e9s un <strong>oli d&#8217;oliva verge extra ecol\u00f2gic gourme<\/strong>t de \u201ccollita primerenca\u201c, elaborat amb la millor selecci\u00f3 d&#8217;olives exclusivament 100% arbequines org\u00e0niques, recol\u00b7lectades a finals de setembre o principis d&#8217;octubre, en verol en la zona de \u201cLes Garrigues\u201d.<\/p>\n<p><strong>Essence \u00e9s un oli d&#8217;oliva gourmet Premium<\/strong>\u201cd\u2019edici\u00f3 limitada\u201d que es caracteritza per ser un oli d&#8217;oliva intens i molt expressiu, intensament fresc, de sensaci\u00f3 prolongada, amb forta personalitat, equilibrat i complex.<\/p>\n","protected":false},"featured_media":4038,"comment_status":"open","ping_status":"closed","template":"","meta":[],"product_cat":[151],"product_tag":[],"class_list":{"0":"post-1342","1":"product","2":"type-product","3":"status-publish","4":"has-post-thumbnail","6":"product_cat-olis-oliva-verge-extra","8":"first","9":"instock","10":"taxable","11":"shipping-taxable","12":"purchasable","13":"product-type-simple"},"yoast_head":"<!-- This site is optimized with the Yoast SEO plugin v23.1 - https:\/\/yoast.com\/wordpress\/plugins\/seo\/ -->\n<title>Oli d&#039;oliva verge extra org\u00e0nic ESSENCE BY L&#039;OLI FERRER - L&#039;Oli Ferrer<\/title>\n<meta name=\"description\" content=\"ESSENCE BY L\u2019OLI FERRER \u00e9s un oli d&#039;oliva verge extra ecol\u00f2gic gourmet de \u201ccollita primerenca\u201c; elaborat amb la selecci\u00f3 d&#039;olives 100% arbequines org\u00e0niques\" \/>\n<meta name=\"robots\" content=\"index, follow, max-snippet:-1, max-image-preview:large, max-video-preview:-1\" \/>\n<link rel=\"canonical\" href=\"https:\/\/www.loliferrer.com\/ca\/producto\/essence-oli-d-oliva-verge-extra-organic\/\" \/>\n<meta property=\"og:locale\" content=\"ca_ES\" \/>\n<meta property=\"og:type\" content=\"article\" \/>\n<meta property=\"og:title\" content=\"Oli d&#039;oliva verge extra org\u00e0nic ESSENCE BY L&#039;OLI FERRER - L&#039;Oli Ferrer\" \/>\n<meta property=\"og:description\" content=\"ESSENCE BY L\u2019OLI FERRER \u00e9s un oli d&#039;oliva verge extra ecol\u00f2gic gourmet de \u201ccollita primerenca\u201c; elaborat amb la selecci\u00f3 d&#039;olives 100% arbequines org\u00e0niques\" \/>\n<meta property=\"og:url\" content=\"https:\/\/www.loliferrer.com\/ca\/producto\/essence-oli-d-oliva-verge-extra-organic\/\" \/>\n<meta property=\"og:site_name\" content=\"L&#039;Oli Ferrer\" \/>\n<meta property=\"article:modified_time\" content=\"2020-06-03T08:54:24+00:00\" \/>\n<meta property=\"og:image\" content=\"https:\/\/www.loliferrer.com\/wp-content\/uploads\/aceite-de-oliva-essence-organico-loliferrer.jpg\" \/>\n\t<meta property=\"og:image:width\" content=\"800\" \/>\n\t<meta property=\"og:image:height\" content=\"1200\" \/>\n\t<meta property=\"og:image:type\" content=\"image\/jpeg\" \/>\n<meta name=\"twitter:card\" content=\"summary_large_image\" \/>\n<meta name=\"twitter:label1\" content=\"Temps estimat de lectura\" \/>\n\t<meta name=\"twitter:data1\" content=\"2 minuts\" \/>\n<script type=\"application\/ld+json\" class=\"yoast-schema-graph\">{\"@context\":\"https:\/\/schema.org\",\"@graph\":[{\"@type\":\"WebPage\",\"@id\":\"https:\/\/www.loliferrer.com\/ca\/producto\/essence-oli-d-oliva-verge-extra-organic\/\",\"url\":\"https:\/\/www.loliferrer.com\/ca\/producto\/essence-oli-d-oliva-verge-extra-organic\/\",\"name\":\"Oli d'oliva verge extra org\u00e0nic ESSENCE BY L'OLI FERRER - L'Oli Ferrer\",\"isPartOf\":{\"@id\":\"https:\/\/www.loliferrer.com\/ca\/#website\"},\"primaryImageOfPage\":{\"@id\":\"https:\/\/www.loliferrer.com\/ca\/producto\/essence-oli-d-oliva-verge-extra-organic\/#primaryimage\"},\"image\":{\"@id\":\"https:\/\/www.loliferrer.com\/ca\/producto\/essence-oli-d-oliva-verge-extra-organic\/#primaryimage\"},\"thumbnailUrl\":\"https:\/\/www.loliferrer.com\/wp-content\/uploads\/aceite-de-oliva-essence-organico-loliferrer.jpg\",\"datePublished\":\"2015-12-17T19:39:08+00:00\",\"dateModified\":\"2020-06-03T08:54:24+00:00\",\"description\":\"ESSENCE BY L\u2019OLI FERRER \u00e9s un oli d'oliva verge extra ecol\u00f2gic gourmet de \u201ccollita primerenca\u201c; elaborat amb la selecci\u00f3 d'olives 100% arbequines org\u00e0niques\",\"breadcrumb\":{\"@id\":\"https:\/\/www.loliferrer.com\/ca\/producto\/essence-oli-d-oliva-verge-extra-organic\/#breadcrumb\"},\"inLanguage\":\"ca\",\"potentialAction\":[{\"@type\":\"ReadAction\",\"target\":[\"https:\/\/www.loliferrer.com\/ca\/producto\/essence-oli-d-oliva-verge-extra-organic\/\"]}]},{\"@type\":\"ImageObject\",\"inLanguage\":\"ca\",\"@id\":\"https:\/\/www.loliferrer.com\/ca\/producto\/essence-oli-d-oliva-verge-extra-organic\/#primaryimage\",\"url\":\"https:\/\/www.loliferrer.com\/wp-content\/uploads\/aceite-de-oliva-essence-organico-loliferrer.jpg\",\"contentUrl\":\"https:\/\/www.loliferrer.com\/wp-content\/uploads\/aceite-de-oliva-essence-organico-loliferrer.jpg\",\"width\":800,\"height\":1200,\"caption\":\"Aceite de Oliva Org\u00e1nico\"},{\"@type\":\"BreadcrumbList\",\"@id\":\"https:\/\/www.loliferrer.com\/ca\/producto\/essence-oli-d-oliva-verge-extra-organic\/#breadcrumb\",\"itemListElement\":[{\"@type\":\"ListItem\",\"position\":1,\"name\":\"Portada\",\"item\":\"https:\/\/www.loliferrer.com\/ca\/\"},{\"@type\":\"ListItem\",\"position\":2,\"name\":\"Productes gourmet ecol\u00f2gics\",\"item\":\"https:\/\/www.loliferrer.com\/ca\/productes-gourmet-ecologics\/\"},{\"@type\":\"ListItem\",\"position\":3,\"name\":\"Oli d&#8217;oliva verge extra org\u00e0nic ESSENCE BY L&#8217;OLI FERRER\"}]},{\"@type\":\"WebSite\",\"@id\":\"https:\/\/www.loliferrer.com\/ca\/#website\",\"url\":\"https:\/\/www.loliferrer.com\/ca\/\",\"name\":\"L'Oli Ferrer\",\"description\":\"Tienda Online de Productos Gourmet\",\"publisher\":{\"@id\":\"https:\/\/www.loliferrer.com\/ca\/#organization\"},\"potentialAction\":[{\"@type\":\"SearchAction\",\"target\":{\"@type\":\"EntryPoint\",\"urlTemplate\":\"https:\/\/www.loliferrer.com\/ca\/?s={search_term_string}\"},\"query-input\":\"required name=search_term_string\"}],\"inLanguage\":\"ca\"},{\"@type\":\"Organization\",\"@id\":\"https:\/\/www.loliferrer.com\/ca\/#organization\",\"name\":\"L'oli Ferrer\",\"url\":\"https:\/\/www.loliferrer.com\/ca\/\",\"logo\":{\"@type\":\"ImageObject\",\"inLanguage\":\"ca\",\"@id\":\"https:\/\/www.loliferrer.com\/ca\/#\/schema\/logo\/image\/\",\"url\":\"https:\/\/www.loliferrer.com\/wp-content\/uploads\/logo-catavins-loliferrer-2018.png\",\"contentUrl\":\"https:\/\/www.loliferrer.com\/wp-content\/uploads\/logo-catavins-loliferrer-2018.png\",\"width\":302,\"height\":123,\"caption\":\"L'oli Ferrer\"},\"image\":{\"@id\":\"https:\/\/www.loliferrer.com\/ca\/#\/schema\/logo\/image\/\"}}]}<\/script>\n<!-- \/ Yoast SEO plugin. -->","yoast_head_json":{"title":"Oli d'oliva verge extra org\u00e0nic ESSENCE BY L'OLI FERRER - L'Oli Ferrer","description":"ESSENCE BY L\u2019OLI FERRER \u00e9s un oli d'oliva verge extra ecol\u00f2gic gourmet de \u201ccollita primerenca\u201c; elaborat amb la selecci\u00f3 d'olives 100% arbequines org\u00e0niques","robots":{"index":"index","follow":"follow","max-snippet":"max-snippet:-1","max-image-preview":"max-image-preview:large","max-video-preview":"max-video-preview:-1"},"canonical":"https:\/\/www.loliferrer.com\/ca\/producto\/essence-oli-d-oliva-verge-extra-organic\/","og_locale":"ca_ES","og_type":"article","og_title":"Oli d'oliva verge extra org\u00e0nic ESSENCE BY L'OLI FERRER - L'Oli Ferrer","og_description":"ESSENCE BY L\u2019OLI FERRER \u00e9s un oli d'oliva verge extra ecol\u00f2gic gourmet de \u201ccollita primerenca\u201c; elaborat amb la selecci\u00f3 d'olives 100% arbequines org\u00e0niques","og_url":"https:\/\/www.loliferrer.com\/ca\/producto\/essence-oli-d-oliva-verge-extra-organic\/","og_site_name":"L'Oli Ferrer","article_modified_time":"2020-06-03T08:54:24+00:00","og_image":[{"width":800,"height":1200,"url":"https:\/\/www.loliferrer.com\/wp-content\/uploads\/aceite-de-oliva-essence-organico-loliferrer.jpg","type":"image\/jpeg"}],"twitter_card":"summary_large_image","twitter_misc":{"Temps estimat de lectura":"2 minuts"},"schema":{"@context":"https:\/\/schema.org","@graph":[{"@type":"WebPage","@id":"https:\/\/www.loliferrer.com\/ca\/producto\/essence-oli-d-oliva-verge-extra-organic\/","url":"https:\/\/www.loliferrer.com\/ca\/producto\/essence-oli-d-oliva-verge-extra-organic\/","name":"Oli d'oliva verge extra org\u00e0nic ESSENCE BY L'OLI FERRER - L'Oli Ferrer","isPartOf":{"@id":"https:\/\/www.loliferrer.com\/ca\/#website"},"primaryImageOfPage":{"@id":"https:\/\/www.loliferrer.com\/ca\/producto\/essence-oli-d-oliva-verge-extra-organic\/#primaryimage"},"image":{"@id":"https:\/\/www.loliferrer.com\/ca\/producto\/essence-oli-d-oliva-verge-extra-organic\/#primaryimage"},"thumbnailUrl":"https:\/\/www.loliferrer.com\/wp-content\/uploads\/aceite-de-oliva-essence-organico-loliferrer.jpg","datePublished":"2015-12-17T19:39:08+00:00","dateModified":"2020-06-03T08:54:24+00:00","description":"ESSENCE BY L\u2019OLI FERRER \u00e9s un oli d'oliva verge extra ecol\u00f2gic gourmet de \u201ccollita primerenca\u201c; elaborat amb la selecci\u00f3 d'olives 100% arbequines org\u00e0niques","breadcrumb":{"@id":"https:\/\/www.loliferrer.com\/ca\/producto\/essence-oli-d-oliva-verge-extra-organic\/#breadcrumb"},"inLanguage":"ca","potentialAction":[{"@type":"ReadAction","target":["https:\/\/www.loliferrer.com\/ca\/producto\/essence-oli-d-oliva-verge-extra-organic\/"]}]},{"@type":"ImageObject","inLanguage":"ca","@id":"https:\/\/www.loliferrer.com\/ca\/producto\/essence-oli-d-oliva-verge-extra-organic\/#primaryimage","url":"https:\/\/www.loliferrer.com\/wp-content\/uploads\/aceite-de-oliva-essence-organico-loliferrer.jpg","contentUrl":"https:\/\/www.loliferrer.com\/wp-content\/uploads\/aceite-de-oliva-essence-organico-loliferrer.jpg","width":800,"height":1200,"caption":"Aceite de Oliva Org\u00e1nico"},{"@type":"BreadcrumbList","@id":"https:\/\/www.loliferrer.com\/ca\/producto\/essence-oli-d-oliva-verge-extra-organic\/#breadcrumb","itemListElement":[{"@type":"ListItem","position":1,"name":"Portada","item":"https:\/\/www.loliferrer.com\/ca\/"},{"@type":"ListItem","position":2,"name":"Productes gourmet ecol\u00f2gics","item":"https:\/\/www.loliferrer.com\/ca\/productes-gourmet-ecologics\/"},{"@type":"ListItem","position":3,"name":"Oli d&#8217;oliva verge extra org\u00e0nic ESSENCE BY L&#8217;OLI FERRER"}]},{"@type":"WebSite","@id":"https:\/\/www.loliferrer.com\/ca\/#website","url":"https:\/\/www.loliferrer.com\/ca\/","name":"L'Oli Ferrer","description":"Tienda Online de Productos Gourmet","publisher":{"@id":"https:\/\/www.loliferrer.com\/ca\/#organization"},"potentialAction":[{"@type":"SearchAction","target":{"@type":"EntryPoint","urlTemplate":"https:\/\/www.loliferrer.com\/ca\/?s={search_term_string}"},"query-input":"required name=search_term_string"}],"inLanguage":"ca"},{"@type":"Organization","@id":"https:\/\/www.loliferrer.com\/ca\/#organization","name":"L'oli Ferrer","url":"https:\/\/www.loliferrer.com\/ca\/","logo":{"@type":"ImageObject","inLanguage":"ca","@id":"https:\/\/www.loliferrer.com\/ca\/#\/schema\/logo\/image\/","url":"https:\/\/www.loliferrer.com\/wp-content\/uploads\/logo-catavins-loliferrer-2018.png","contentUrl":"https:\/\/www.loliferrer.com\/wp-content\/uploads\/logo-catavins-loliferrer-2018.png","width":302,"height":123,"caption":"L'oli Ferrer"},"image":{"@id":"https:\/\/www.loliferrer.com\/ca\/#\/schema\/logo\/image\/"}}]}},"_links":{"self":[{"href":"https:\/\/www.loliferrer.com\/ca\/wp-json\/wp\/v2\/product\/1342"}],"collection":[{"href":"https:\/\/www.loliferrer.com\/ca\/wp-json\/wp\/v2\/product"}],"about":[{"href":"https:\/\/www.loliferrer.com\/ca\/wp-json\/wp\/v2\/types\/product"}],"replies":[{"embeddable":true,"href":"https:\/\/www.loliferrer.com\/ca\/wp-json\/wp\/v2\/comments?post=1342"}],"wp:featuredmedia":[{"embeddable":true,"href":"https:\/\/www.loliferrer.com\/ca\/wp-json\/wp\/v2\/media\/4038"}],"wp:attachment":[{"href":"https:\/\/www.loliferrer.com\/ca\/wp-json\/wp\/v2\/media?parent=1342"}],"wp:term":[{"taxonomy":"product_cat","embeddable":true,"href":"https:\/\/www.loliferrer.com\/ca\/wp-json\/wp\/v2\/product_cat?post=1342"},{"taxonomy":"product_tag","embeddable":true,"href":"https:\/\/www.loliferrer.com\/ca\/wp-json\/wp\/v2\/product_tag?post=1342"}],"curies":[{"name":"wp","href":"https:\/\/api.w.org\/{rel}","templated":true}]}}