{"id":3319,"date":"2019-02-20T15:30:54","date_gmt":"2019-02-20T14:30:54","guid":{"rendered":"https:\/\/www.loliferrer.com\/noticias\/"},"modified":"2019-12-30T09:15:58","modified_gmt":"2019-12-30T08:15:58","slug":"noticies","status":"publish","type":"page","link":"https:\/\/www.loliferrer.com\/ca\/noticies\/","title":{"rendered":"Not\u00edcies"},"content":{"rendered":"<div class=\"row\"  id=\"row-576231682\">\n\n\t<div id=\"col-313470911\" class=\"col medium-1\/1 large-12\"  >\n\t\t<div class=\"col-inner\"  >\n\t\t\t\n\t\t\t\n<p>Ferrer &amp; Domingo Barcelona Company SL ha estat benefici\u00e0ria del Fons Europeu de Desenvolupament Regional amb l&#8217;objectiu de millorar l&#8217;\u00fas i la qualitat de les tecnologies de la informaci\u00f3 i de les comunicacions i l&#8217;acc\u00e9s a les mateixes i gr\u00e0cies al qual ha desenvolupat un pla d&#8217;acci\u00f3 digital per millorar la pres\u00e8ncia a internet de la web durant el 2018\/2019 web. Per a aix\u00f2 ha comptat amb el suport del programa TICC\u00e0mares de la Cambra de Comer\u00e7, Ind\u00fastria, Serveis i Navegaci\u00f3 de Barcelona.<\/p>\n<p>Una manera de fer Europa.<\/p>\n<p><img loading=\"lazy\" decoding=\"async\" class=\"alignnone wp-image-3536 size-large\" src=\"https:\/\/www.loliferrer.com\/wp-content\/uploads\/\/logos-1050x170.jpg\" alt=\"\" width=\"1020\" height=\"165\" srcset=\"https:\/\/www.loliferrer.com\/wp-content\/uploads\/logos-1050x170.jpg 1050w, https:\/\/www.loliferrer.com\/wp-content\/uploads\/logos-300x49.jpg 300w, https:\/\/www.loliferrer.com\/wp-content\/uploads\/logos-768x124.jpg 768w, https:\/\/www.loliferrer.com\/wp-content\/uploads\/logos-510x82.jpg 510w, https:\/\/www.loliferrer.com\/wp-content\/uploads\/logos.jpg 1200w\" sizes=\"(max-width: 1020px) 100vw, 1020px\" \/><\/p>\n<hr \/>\n<p><i><span lang=\"ES\">&#8220;Ferrer &amp; Domingo Barcelona Company <span class=\"hiddenSpellError\">SL<\/span> ha estat benefici\u00e0ria del Fons Europeu de Desenvolupament Regional l&#8217;objectiu del qual \u00e9s millorar la competitivitat de les Pimes i gr\u00e0cies al qual ha posat en marxa un Pla d&#8217;Internacionalitzaci\u00f3 amb l&#8217;objectiu de millorar el seu posicionament competitiu en l&#8217;exterior durant l&#8217;any 2018. Per a aix\u00f2 ha comptat amb el suport del Programa <span class=\"hiddenSpellError\">XPANDE<\/span> de la Cambra de Comer\u00e7 de Barcelona.&#8221;<\/span><\/i><\/p>\n<p><img loading=\"lazy\" decoding=\"async\" class=\"alignnone size-medium wp-image-3306\" src=\"https:\/\/www.loliferrer.com\/wp-content\/uploads\/Logotipo-UE-300x254.jpg\" alt=\"\" width=\"300\" height=\"254\" \/><\/p>\n\t\t<\/div>\n\t\t\t<\/div>\n\n\t\n<\/div>\n","protected":false},"excerpt":{"rendered":"","protected":false},"author":4,"featured_media":3307,"parent":0,"menu_order":0,"comment_status":"closed","ping_status":"closed","template":"","meta":{"footnotes":""},"class_list":["post-3319","page","type-page","status-publish","has-post-thumbnail","hentry"],"yoast_head":"<!-- This site is optimized with the Yoast SEO plugin v23.1 - https:\/\/yoast.com\/wordpress\/plugins\/seo\/ -->\n<title>Not\u00edcies - L&#039;Oli Ferrer<\/title>\n<meta name=\"robots\" content=\"noindex, nofollow\" \/>\n<meta property=\"og:locale\" content=\"ca_ES\" \/>\n<meta property=\"og:type\" content=\"article\" \/>\n<meta property=\"og:title\" content=\"Not\u00edcies - L&#039;Oli Ferrer\" \/>\n<meta property=\"og:url\" content=\"https:\/\/www.loliferrer.com\/ca\/noticies\/\" \/>\n<meta property=\"og:site_name\" content=\"L&#039;Oli Ferrer\" \/>\n<meta property=\"article:modified_time\" content=\"2019-12-30T08:15:58+00:00\" \/>\n<meta property=\"og:image\" content=\"https:\/\/www.loliferrer.com\/wp-content\/uploads\/Logotipo-UE.jpg\" \/>\n\t<meta property=\"og:image:width\" content=\"2125\" \/>\n\t<meta property=\"og:image:height\" content=\"1796\" \/>\n\t<meta property=\"og:image:type\" content=\"image\/jpeg\" \/>\n<meta name=\"twitter:card\" content=\"summary_large_image\" \/>\n<meta name=\"twitter:label1\" content=\"Temps estimat de lectura\" \/>\n\t<meta name=\"twitter:data1\" content=\"1 minut\" \/>\n<script type=\"application\/ld+json\" class=\"yoast-schema-graph\">{\"@context\":\"https:\/\/schema.org\",\"@graph\":[{\"@type\":\"WebPage\",\"@id\":\"https:\/\/www.loliferrer.com\/ca\/noticies\/\",\"url\":\"https:\/\/www.loliferrer.com\/ca\/noticies\/\",\"name\":\"Not\u00edcies - L'Oli Ferrer\",\"isPartOf\":{\"@id\":\"https:\/\/www.loliferrer.com\/ca\/#website\"},\"primaryImageOfPage\":{\"@id\":\"https:\/\/www.loliferrer.com\/ca\/noticies\/#primaryimage\"},\"image\":{\"@id\":\"https:\/\/www.loliferrer.com\/ca\/noticies\/#primaryimage\"},\"thumbnailUrl\":\"https:\/\/www.loliferrer.com\/wp-content\/uploads\/Logotipo-UE.jpg\",\"datePublished\":\"2019-02-20T14:30:54+00:00\",\"dateModified\":\"2019-12-30T08:15:58+00:00\",\"breadcrumb\":{\"@id\":\"https:\/\/www.loliferrer.com\/ca\/noticies\/#breadcrumb\"},\"inLanguage\":\"ca\",\"potentialAction\":[{\"@type\":\"ReadAction\",\"target\":[\"https:\/\/www.loliferrer.com\/ca\/noticies\/\"]}]},{\"@type\":\"ImageObject\",\"inLanguage\":\"ca\",\"@id\":\"https:\/\/www.loliferrer.com\/ca\/noticies\/#primaryimage\",\"url\":\"https:\/\/www.loliferrer.com\/wp-content\/uploads\/Logotipo-UE.jpg\",\"contentUrl\":\"https:\/\/www.loliferrer.com\/wp-content\/uploads\/Logotipo-UE.jpg\",\"width\":2125,\"height\":1796},{\"@type\":\"BreadcrumbList\",\"@id\":\"https:\/\/www.loliferrer.com\/ca\/noticies\/#breadcrumb\",\"itemListElement\":[{\"@type\":\"ListItem\",\"position\":1,\"name\":\"Portada\",\"item\":\"https:\/\/www.loliferrer.com\/ca\/\"},{\"@type\":\"ListItem\",\"position\":2,\"name\":\"Not\u00edcies\"}]},{\"@type\":\"WebSite\",\"@id\":\"https:\/\/www.loliferrer.com\/ca\/#website\",\"url\":\"https:\/\/www.loliferrer.com\/ca\/\",\"name\":\"L'Oli Ferrer\",\"description\":\"Tienda Online de Productos Gourmet\",\"publisher\":{\"@id\":\"https:\/\/www.loliferrer.com\/ca\/#organization\"},\"potentialAction\":[{\"@type\":\"SearchAction\",\"target\":{\"@type\":\"EntryPoint\",\"urlTemplate\":\"https:\/\/www.loliferrer.com\/ca\/?s={search_term_string}\"},\"query-input\":\"required name=search_term_string\"}],\"inLanguage\":\"ca\"},{\"@type\":\"Organization\",\"@id\":\"https:\/\/www.loliferrer.com\/ca\/#organization\",\"name\":\"L'oli Ferrer\",\"url\":\"https:\/\/www.loliferrer.com\/ca\/\",\"logo\":{\"@type\":\"ImageObject\",\"inLanguage\":\"ca\",\"@id\":\"https:\/\/www.loliferrer.com\/ca\/#\/schema\/logo\/image\/\",\"url\":\"https:\/\/www.loliferrer.com\/wp-content\/uploads\/logo-catavins-loliferrer-2018.png\",\"contentUrl\":\"https:\/\/www.loliferrer.com\/wp-content\/uploads\/logo-catavins-loliferrer-2018.png\",\"width\":302,\"height\":123,\"caption\":\"L'oli Ferrer\"},\"image\":{\"@id\":\"https:\/\/www.loliferrer.com\/ca\/#\/schema\/logo\/image\/\"}}]}<\/script>\n<!-- \/ Yoast SEO plugin. -->","yoast_head_json":{"title":"Not\u00edcies - L'Oli Ferrer","robots":{"index":"noindex","follow":"nofollow"},"og_locale":"ca_ES","og_type":"article","og_title":"Not\u00edcies - L'Oli Ferrer","og_url":"https:\/\/www.loliferrer.com\/ca\/noticies\/","og_site_name":"L'Oli Ferrer","article_modified_time":"2019-12-30T08:15:58+00:00","og_image":[{"width":2125,"height":1796,"url":"https:\/\/www.loliferrer.com\/wp-content\/uploads\/Logotipo-UE.jpg","type":"image\/jpeg"}],"twitter_card":"summary_large_image","twitter_misc":{"Temps estimat de lectura":"1 minut"},"schema":{"@context":"https:\/\/schema.org","@graph":[{"@type":"WebPage","@id":"https:\/\/www.loliferrer.com\/ca\/noticies\/","url":"https:\/\/www.loliferrer.com\/ca\/noticies\/","name":"Not\u00edcies - L'Oli Ferrer","isPartOf":{"@id":"https:\/\/www.loliferrer.com\/ca\/#website"},"primaryImageOfPage":{"@id":"https:\/\/www.loliferrer.com\/ca\/noticies\/#primaryimage"},"image":{"@id":"https:\/\/www.loliferrer.com\/ca\/noticies\/#primaryimage"},"thumbnailUrl":"https:\/\/www.loliferrer.com\/wp-content\/uploads\/Logotipo-UE.jpg","datePublished":"2019-02-20T14:30:54+00:00","dateModified":"2019-12-30T08:15:58+00:00","breadcrumb":{"@id":"https:\/\/www.loliferrer.com\/ca\/noticies\/#breadcrumb"},"inLanguage":"ca","potentialAction":[{"@type":"ReadAction","target":["https:\/\/www.loliferrer.com\/ca\/noticies\/"]}]},{"@type":"ImageObject","inLanguage":"ca","@id":"https:\/\/www.loliferrer.com\/ca\/noticies\/#primaryimage","url":"https:\/\/www.loliferrer.com\/wp-content\/uploads\/Logotipo-UE.jpg","contentUrl":"https:\/\/www.loliferrer.com\/wp-content\/uploads\/Logotipo-UE.jpg","width":2125,"height":1796},{"@type":"BreadcrumbList","@id":"https:\/\/www.loliferrer.com\/ca\/noticies\/#breadcrumb","itemListElement":[{"@type":"ListItem","position":1,"name":"Portada","item":"https:\/\/www.loliferrer.com\/ca\/"},{"@type":"ListItem","position":2,"name":"Not\u00edcies"}]},{"@type":"WebSite","@id":"https:\/\/www.loliferrer.com\/ca\/#website","url":"https:\/\/www.loliferrer.com\/ca\/","name":"L'Oli Ferrer","description":"Tienda Online de Productos Gourmet","publisher":{"@id":"https:\/\/www.loliferrer.com\/ca\/#organization"},"potentialAction":[{"@type":"SearchAction","target":{"@type":"EntryPoint","urlTemplate":"https:\/\/www.loliferrer.com\/ca\/?s={search_term_string}"},"query-input":"required name=search_term_string"}],"inLanguage":"ca"},{"@type":"Organization","@id":"https:\/\/www.loliferrer.com\/ca\/#organization","name":"L'oli Ferrer","url":"https:\/\/www.loliferrer.com\/ca\/","logo":{"@type":"ImageObject","inLanguage":"ca","@id":"https:\/\/www.loliferrer.com\/ca\/#\/schema\/logo\/image\/","url":"https:\/\/www.loliferrer.com\/wp-content\/uploads\/logo-catavins-loliferrer-2018.png","contentUrl":"https:\/\/www.loliferrer.com\/wp-content\/uploads\/logo-catavins-loliferrer-2018.png","width":302,"height":123,"caption":"L'oli Ferrer"},"image":{"@id":"https:\/\/www.loliferrer.com\/ca\/#\/schema\/logo\/image\/"}}]}},"_links":{"self":[{"href":"https:\/\/www.loliferrer.com\/ca\/wp-json\/wp\/v2\/pages\/3319"}],"collection":[{"href":"https:\/\/www.loliferrer.com\/ca\/wp-json\/wp\/v2\/pages"}],"about":[{"href":"https:\/\/www.loliferrer.com\/ca\/wp-json\/wp\/v2\/types\/page"}],"author":[{"embeddable":true,"href":"https:\/\/www.loliferrer.com\/ca\/wp-json\/wp\/v2\/users\/4"}],"replies":[{"embeddable":true,"href":"https:\/\/www.loliferrer.com\/ca\/wp-json\/wp\/v2\/comments?post=3319"}],"version-history":[{"count":0,"href":"https:\/\/www.loliferrer.com\/ca\/wp-json\/wp\/v2\/pages\/3319\/revisions"}],"wp:featuredmedia":[{"embeddable":true,"href":"https:\/\/www.loliferrer.com\/ca\/wp-json\/wp\/v2\/media\/3307"}],"wp:attachment":[{"href":"https:\/\/www.loliferrer.com\/ca\/wp-json\/wp\/v2\/media?parent=3319"}],"curies":[{"name":"wp","href":"https:\/\/api.w.org\/{rel}","templated":true}]}}