{"id":1176,"date":"2015-12-14T16:05:02","date_gmt":"2015-12-14T15:05:02","guid":{"rendered":"https:\/\/www.loliferrer.com\/ca\/condiciones-de-compra\/"},"modified":"2019-10-16T09:05:14","modified_gmt":"2019-10-16T07:05:14","slug":"condicions-de-compra","status":"publish","type":"page","link":"https:\/\/www.loliferrer.com\/ca\/condicions-de-compra\/","title":{"rendered":"Condicions de compra"},"content":{"rendered":"<div class=\"row\"  id=\"row-418153812\">\n\n\t<div id=\"col-486380939\" class=\"col medium-1\/1 large-12\"  >\n\t\t<div class=\"col-inner\"  >\n\t\t\t\n\t\t\t\n<p>Aquestes condicions de contractaci\u00f3 s&#8217;apliquen a totes les compres realitzades a trav\u00e9s de la p\u00e0gina web www.loliferrer.com, titularitat de Ferrer &amp; Domingo Barcelona Company SL amb adre\u00e7a fiscal C\/Roses 95, 08980 (Barcelona) CIF:B66836271 i adre\u00e7a de correu electr\u00f2nic info@loliferrer.com<br \/>\nPara qualsevol consulta pot dirigir-se a l&#8217;adre\u00e7a de correu info@loliferrer.com o en al tel\u00e8fon 647809538 en horari de 9 a 18 h de dilluns a divendres.<br \/>\nAquestes condicions de contractaci\u00f3 tenen com a objecte descriure i informar a l&#8217;usuari de les condicions que s&#8217;apliquen a les compres fetes a trav\u00e9s del portal www.loliferrer.com dels productes que a cada moment s&#8217;ofereixin. Aquestes condicions de contractaci\u00f3 es complementen amb la informaci\u00f3 que es fa constar en l&#8217;av\u00eds legal i en la pol\u00edtica de privadesa, i amb la qual consti per a cada producte en particular.<br \/>\nLa validaci\u00f3 de la compra suposa l&#8217;acceptaci\u00f3 d&#8217;aquestes condicions generals i constitueix una prova del coneixement i conformitat per part del client. Aquestes condicions podran ser modificades a qualsevol moment per L&#8217;Oli Ferrer i, si escau, les condicions particulars que en cada cas es puguin establir, per\u00f2 es procedir\u00e0 immediatament a publicar-les de manera que puguin ser conegudes sense av\u00eds expl\u00edcit.<br \/>\nEls usuaris es comprometen al compliment d&#8217;aquestes condicions generals i les que constin si escau en l&#8217;av\u00eds legal i la pol\u00edtica de privacitat d&#8217;aquesta p\u00e0gina web, aplicant la bona fe en la contractaci\u00f3.<br \/>\nEls preus que s&#8217;indiquen s\u00f3n amb l&#8217;IVA incl\u00f2s. I les despeses d&#8217;enviament els abonar\u00e0 el client, amb el que no estan inclosos en la compra, i aquests variaran en funci\u00f3 de la destinaci\u00f3 i del pes de la comanda. L&#8217;Oli Ferrer informar\u00e0 degudament dels costos de l&#8217;enviament en funci\u00f3 de les variants del mateix al moment de fer la compra. Si l&#8217;enviament s&#8217;hagu\u00e9s de realitzar a un territori diferent als disponibles a la p\u00e0gina de compra, l&#8217;usuari contactar\u00e0 amb L&#8217;Oli Ferrer ja sigui via correu electr\u00f2nic o tel\u00e8fon, per con\u00e8ixer, si es don\u00e9s el cas, les despeses extres d&#8217;enviament que poguessin sorgir.<\/p>\n<p>Confirmaci\u00f3 de la compra<br \/>\nUna vegada realitzada la compra i en el termini m\u00e9s breu possible, Catavins&amp;L&#8217;Oli Ferrer enviar\u00e0 a l&#8217;usuari un email amb el comprovant de la compra.<\/p>\n<p>Enviament<\/p>\n<p>L&#8217;usuari es compromet a proporcionar informaci\u00f3 vera\u00e7 a L&#8217;Oli Ferrer i a mantenir-la actualitzada i tamb\u00e9 a possibilitar el lliurament de la comanda. A aquests efectes proporcionar\u00e0 dades d&#8217;una adre\u00e7a correcta i amb disponibilitat de recepci\u00f3 de la comanda en horari comercial o b\u00e9 en horari pr\u00e8viament pactat amb L&#8217;Oli Ferrer.<br \/>\nEn el cas que la comanda no es pogu\u00e9s lliurar per falta de disponibilitat per part de l&#8217;usuari, L&#8217;Oli Ferrer no es responsabilitzar\u00e0 de possibles retards en el lliurament de la comanda.<\/p>\n<p>PROBLEMES EN EL LLIURAMENT<br \/>\nLa nostra ag\u00e8ncia de transport far\u00e0 tot el possible per concertar el lliurament amb el destinatari i realitzar\u00e0 fins a 2 intents de lliurament. Si finalment sorgeixen problemes que impossibiliten la entrega , L&#8217;Oli Ferrer anul\u00b7lar\u00e0 la comanda i li retornar\u00e0 els diners, excepte les despeses de transport ocasionats.<\/p>\n<p>L&#8217;adquisici\u00f3 dels productes oferts en www.loliferrer.com est\u00e0 subjecta a la disponibilitat d&#8217;exist\u00e8ncies.<\/p>\n<p>Menors<br \/>\nLes persones menors de 18 anys no podran fer \u00fas dels serveis oferts per L&#8217;Oli Ferrer.<br \/>\nTenint en compte que L&#8217;Oli Ferrer no podr\u00e0 verificar la veracitat de les dades que l&#8217;usuari proporcioni, es reserva el dret d&#8217;atendre les comandes pr\u00e8via comprovaci\u00f3 de les dades, quan aix\u00ed ho decideixi discrecionalment, sense que aix\u00f2 suposi cap alteraci\u00f3 de veracitat d&#8217;aquestes dades que no comprovi.<\/p>\n<p>Pago<br \/>\nEl pagament de les compres a www.loliferrer.com es realitzar\u00e0 en general, a trav\u00e9s de passarel\u00b7la banc\u00e0ria de pagament, que permet pagar mitjan\u00e7ant targeta de cr\u00e8dit. L&#8217;usuari tamb\u00e9 podr\u00e0 abonar la compra mitjan\u00e7ant un a compte *PayPal. El cobrament s&#8217;efectua al moment de la compra.<br \/>\nEl pagament de les compres a www.loliferrer.com tamb\u00e9 es podr\u00e0 realitzar mitjan\u00e7ant transfer\u00e8ncia banc\u00e0ria, havent d&#8217;indicar l&#8217;usuari, el seu nom complet i nombre de refer\u00e8ncia de la comanda. L&#8217;Oli Ferrer enviar\u00e0 la comanda a partir del moment en el qual li consti aquesta transfer\u00e8ncia en els seus comptes bancaris.<br \/>\nEl pagament mitjan\u00e7ant targeta de cr\u00e8dit es fa a trav\u00e9s del servidor de l&#8217;entitat banc\u00e0ria, que garanteix la seguretat del client gr\u00e0cies al protocol basat en el standard SSL, que fa que les dades viatgin encriptats per la xarxa i ning\u00fa les pugui interceptar ni utilitzar de manera fraudulenta. Les dades de la targeta de cr\u00e8dit es transmeten protegits directament al banc i aquesta informaci\u00f3 mai arriba a cap altre destinatari.<br \/>\nEn cas de denegaci\u00f3 del pagament, la comanda es cancel\u00b7lar\u00e0 i s&#8217;informar\u00e0 a l&#8217;usuari via online. En cas de pagaments amb targetes emeses a un altre pa\u00eds diferent a Espanya, el banc emissor haur\u00e0 d&#8217;estar acollit al Protocol de Seguretat de Comer\u00e7 Electr\u00f2nic Segur (CES)<\/p>\n<p>Devolucions<br \/>\nL&#8217;usuari podr\u00e0 retornar la seva comanda en un termini de 3 dies h\u00e0bils des de la recepci\u00f3 de la compra. En aquest cas contactar\u00e0 amb L&#8217;Oli Ferrer per correu electr\u00f2nic a trav\u00e9s de l&#8217;adre\u00e7a info@loliferrer.com informant de la devoluci\u00f3 i les causes d&#8217;aquesta.<\/p>\n<p>Es pot exercir el dret de desistiment si es produeix una d&#8217;aquestes situacions:<\/p>\n<p>a) Si el producte adquirit no satisf\u00e0 a l&#8217;usuari. Realitzant-se la devoluci\u00f3 en el termini esmentat anteriorment s&#8217;haur\u00e0 de retornar la compra amb tots els seus productes, amb el seu embalatge original, amb el seu precinte original sense trencar, amb tots els seus accessoris i en perfecte estat. No s&#8217;acceptaran devolucions de productes que no estiguin amb el seu embalatge original. Les despeses de transport aniran a c\u00e0rrec del client.<\/p>\n<p>b) Quan els productes siguin defectuosos. En aquest cas, faran mancada proves fefaents del mal estat del producte. L&#8217;Oli Ferrer recollir\u00e0 el producte defectu\u00f3s i enviar\u00e0 novament el producte a l&#8217;usuari sense costos afegits. Ser\u00e0 L&#8217;Oli Ferrer qui abonar\u00e0 l&#8217;import de la comanda una vegada hagi comprovat que la mercaderia compleix les condicions anteriors. En el cas de devolucions comercials el client haur\u00e0 de c\u00f3rrer amb les despeses de transport. Per sol\u00b7licitar aquesta devoluci\u00f3 haur\u00e0 de comunicar-ho en el correu electr\u00f2nic a info@catavins.net.<\/p>\n<p>c) En el cas que el defecte provingui d&#8217;una incid\u00e8ncia en transport, ho haur\u00e0 de comunicar en el termini de 24 hores des de la recepci\u00f3 en a l&#8217;adre\u00e7a de correu electr\u00f2nic info@loliferrer.com.<\/p>\n<p>Reemborsament dels imports pagats<br \/>\nEn cas que s&#8217;hagi de fer un reemborsament dels imports pagats, L&#8217;Oli Ferrer ho far\u00e0 via transfer\u00e8ncia banc\u00e0ria al n\u00famero de compte que indiqui l&#8217;usuari. El reemborsament es far\u00e0 una vegada verificat i validat l&#8217;estat del producte retornat i una vegada comprovat que el pagament ha estat efectiu sense possibilitats de retrocessi\u00f3.<\/p>\n<p>\u00das de les dades<\/p>\n<p>Les dades facilitades pels usuaris s&#8217;inclouran en un fitxer de dades de car\u00e0cter personal i s&#8217;utilitzaran \u00fanicament per poder tramitar la comanda. A qualsevol moment l&#8217;usuari podr\u00e0 exercir els drets d&#8217;acc\u00e9s, oposici\u00f3, rectificaci\u00f3 i cancel\u00b7laci\u00f3 prevists en la llei org\u00e0nica 15\/1999 de desembre, enviant un correu electr\u00f2nic a info@loliferrer.com<\/p>\n<p>Resoluci\u00f3 de conflictes<br \/>\nEn cas que sorgeixi algun conflicte en la prestaci\u00f3 d&#8217;aquest servei, se sotmetr\u00e0 a la legislaci\u00f3 d&#8217;aplicaci\u00f3 a Catalunya. En cas de conflicte en la interpretaci\u00f3 o aplicaci\u00f3 d&#8217;aquestes condicions la via jurisdiccional seran els jutjats i tribunals els que estableixin la normativa aplicable en mat\u00e8ria de consumidors finals. En els casos de venda fora d&#8217;Espanya o no feta pel consumidor final, les parts se sotmeten expressament a la jurisdicci\u00f3 dels jutjats i tribunals de la ciutat de Barcelona.<\/p>\n\t\t<\/div>\n\t\t\t<\/div>\n\n\t\n<\/div>\n","protected":false},"excerpt":{"rendered":"","protected":false},"author":1,"featured_media":0,"parent":0,"menu_order":0,"comment_status":"closed","ping_status":"closed","template":"","meta":{"footnotes":""},"class_list":["post-1176","page","type-page","status-publish","hentry"],"yoast_head":"<!-- This site is optimized with the Yoast SEO plugin v23.1 - https:\/\/yoast.com\/wordpress\/plugins\/seo\/ -->\n<title>Condicions de Compra | L&#039;Oli Ferrer<\/title>\n<meta name=\"description\" content=\"Condicions de Compra de L&#039;Oli Ferrer\" \/>\n<meta name=\"robots\" content=\"noindex, nofollow\" \/>\n<meta property=\"og:locale\" content=\"ca_ES\" \/>\n<meta property=\"og:type\" content=\"article\" \/>\n<meta property=\"og:title\" content=\"Condicions de Compra | L&#039;Oli Ferrer\" \/>\n<meta property=\"og:description\" content=\"Condicions de Compra de L&#039;Oli Ferrer\" \/>\n<meta property=\"og:url\" content=\"https:\/\/www.loliferrer.com\/ca\/condicions-de-compra\/\" \/>\n<meta property=\"og:site_name\" content=\"L&#039;Oli Ferrer\" \/>\n<meta property=\"article:modified_time\" content=\"2019-10-16T07:05:14+00:00\" \/>\n<meta name=\"twitter:card\" content=\"summary_large_image\" \/>\n<meta name=\"twitter:label1\" content=\"Temps estimat de lectura\" \/>\n\t<meta name=\"twitter:data1\" content=\"7 minuts\" \/>\n<script type=\"application\/ld+json\" class=\"yoast-schema-graph\">{\"@context\":\"https:\/\/schema.org\",\"@graph\":[{\"@type\":\"WebPage\",\"@id\":\"https:\/\/www.loliferrer.com\/ca\/condicions-de-compra\/\",\"url\":\"https:\/\/www.loliferrer.com\/ca\/condicions-de-compra\/\",\"name\":\"Condicions de Compra | L'Oli Ferrer\",\"isPartOf\":{\"@id\":\"https:\/\/www.loliferrer.com\/ca\/#website\"},\"datePublished\":\"2015-12-14T15:05:02+00:00\",\"dateModified\":\"2019-10-16T07:05:14+00:00\",\"description\":\"Condicions de Compra de L'Oli Ferrer\",\"breadcrumb\":{\"@id\":\"https:\/\/www.loliferrer.com\/ca\/condicions-de-compra\/#breadcrumb\"},\"inLanguage\":\"ca\",\"potentialAction\":[{\"@type\":\"ReadAction\",\"target\":[\"https:\/\/www.loliferrer.com\/ca\/condicions-de-compra\/\"]}]},{\"@type\":\"BreadcrumbList\",\"@id\":\"https:\/\/www.loliferrer.com\/ca\/condicions-de-compra\/#breadcrumb\",\"itemListElement\":[{\"@type\":\"ListItem\",\"position\":1,\"name\":\"Portada\",\"item\":\"https:\/\/www.loliferrer.com\/ca\/\"},{\"@type\":\"ListItem\",\"position\":2,\"name\":\"Condicions de compra\"}]},{\"@type\":\"WebSite\",\"@id\":\"https:\/\/www.loliferrer.com\/ca\/#website\",\"url\":\"https:\/\/www.loliferrer.com\/ca\/\",\"name\":\"L'Oli Ferrer\",\"description\":\"Tienda Online de Productos Gourmet\",\"publisher\":{\"@id\":\"https:\/\/www.loliferrer.com\/ca\/#organization\"},\"potentialAction\":[{\"@type\":\"SearchAction\",\"target\":{\"@type\":\"EntryPoint\",\"urlTemplate\":\"https:\/\/www.loliferrer.com\/ca\/?s={search_term_string}\"},\"query-input\":\"required name=search_term_string\"}],\"inLanguage\":\"ca\"},{\"@type\":\"Organization\",\"@id\":\"https:\/\/www.loliferrer.com\/ca\/#organization\",\"name\":\"L'oli Ferrer\",\"url\":\"https:\/\/www.loliferrer.com\/ca\/\",\"logo\":{\"@type\":\"ImageObject\",\"inLanguage\":\"ca\",\"@id\":\"https:\/\/www.loliferrer.com\/ca\/#\/schema\/logo\/image\/\",\"url\":\"https:\/\/www.loliferrer.com\/wp-content\/uploads\/logo-catavins-loliferrer-2018.png\",\"contentUrl\":\"https:\/\/www.loliferrer.com\/wp-content\/uploads\/logo-catavins-loliferrer-2018.png\",\"width\":302,\"height\":123,\"caption\":\"L'oli Ferrer\"},\"image\":{\"@id\":\"https:\/\/www.loliferrer.com\/ca\/#\/schema\/logo\/image\/\"}}]}<\/script>\n<!-- \/ Yoast SEO plugin. -->","yoast_head_json":{"title":"Condicions de Compra | L'Oli Ferrer","description":"Condicions de Compra de L'Oli Ferrer","robots":{"index":"noindex","follow":"nofollow"},"og_locale":"ca_ES","og_type":"article","og_title":"Condicions de Compra | L'Oli Ferrer","og_description":"Condicions de Compra de L'Oli Ferrer","og_url":"https:\/\/www.loliferrer.com\/ca\/condicions-de-compra\/","og_site_name":"L'Oli Ferrer","article_modified_time":"2019-10-16T07:05:14+00:00","twitter_card":"summary_large_image","twitter_misc":{"Temps estimat de lectura":"7 minuts"},"schema":{"@context":"https:\/\/schema.org","@graph":[{"@type":"WebPage","@id":"https:\/\/www.loliferrer.com\/ca\/condicions-de-compra\/","url":"https:\/\/www.loliferrer.com\/ca\/condicions-de-compra\/","name":"Condicions de Compra | L'Oli Ferrer","isPartOf":{"@id":"https:\/\/www.loliferrer.com\/ca\/#website"},"datePublished":"2015-12-14T15:05:02+00:00","dateModified":"2019-10-16T07:05:14+00:00","description":"Condicions de Compra de L'Oli Ferrer","breadcrumb":{"@id":"https:\/\/www.loliferrer.com\/ca\/condicions-de-compra\/#breadcrumb"},"inLanguage":"ca","potentialAction":[{"@type":"ReadAction","target":["https:\/\/www.loliferrer.com\/ca\/condicions-de-compra\/"]}]},{"@type":"BreadcrumbList","@id":"https:\/\/www.loliferrer.com\/ca\/condicions-de-compra\/#breadcrumb","itemListElement":[{"@type":"ListItem","position":1,"name":"Portada","item":"https:\/\/www.loliferrer.com\/ca\/"},{"@type":"ListItem","position":2,"name":"Condicions de compra"}]},{"@type":"WebSite","@id":"https:\/\/www.loliferrer.com\/ca\/#website","url":"https:\/\/www.loliferrer.com\/ca\/","name":"L'Oli Ferrer","description":"Tienda Online de Productos Gourmet","publisher":{"@id":"https:\/\/www.loliferrer.com\/ca\/#organization"},"potentialAction":[{"@type":"SearchAction","target":{"@type":"EntryPoint","urlTemplate":"https:\/\/www.loliferrer.com\/ca\/?s={search_term_string}"},"query-input":"required name=search_term_string"}],"inLanguage":"ca"},{"@type":"Organization","@id":"https:\/\/www.loliferrer.com\/ca\/#organization","name":"L'oli Ferrer","url":"https:\/\/www.loliferrer.com\/ca\/","logo":{"@type":"ImageObject","inLanguage":"ca","@id":"https:\/\/www.loliferrer.com\/ca\/#\/schema\/logo\/image\/","url":"https:\/\/www.loliferrer.com\/wp-content\/uploads\/logo-catavins-loliferrer-2018.png","contentUrl":"https:\/\/www.loliferrer.com\/wp-content\/uploads\/logo-catavins-loliferrer-2018.png","width":302,"height":123,"caption":"L'oli Ferrer"},"image":{"@id":"https:\/\/www.loliferrer.com\/ca\/#\/schema\/logo\/image\/"}}]}},"_links":{"self":[{"href":"https:\/\/www.loliferrer.com\/ca\/wp-json\/wp\/v2\/pages\/1176"}],"collection":[{"href":"https:\/\/www.loliferrer.com\/ca\/wp-json\/wp\/v2\/pages"}],"about":[{"href":"https:\/\/www.loliferrer.com\/ca\/wp-json\/wp\/v2\/types\/page"}],"author":[{"embeddable":true,"href":"https:\/\/www.loliferrer.com\/ca\/wp-json\/wp\/v2\/users\/1"}],"replies":[{"embeddable":true,"href":"https:\/\/www.loliferrer.com\/ca\/wp-json\/wp\/v2\/comments?post=1176"}],"version-history":[{"count":0,"href":"https:\/\/www.loliferrer.com\/ca\/wp-json\/wp\/v2\/pages\/1176\/revisions"}],"wp:attachment":[{"href":"https:\/\/www.loliferrer.com\/ca\/wp-json\/wp\/v2\/media?parent=1176"}],"curies":[{"name":"wp","href":"https:\/\/api.w.org\/{rel}","templated":true}]}}