{"id":1112,"date":"2015-12-07T21:15:57","date_gmt":"2015-12-07T20:15:57","guid":{"rendered":"https:\/\/www.loliferrer.com\/ca\/politica-de-privacidad\/"},"modified":"2019-10-16T09:08:31","modified_gmt":"2019-10-16T07:08:31","slug":"politica-de-privacidad","status":"publish","type":"page","link":"https:\/\/www.loliferrer.com\/ca\/politica-de-privacidad\/","title":{"rendered":"Pol\u00edtica de Privacidad"},"content":{"rendered":"<div class=\"row\"  id=\"row-1132587833\">\n\n\t<div id=\"col-1119640329\" class=\"col medium-1\/1 large-12\"  >\n\t\t<div class=\"col-inner\"  >\n\t\t\t\n\t\t\t\n<p>1. ACEPTACI\u00d3N DE LOS T\u00c9RMINOS DE USO<\/p>\n<p>La utilizaci\u00f3n del sitio web www.loliferrer.com, propiedad de FERRER &amp; DOMINGO BARCELONA COMPANY, as\u00ed como todos los subdominios y directorios inclu\u00eddos bajo la misma y los servicios o contenidos que a trav\u00e9s de \u00e9l se puedan obtener, es absolutamente voluntaria y supone la aceptaci\u00f3n plena por quien accede al mismo, en adelante el Usuario, de todas las Condiciones Generales de Uso vigentes en cada momento\u00a0 que se encuentren en la presente direcci\u00f3n, por lo cual el Usuario deber\u00e1 leer detenidamente y aceptar sin ning\u00fan tipo de reservas el presente aviso legal antes de realizar cualquier tipo de operaci\u00f3n, visionado, utilizaci\u00f3n, etc. con estos sitios web.<\/p>\n<p>El Usuario se compromete a no utilizar los sitios web o sus servicios y contenidos de forma contraria a lo dispuesto por la legislaci\u00f3n vigente. FERRER &amp; DOMINGO BARCELONA COMPANY se reserva el derecho a retirar el acceso a la presente p\u00e1gina web, sin necesidad de previo aviso, a cualquier Usuario que contravenga lo dispuesto en estas Condiciones Generales de Uso.<\/p>\n<p>FERRER &amp; DOMINGO BARCELONA COMPANY se reserva el derecho de modificar en cualquier momento las presentes Condiciones Generales de Uso as\u00ed como cualesquiera otras condiciones generales o particulares, reglamentos de uso o avisos que resulten de aplicaci\u00f3n. As\u00ed mismo se reserva el derecho a modificar en cualquier momento la presentaci\u00f3n, configuraci\u00f3n y localizaci\u00f3n del Sitio Web, as\u00ed como los contenidos y las condiciones requeridas para utilizar los mismos.<\/p>\n<p>2. OBJETO<\/p>\n<p>FERRER &amp; DOMINGO BARCELONA COMPANY, proporciona informaci\u00f3n clara y gratuita a los Usuarios sobre los productos y servicios que proporciona a sus clientes y sus caracter\u00edsticas e informaci\u00f3n sobre la propia entidad.<\/p>\n<p>En www.loliferrer.com podr\u00edan realizarse enlaces a otras p\u00e1ginas, las cuales no son gestionadas por FERRER &amp; DOMINGO BARCELONA COMPANY dichos enlaces provienen de otras fuentes de informaci\u00f3n, no suponiendo su inclusi\u00f3n recomendaci\u00f3n, invitaci\u00f3n o sugerencia para la visita de las p\u00e1ginas de destino y por lo tanto FERRER &amp; DOMINGO BARCELONA COMPANY declina toda responsabilidad que pudiese surgir al acceder a las p\u00e1ginas de terceros.<\/p>\n<p>3. PROPIEDAD INTELECTUAL E INDUSTRIAL<\/p>\n<p>El Usuario reconoce y acepta que todos los derechos de propiedad industrial e intelectual sobre los contenidos y cualesquiera otros elementos insertados en el Sitio Web pertenecen a FERRER &amp; DOMINGO BARCELONA COMPANY o sus licenciantes, salvo en lo mencionado en el apartado anterior referente a hiperv\u00ednculos.<\/p>\n<p>FERRER &amp; DOMINGO BARCELONA COMPANY es titular de los elementos que integran el dise\u00f1o gr\u00e1fico de su p\u00e1gina web, los men\u00fas, botones de navegaci\u00f3n, el c\u00f3digo HTML, los textos, im\u00e1genes, texturas, gr\u00e1ficos y cualquier otro contenido de la p\u00e1gina web o, en cualquier caso, dispone de la correspondiente autorizaci\u00f3n para la utilizaci\u00f3n de dichos elementos.<\/p>\n<p>Por lo tanto, el Usuario s\u00f3lo est\u00e1 autorizado a visualizar todo el material y contenido de esta p\u00e1gina tal y como se presenta y a descargar en una sola computadora una copia del material para su uso personal y privado, nunca con prop\u00f3sitos comerciales, siempre que el Usuario cumpla con todas las normativas de propiedad industrial e intelectual.<\/p>\n<p>As\u00ed mismo queda prohibido suprimir, eludir o manipular el &#8220;copyright&#8221; y dem\u00e1s datos identificativos de los derechos de www.loliferrer.com, as\u00ed como los dispositivos t\u00e9cnicos de protecci\u00f3n, o cualquier mecanismo de informaci\u00f3n que pudieran contener los contenidos.<\/p>\n<p>FERRER &amp; DOMINGO BARCELONA COMPANY autoriza el establecimiento de enlaces entre otras webs y la suya, siempre que se respeten las siguientes condiciones:<br \/>\n-que el enlace no se establezca desde una web cuyos contenidos resulten contrarios a la Ley, a la moral y al orden p\u00fablico,<br \/>\n-que no se ofrezca una imagen de FERRER &amp; DOMINGO BARCELONA COMPANY o de sus productos que resulte distorsionada, perjudicial, o equivocada,<br \/>\n-que no se cree la impresi\u00f3n de que concurre una inexistente relaci\u00f3n o vinculaci\u00f3n comercial entre FERRER &amp; DOMINGO BARCELONA COMPANY y los titulares, responsables o anunciantes desde la que se crea el enlace, cuando \u00e9ste no\u00a0 sea el caso. ,?-que no se cree la impresi\u00f3n de que los contenidos o web de FERRER &amp; DOMINGO BARCELONA COMPANY pertenecen o han sido dise\u00f1ados por los titulares, responsables o anunciantes en la web desde la que se establece el enlace.<\/p>\n<p>4. USO DEL SERVICIO Y RESPONSABILIDADES<\/p>\n<p>Las condiciones de acceso y uso de la presente p\u00e1gina web se rigen estrictamente por la legalidad vigente y por el principio de buena fe comprometi\u00e9ndose el Usuario a realizar un buen uso de la web y de los servicios que se ofrecen.<\/p>\n<p>Quedan prohibidos todos los actos que vulneren la legalidad, derechos o intereses de terceros, prohibi\u00e9ndose expresamente:<\/p>\n<p>Realizar actuaciones que puedan producir en la web o a trav\u00e9s de la misma y por cualquier medio alg\u00fan tipo de da\u00f1o a los sistemas de FERRER &amp; DOMINGO BARCELONA COMPANY o a terceros.<\/p>\n<p>Realizar publicidad o informaci\u00f3n comercial directamente o de forma encubierta, spam (env\u00edo de correos masivos) o el env\u00edo de grandes mensajes con el fin de bloquear los servidores de la red.<br \/>\nFERRER &amp; DOMINGO BARCELONA COMPANY no puede asumir ninguna responsabilidad derivada del uso incorrecto, inapropiado o il\u00edcito de la informaci\u00f3n aparecida en las p\u00e1ginas de Internet de FERRER &amp; DOMINGO BARCELONA COMPANY<\/p>\n<p>5. CONDICIONES LEGALES DE INFORMACI\u00d3N GENERAL<br \/>\nFERRER &amp; DOMINGO BARCELONA COMPANY en cumplimiento con lo dispuesto en el art 10 de Ley 34\/2002 de Servicios de la Sociedad de la Informaci\u00f3n y de Comercio Electr\u00f3nico, a trav\u00e9s de su p\u00e1gina Web proporciona el acceso, por medios electr\u00f3nicos, de forma permanente, f\u00e1cil, directa y gratuita, a la informaci\u00f3n relativa a la direcci\u00f3n de comunicaciones.<br \/>\nE-mail de contacto: info@loliferrer.com<\/p>\n<p>6. POL\u00cdTICA EN PROTECCI\u00d3N DE DATOS<\/p>\n<p>FERRER &amp; DOMINGO BARCELONA COMPANY cumple con la normativa vigente establecida en la Ley 15\/1999 de Protecci\u00f3n de datos de car\u00e1cter personal, LOPD, y dem\u00e1s legislaci\u00f3n que la desarrolla.<\/p>\n<p>Con car\u00e1cter previo, se pone de manifiesto que para el acceso a determinada informaci\u00f3n y contenido, el Usuario deber\u00e1 previamente darse de alta como tal, debiendo aceptar en la forma establecida en el mismo, de acuerdo con la\u00a0 LOPD, el tratamiento de sus datos personales, para poder ser incorporado a nuestro fichero.<\/p>\n<p>FERRER &amp; DOMINGO BARCELONA COMPANY se compromete a cancelar los datos personales cuando hayan dejado de ser necesarios o pertinentes para la finalidad para la cual fueron recogidos a trav\u00e9s del formulario habilitado a tal efecto y a atender a las peticiones de informaci\u00f3n solicitadas por el Usuario, siendo el responsable del tratamiento FERRER &amp; DOMINGO BARCELONA COMPANY<\/p>\n<p>De otra parte se informa a los Usuarios del uso de cookies para obtener informaci\u00f3n y realizar an\u00e1lisis estad\u00edsticos sobre el uso de nuestro sitio web. Las cookies que utiliza FERRER &amp; DOMINGO BARCELONA COMPANY son an\u00f3nimas y no se refieren a los datos personales del Usuario ni se puede acceder a trav\u00e9s de las mismas a datos del disco duro del Usuario. La identidad del Usuario nunca es insertada directamente en la cookie y por tanto no se le puede identificar.<\/p>\n<p>El protocolo utilizado se trata de un protocolo sin estado, lo que significa que se carece de medios para relacionar la informaci\u00f3n concerniente a una petici\u00f3n con otra petici\u00f3n anterior o posterior. Este protocolo no conoce a la persona a quien est\u00e1 enviando una p\u00e1gina ni cu\u00e1ntas p\u00e1ginas le haya podido enviar, incluso aunque nos hayamos conectado escasamente algunos segundos antes, ya que cada petici\u00f3n de la p\u00e1gina se procesa independientemente.<\/p>\n<p>7. EXCLUSI\u00d3N DE RESPONSABILIDAD<\/p>\n<p>FERRER &amp; DOMINGO BARCELONA COMPANY declina toda responsabilidad en caso de que el acceso o las visitas a su web se vieran imposibilitadas o dificultadas debido a una interrupci\u00f3n o defectuosa prestaci\u00f3n del suministro el\u00e9ctrico, telef\u00f3nico o de otros proveedores de telecomunicaciones ajenos a FERRER &amp; DOMINGO BARCELONA COMPANY, o en el caso de producirse conflictos sociales u otros supuestos de fuerza mayor, o cualquier actuaci\u00f3n de un tercero, incluidos los requerimientos u \u00f3rdenes administrativas o judiciales, sabotajes o saturaciones, intencionadas o no.<\/p>\n<p>Se declina igualmente toda responsabilidad derivada de los da\u00f1os y perjuicios que pudiera sufrir el visitante en sus medios inform\u00e1ticos o telem\u00e1ticos a consecuencia de la producci\u00f3n de cualquiera de las circunstancias anteriormente expuestas.<\/p>\n<p>FERRER &amp; DOMINGO BARCELONA COMPANY no garantiza la disponibilidad y continuidad del Sitio Web ni se hace responsable de cualesquiera da\u00f1os y perjuicios producidos o que puedan producirse en el futuro, ni de los defectos t\u00e9cnicos, cualquiera que sea su naturaleza, que se deriven del uso de la informaci\u00f3n y de las materias contenidas en el Web www.loliferrer.com.<\/p>\n<p>Con los l\u00edmites establecidos en la Ley, FERRER &amp; DOMINGO BARCELONA COMPANY no asume ninguna responsabilidad derivada de la falta de actualizaci\u00f3n y precisi\u00f3n de los datos o informaciones que se contienen en sus p\u00e1ginas de Internet.<\/p>\n\t\t<\/div>\n\t\t\t<\/div>\n\n\t\n<\/div>\n<p>&nbsp;<\/p>\n","protected":false},"excerpt":{"rendered":"<p>&nbsp;<\/p>\n","protected":false},"author":1,"featured_media":0,"parent":0,"menu_order":0,"comment_status":"closed","ping_status":"closed","template":"","meta":{"footnotes":""},"class_list":["post-1112","page","type-page","status-publish","hentry"],"yoast_head":"<!-- This site is optimized with the Yoast SEO plugin v23.1 - https:\/\/yoast.com\/wordpress\/plugins\/seo\/ -->\n<title>Pol\u00edtica de privacidad | L&#039;Oli Ferrer<\/title>\n<meta name=\"description\" content=\"Pol\u00edtica de Privacitat.\" \/>\n<meta name=\"robots\" content=\"noindex, nofollow\" \/>\n<meta property=\"og:locale\" content=\"ca_ES\" \/>\n<meta property=\"og:type\" content=\"article\" \/>\n<meta property=\"og:title\" content=\"Pol\u00edtica de privacidad | L&#039;Oli Ferrer\" \/>\n<meta property=\"og:description\" content=\"Pol\u00edtica de Privacitat.\" \/>\n<meta property=\"og:url\" content=\"https:\/\/www.loliferrer.com\/ca\/politica-de-privacidad\/\" \/>\n<meta property=\"og:site_name\" content=\"L&#039;Oli Ferrer\" \/>\n<meta property=\"article:modified_time\" content=\"2019-10-16T07:08:31+00:00\" \/>\n<meta name=\"twitter:card\" content=\"summary_large_image\" \/>\n<meta name=\"twitter:label1\" content=\"Temps estimat de lectura\" \/>\n\t<meta name=\"twitter:data1\" content=\"8 minuts\" \/>\n<script type=\"application\/ld+json\" class=\"yoast-schema-graph\">{\"@context\":\"https:\/\/schema.org\",\"@graph\":[{\"@type\":\"WebPage\",\"@id\":\"https:\/\/www.loliferrer.com\/ca\/politica-de-privacidad\/\",\"url\":\"https:\/\/www.loliferrer.com\/ca\/politica-de-privacidad\/\",\"name\":\"Pol\u00edtica de privacidad | L'Oli Ferrer\",\"isPartOf\":{\"@id\":\"https:\/\/www.loliferrer.com\/ca\/#website\"},\"datePublished\":\"2015-12-07T20:15:57+00:00\",\"dateModified\":\"2019-10-16T07:08:31+00:00\",\"description\":\"Pol\u00edtica de Privacitat.\",\"breadcrumb\":{\"@id\":\"https:\/\/www.loliferrer.com\/ca\/politica-de-privacidad\/#breadcrumb\"},\"inLanguage\":\"ca\",\"potentialAction\":[{\"@type\":\"ReadAction\",\"target\":[\"https:\/\/www.loliferrer.com\/ca\/politica-de-privacidad\/\"]}]},{\"@type\":\"BreadcrumbList\",\"@id\":\"https:\/\/www.loliferrer.com\/ca\/politica-de-privacidad\/#breadcrumb\",\"itemListElement\":[{\"@type\":\"ListItem\",\"position\":1,\"name\":\"Portada\",\"item\":\"https:\/\/www.loliferrer.com\/ca\/\"},{\"@type\":\"ListItem\",\"position\":2,\"name\":\"Pol\u00edtica de Privacidad\"}]},{\"@type\":\"WebSite\",\"@id\":\"https:\/\/www.loliferrer.com\/ca\/#website\",\"url\":\"https:\/\/www.loliferrer.com\/ca\/\",\"name\":\"L'Oli Ferrer\",\"description\":\"Tienda Online de Productos Gourmet\",\"publisher\":{\"@id\":\"https:\/\/www.loliferrer.com\/ca\/#organization\"},\"potentialAction\":[{\"@type\":\"SearchAction\",\"target\":{\"@type\":\"EntryPoint\",\"urlTemplate\":\"https:\/\/www.loliferrer.com\/ca\/?s={search_term_string}\"},\"query-input\":\"required name=search_term_string\"}],\"inLanguage\":\"ca\"},{\"@type\":\"Organization\",\"@id\":\"https:\/\/www.loliferrer.com\/ca\/#organization\",\"name\":\"L'oli Ferrer\",\"url\":\"https:\/\/www.loliferrer.com\/ca\/\",\"logo\":{\"@type\":\"ImageObject\",\"inLanguage\":\"ca\",\"@id\":\"https:\/\/www.loliferrer.com\/ca\/#\/schema\/logo\/image\/\",\"url\":\"https:\/\/www.loliferrer.com\/wp-content\/uploads\/logo-catavins-loliferrer-2018.png\",\"contentUrl\":\"https:\/\/www.loliferrer.com\/wp-content\/uploads\/logo-catavins-loliferrer-2018.png\",\"width\":302,\"height\":123,\"caption\":\"L'oli Ferrer\"},\"image\":{\"@id\":\"https:\/\/www.loliferrer.com\/ca\/#\/schema\/logo\/image\/\"}}]}<\/script>\n<!-- \/ Yoast SEO plugin. -->","yoast_head_json":{"title":"Pol\u00edtica de privacidad | L'Oli Ferrer","description":"Pol\u00edtica de Privacitat.","robots":{"index":"noindex","follow":"nofollow"},"og_locale":"ca_ES","og_type":"article","og_title":"Pol\u00edtica de privacidad | L'Oli Ferrer","og_description":"Pol\u00edtica de Privacitat.","og_url":"https:\/\/www.loliferrer.com\/ca\/politica-de-privacidad\/","og_site_name":"L'Oli Ferrer","article_modified_time":"2019-10-16T07:08:31+00:00","twitter_card":"summary_large_image","twitter_misc":{"Temps estimat de lectura":"8 minuts"},"schema":{"@context":"https:\/\/schema.org","@graph":[{"@type":"WebPage","@id":"https:\/\/www.loliferrer.com\/ca\/politica-de-privacidad\/","url":"https:\/\/www.loliferrer.com\/ca\/politica-de-privacidad\/","name":"Pol\u00edtica de privacidad | L'Oli Ferrer","isPartOf":{"@id":"https:\/\/www.loliferrer.com\/ca\/#website"},"datePublished":"2015-12-07T20:15:57+00:00","dateModified":"2019-10-16T07:08:31+00:00","description":"Pol\u00edtica de Privacitat.","breadcrumb":{"@id":"https:\/\/www.loliferrer.com\/ca\/politica-de-privacidad\/#breadcrumb"},"inLanguage":"ca","potentialAction":[{"@type":"ReadAction","target":["https:\/\/www.loliferrer.com\/ca\/politica-de-privacidad\/"]}]},{"@type":"BreadcrumbList","@id":"https:\/\/www.loliferrer.com\/ca\/politica-de-privacidad\/#breadcrumb","itemListElement":[{"@type":"ListItem","position":1,"name":"Portada","item":"https:\/\/www.loliferrer.com\/ca\/"},{"@type":"ListItem","position":2,"name":"Pol\u00edtica de Privacidad"}]},{"@type":"WebSite","@id":"https:\/\/www.loliferrer.com\/ca\/#website","url":"https:\/\/www.loliferrer.com\/ca\/","name":"L'Oli Ferrer","description":"Tienda Online de Productos Gourmet","publisher":{"@id":"https:\/\/www.loliferrer.com\/ca\/#organization"},"potentialAction":[{"@type":"SearchAction","target":{"@type":"EntryPoint","urlTemplate":"https:\/\/www.loliferrer.com\/ca\/?s={search_term_string}"},"query-input":"required name=search_term_string"}],"inLanguage":"ca"},{"@type":"Organization","@id":"https:\/\/www.loliferrer.com\/ca\/#organization","name":"L'oli Ferrer","url":"https:\/\/www.loliferrer.com\/ca\/","logo":{"@type":"ImageObject","inLanguage":"ca","@id":"https:\/\/www.loliferrer.com\/ca\/#\/schema\/logo\/image\/","url":"https:\/\/www.loliferrer.com\/wp-content\/uploads\/logo-catavins-loliferrer-2018.png","contentUrl":"https:\/\/www.loliferrer.com\/wp-content\/uploads\/logo-catavins-loliferrer-2018.png","width":302,"height":123,"caption":"L'oli Ferrer"},"image":{"@id":"https:\/\/www.loliferrer.com\/ca\/#\/schema\/logo\/image\/"}}]}},"_links":{"self":[{"href":"https:\/\/www.loliferrer.com\/ca\/wp-json\/wp\/v2\/pages\/1112"}],"collection":[{"href":"https:\/\/www.loliferrer.com\/ca\/wp-json\/wp\/v2\/pages"}],"about":[{"href":"https:\/\/www.loliferrer.com\/ca\/wp-json\/wp\/v2\/types\/page"}],"author":[{"embeddable":true,"href":"https:\/\/www.loliferrer.com\/ca\/wp-json\/wp\/v2\/users\/1"}],"replies":[{"embeddable":true,"href":"https:\/\/www.loliferrer.com\/ca\/wp-json\/wp\/v2\/comments?post=1112"}],"version-history":[{"count":0,"href":"https:\/\/www.loliferrer.com\/ca\/wp-json\/wp\/v2\/pages\/1112\/revisions"}],"wp:attachment":[{"href":"https:\/\/www.loliferrer.com\/ca\/wp-json\/wp\/v2\/media?parent=1112"}],"curies":[{"name":"wp","href":"https:\/\/api.w.org\/{rel}","templated":true}]}}