{"id":1108,"date":"2015-12-07T20:56:15","date_gmt":"2015-12-07T19:56:15","guid":{"rendered":"https:\/\/www.loliferrer.com\/ca\/aviso-legal\/"},"modified":"2018-12-04T10:03:17","modified_gmt":"2018-12-04T09:03:17","slug":"avis-legal","status":"publish","type":"page","link":"https:\/\/www.loliferrer.com\/ca\/avis-legal\/","title":{"rendered":"Avis Legal"},"content":{"rendered":"<div class=\"row\"  id=\"row-2080472629\">\n\n\t<div id=\"col-1987559677\" class=\"col medium-1\/1 large-12\"  >\n\t\t<div class=\"col-inner\"  >\n\t\t\t\n\t\t\t\n<p>Posem en el seu coneixement que les dades de car\u00e0cter personal facilitats per vost\u00e8 per mitj\u00e0 del present formulari, seran incorporats a un Fitxer automatitzat, el responsable del qual \u00e9s FERRER &amp; DOMINGO BARCELONA COMPANY amb\u00a0NIF: B66836271 amb adre\u00e7a a C\/Roses 95, 08980 Sant Feliu de Llobregat (Barcelona) a fi de proporcionar-li una efica\u00e7 gesti\u00f3 a la seva sol\u00b7licitud i facilitar-li informaci\u00f3 sobre els productes i serveis que comercialitza.<\/p>\n<p>Els destinataris de la informaci\u00f3 s\u00f3n els departaments en els quals s&#8217;organitza l&#8217;empresa, aix\u00ed com aquelles entitats amb les quals mantingui acords de col\u00b7laboraci\u00f3. Aquestes comunicacions estaran regulades pels preceptius Contractes de Prestaci\u00f3 de Serveis, de manera que es garanteixi, a tot moment, la confidencialitat de la informaci\u00f3.<\/p>\n<p>En cas de voler exercir els drets que la Llei Org\u00e0nica 15\/1.999 de Protecci\u00f3 de Dades Personal, de 13 de desembre li atorga, d&#8217;oposici\u00f3, acc\u00e9s, rectificaci\u00f3 i cancel\u00b7laci\u00f3 pot dirigir-se per escrit a: FERRER &amp; DOMINGO BARCELONA COMPANY, correu electr\u00f2nic info@loliferrer.com.<\/p>\n<p>D&#8217;altra banda, li convidem a consultar la r\u00fabrica Aviso legal, continguda a la nostra p\u00e0gina, a fi de prestar un consentiment informat al tractament de les seves dades aix\u00ed mateix en mat\u00e8ria de cookies, continguda a l&#8217;apartat 6. POL\u00cdTICA EN PROTECCI\u00d3 DE DADES<\/p>\n<p>Amb l&#8217;acceptaci\u00f3 de l&#8217;enviament de les dades, autoritza a FERRER &amp; DOMINGO BARCELONA COMPANY perqu\u00e8, en compliment de les finalitats directament relacionades amb les funcions leg\u00edtimes del cessionari, tracti les dades de car\u00e0cter personal en l&#8217;\u00e0mbit de la instituci\u00f3, els seus departaments, ens col\u00b7laboradors i institucions annexes, aix\u00ed com la cessi\u00f3 als estaments oficials p\u00fablics i privats oportuns per a l&#8217;acompliment de les seves atribucions, d&#8217;acord amb el que es disposa en la Llei 15\/1.999, de 13 de desembre.<\/p>\n\t\t<\/div>\n\t\t\t<\/div>\n\n\t\n<\/div>\n","protected":false},"excerpt":{"rendered":"","protected":false},"author":1,"featured_media":0,"parent":0,"menu_order":0,"comment_status":"closed","ping_status":"closed","template":"","meta":{"footnotes":""},"class_list":["post-1108","page","type-page","status-publish","hentry"],"yoast_head":"<!-- This site is optimized with the Yoast SEO plugin v23.1 - https:\/\/yoast.com\/wordpress\/plugins\/seo\/ -->\n<title>Av\u00eds Legal | L&#039;Oli Ferrer<\/title>\n<meta name=\"description\" content=\"Av\u00eds Legal.\" \/>\n<meta name=\"robots\" content=\"noindex, nofollow\" \/>\n<meta property=\"og:locale\" content=\"ca_ES\" \/>\n<meta property=\"og:type\" content=\"article\" \/>\n<meta property=\"og:title\" content=\"Av\u00eds Legal | L&#039;Oli Ferrer\" \/>\n<meta property=\"og:description\" content=\"Av\u00eds Legal.\" \/>\n<meta property=\"og:url\" content=\"https:\/\/www.loliferrer.com\/ca\/avis-legal\/\" \/>\n<meta property=\"og:site_name\" content=\"L&#039;Oli Ferrer\" \/>\n<meta property=\"article:modified_time\" content=\"2018-12-04T09:03:17+00:00\" \/>\n<meta name=\"twitter:card\" content=\"summary_large_image\" \/>\n<meta name=\"twitter:label1\" content=\"Temps estimat de lectura\" \/>\n\t<meta name=\"twitter:data1\" content=\"2 minuts\" \/>\n<script type=\"application\/ld+json\" class=\"yoast-schema-graph\">{\"@context\":\"https:\/\/schema.org\",\"@graph\":[{\"@type\":\"WebPage\",\"@id\":\"https:\/\/www.loliferrer.com\/ca\/avis-legal\/\",\"url\":\"https:\/\/www.loliferrer.com\/ca\/avis-legal\/\",\"name\":\"Av\u00eds Legal | L'Oli Ferrer\",\"isPartOf\":{\"@id\":\"https:\/\/www.loliferrer.com\/ca\/#website\"},\"datePublished\":\"2015-12-07T19:56:15+00:00\",\"dateModified\":\"2018-12-04T09:03:17+00:00\",\"description\":\"Av\u00eds Legal.\",\"breadcrumb\":{\"@id\":\"https:\/\/www.loliferrer.com\/ca\/avis-legal\/#breadcrumb\"},\"inLanguage\":\"ca\",\"potentialAction\":[{\"@type\":\"ReadAction\",\"target\":[\"https:\/\/www.loliferrer.com\/ca\/avis-legal\/\"]}]},{\"@type\":\"BreadcrumbList\",\"@id\":\"https:\/\/www.loliferrer.com\/ca\/avis-legal\/#breadcrumb\",\"itemListElement\":[{\"@type\":\"ListItem\",\"position\":1,\"name\":\"Portada\",\"item\":\"https:\/\/www.loliferrer.com\/ca\/\"},{\"@type\":\"ListItem\",\"position\":2,\"name\":\"Avis Legal\"}]},{\"@type\":\"WebSite\",\"@id\":\"https:\/\/www.loliferrer.com\/ca\/#website\",\"url\":\"https:\/\/www.loliferrer.com\/ca\/\",\"name\":\"L'Oli Ferrer\",\"description\":\"Tienda Online de Productos Gourmet\",\"publisher\":{\"@id\":\"https:\/\/www.loliferrer.com\/ca\/#organization\"},\"potentialAction\":[{\"@type\":\"SearchAction\",\"target\":{\"@type\":\"EntryPoint\",\"urlTemplate\":\"https:\/\/www.loliferrer.com\/ca\/?s={search_term_string}\"},\"query-input\":\"required name=search_term_string\"}],\"inLanguage\":\"ca\"},{\"@type\":\"Organization\",\"@id\":\"https:\/\/www.loliferrer.com\/ca\/#organization\",\"name\":\"L'oli Ferrer\",\"url\":\"https:\/\/www.loliferrer.com\/ca\/\",\"logo\":{\"@type\":\"ImageObject\",\"inLanguage\":\"ca\",\"@id\":\"https:\/\/www.loliferrer.com\/ca\/#\/schema\/logo\/image\/\",\"url\":\"https:\/\/www.loliferrer.com\/wp-content\/uploads\/logo-catavins-loliferrer-2018.png\",\"contentUrl\":\"https:\/\/www.loliferrer.com\/wp-content\/uploads\/logo-catavins-loliferrer-2018.png\",\"width\":302,\"height\":123,\"caption\":\"L'oli Ferrer\"},\"image\":{\"@id\":\"https:\/\/www.loliferrer.com\/ca\/#\/schema\/logo\/image\/\"}}]}<\/script>\n<!-- \/ Yoast SEO plugin. -->","yoast_head_json":{"title":"Av\u00eds Legal | L'Oli Ferrer","description":"Av\u00eds Legal.","robots":{"index":"noindex","follow":"nofollow"},"og_locale":"ca_ES","og_type":"article","og_title":"Av\u00eds Legal | L'Oli Ferrer","og_description":"Av\u00eds Legal.","og_url":"https:\/\/www.loliferrer.com\/ca\/avis-legal\/","og_site_name":"L'Oli Ferrer","article_modified_time":"2018-12-04T09:03:17+00:00","twitter_card":"summary_large_image","twitter_misc":{"Temps estimat de lectura":"2 minuts"},"schema":{"@context":"https:\/\/schema.org","@graph":[{"@type":"WebPage","@id":"https:\/\/www.loliferrer.com\/ca\/avis-legal\/","url":"https:\/\/www.loliferrer.com\/ca\/avis-legal\/","name":"Av\u00eds Legal | L'Oli Ferrer","isPartOf":{"@id":"https:\/\/www.loliferrer.com\/ca\/#website"},"datePublished":"2015-12-07T19:56:15+00:00","dateModified":"2018-12-04T09:03:17+00:00","description":"Av\u00eds Legal.","breadcrumb":{"@id":"https:\/\/www.loliferrer.com\/ca\/avis-legal\/#breadcrumb"},"inLanguage":"ca","potentialAction":[{"@type":"ReadAction","target":["https:\/\/www.loliferrer.com\/ca\/avis-legal\/"]}]},{"@type":"BreadcrumbList","@id":"https:\/\/www.loliferrer.com\/ca\/avis-legal\/#breadcrumb","itemListElement":[{"@type":"ListItem","position":1,"name":"Portada","item":"https:\/\/www.loliferrer.com\/ca\/"},{"@type":"ListItem","position":2,"name":"Avis Legal"}]},{"@type":"WebSite","@id":"https:\/\/www.loliferrer.com\/ca\/#website","url":"https:\/\/www.loliferrer.com\/ca\/","name":"L'Oli Ferrer","description":"Tienda Online de Productos Gourmet","publisher":{"@id":"https:\/\/www.loliferrer.com\/ca\/#organization"},"potentialAction":[{"@type":"SearchAction","target":{"@type":"EntryPoint","urlTemplate":"https:\/\/www.loliferrer.com\/ca\/?s={search_term_string}"},"query-input":"required name=search_term_string"}],"inLanguage":"ca"},{"@type":"Organization","@id":"https:\/\/www.loliferrer.com\/ca\/#organization","name":"L'oli Ferrer","url":"https:\/\/www.loliferrer.com\/ca\/","logo":{"@type":"ImageObject","inLanguage":"ca","@id":"https:\/\/www.loliferrer.com\/ca\/#\/schema\/logo\/image\/","url":"https:\/\/www.loliferrer.com\/wp-content\/uploads\/logo-catavins-loliferrer-2018.png","contentUrl":"https:\/\/www.loliferrer.com\/wp-content\/uploads\/logo-catavins-loliferrer-2018.png","width":302,"height":123,"caption":"L'oli Ferrer"},"image":{"@id":"https:\/\/www.loliferrer.com\/ca\/#\/schema\/logo\/image\/"}}]}},"_links":{"self":[{"href":"https:\/\/www.loliferrer.com\/ca\/wp-json\/wp\/v2\/pages\/1108"}],"collection":[{"href":"https:\/\/www.loliferrer.com\/ca\/wp-json\/wp\/v2\/pages"}],"about":[{"href":"https:\/\/www.loliferrer.com\/ca\/wp-json\/wp\/v2\/types\/page"}],"author":[{"embeddable":true,"href":"https:\/\/www.loliferrer.com\/ca\/wp-json\/wp\/v2\/users\/1"}],"replies":[{"embeddable":true,"href":"https:\/\/www.loliferrer.com\/ca\/wp-json\/wp\/v2\/comments?post=1108"}],"version-history":[{"count":0,"href":"https:\/\/www.loliferrer.com\/ca\/wp-json\/wp\/v2\/pages\/1108\/revisions"}],"wp:attachment":[{"href":"https:\/\/www.loliferrer.com\/ca\/wp-json\/wp\/v2\/media?parent=1108"}],"curies":[{"name":"wp","href":"https:\/\/api.w.org\/{rel}","templated":true}]}}